{"id":9407,"date":"2018-01-12T17:38:51","date_gmt":"2018-01-12T16:38:51","guid":{"rendered":"https:\/\/www.esi.it\/it\/?page_id=9407"},"modified":"2026-03-31T12:24:01","modified_gmt":"2026-03-31T10:24:01","slug":"dicono-di-noi","status":"publish","type":"page","link":"https:\/\/www.esi.it\/it\/dicono-di-noi\/","title":{"rendered":"Dicono di noi"},"content":{"rendered":"<p class=\"desc-dicono-noi\">I nostri utenti amano i nostri prodotti e lo testimoniano ogni giorno attraverso i loro scatti.<\/p>\n<p class=\"sottodesc-dicono-noi\">Ecco un estratto dei loro articoli, foto Instagram e post Facebook che abbiamo raccolto per voi!<\/p>\n<p class=\"image\"><img decoding=\"async\" loading=\"lazy\" class=\"alignnone\" src=\"https:\/\/www.esi.it\/wp-content\/uploads\/2018\/01\/cuore-pic.gif\" alt=\"vignetta a cuore\" width=\"118\" height=\"117\" \/><\/p>\n<div class=\"container dicono-noi\">\n<div class=\"stream-consigli\"><script type=\"text\/javascript\">\n        var test = 3;\n        <\/script><\/p>\n<div class=\"masonry clearfix\" data-max-pages=\"3\">\n<div class=\"grid-sizer\">\u00a0<\/div>\n<div class=\"gutter-sizer\">\u00a0<\/div>\n<div class=\"article blog\">\n<div class=\"info\">\n<h2>GINSENG E PAPPA REALE ESI PER IL MIO MESE START-UP<\/h2>\n<p>Settembre \u00e8 il mese che da sempre identifico come &#8220;inizio anno&#8221;. Lo \u00e8 per me, e ho scoperto negli ultimi anni, che lo \u00e8 anche per molti altri. <em>Settembre: \u201cmonth of awakening\u201d<br \/>\nil mese del risveglio<br \/>\n<\/em><\/p>\n<p class=\"fonte\"><a href=\"https:\/\/www.mysecretroom.it\/pappa-reale-esi\/\" target=\"_blank\" rel=\"noopener noreferrer\">Mysecretroom<\/a><\/p>\n<\/div>\n<\/div>\n<div class=\"article instagram \">\n<div class=\"image\">\n<p><a href=\"https:\/\/www.instagram.com\/p\/Bb37vzJl_9K\/?taken-by=myglamourattitude\"><img decoding=\"async\" loading=\"lazy\" class=\"alignnone\" src=\"https:\/\/www.esi.it\/wp-content\/uploads\/2018\/01\/instagram-myglamour.jpg\" alt=\"ragazza testimonial\" width=\"716\" height=\"718\" \/><\/a><\/p>\n<\/div>\n<div class=\"info\">\n<p>La nostra bellissima @myglamourattitude si tiene sempre in forma! Anche con l\u2019aiuto dei nostri prodotti! Grazie Maria Giovanna!<\/p>\n<p class=\"fonte\"><a href=\"https:\/\/www.instagram.com\/p\/Bb37vzJl_9K\/?taken-by=myglamourattitude\" target=\"_blank\" rel=\"noopener noreferrer\">@myglamourattitude<\/a><\/p>\n<\/div>\n<\/div>\n<div class=\"article facebook\">\n<div class=\"image\"><a href=\"https:\/\/www.facebook.com\/whosdaf\/photos\/a.126083814211641.26712.125343804285642\/929807740505907\/?type=3&amp;theater\" target=\"_blank\" rel=\"noopener noreferrer\"><img decoding=\"async\" src=\"https:\/\/www.esi.it\/wp-content\/uploads\/2018\/01\/facebook-dario-fattore.jpg\" \/><\/a><\/div>\n<div class=\"info\">\n<p class=\"fonte\"><a href=\"https:\/\/www.facebook.com\/whosdaf\/photos\/a.126083814211641.26712.125343804285642\/929807740505907\/?type=3&amp;theater\" target=\"_blank\" rel=\"noopener noreferrer\">Dario Fattore<\/a><\/p>\n<\/div>\n<\/div>\n<div class=\"article instagram\">\n<div class=\"image\"><a href=\"https:\/\/www.instagram.com\/p\/BYLWmlUFNgL\/?taken-by=valentinadellerose\" target=\"_blank\" rel=\"noopener noreferrer\"><img decoding=\"async\" loading=\"lazy\" class=\"alignnone\" src=\"https:\/\/www.esi.it\/wp-content\/uploads\/2018\/01\/instagram-valentinadellerose.jpg\" alt=\"aloedermal \" width=\"716\" height=\"718\" \/><\/a><\/div>\n<div class=\"info\">\n<p>&#8220;Non so di preciso cosa mi stia succedendo&#8230; Solitamente crescendo si diventa pi\u00f9 tolleranti e ben propensi al: &#8220;Ma si&#8230; , cosa vuoi che sia&#8221;<\/p>\n<p class=\"fonte\"><a href=\"https:\/\/www.instagram.com\/p\/BYLWmlUFNgL\/?taken-by=valentinadellerose\" target=\"_blank\" rel=\"noopener noreferrer\">Valentinadellerose<\/a><\/p>\n<\/div>\n<\/div>\n<div class=\"article facebook\">\n<div class=\"image\"><a href=\"https:\/\/www.facebook.com\/MyGlamourAttitude\/photos\/a.284846651616999.50141.284250425009955\/1271753292926325\/?type=3&amp;theater\" target=\"_blank\" rel=\"noopener noreferrer\"><img decoding=\"async\" src=\"https:\/\/www.esi.it\/wp-content\/uploads\/2018\/01\/instagram-myglamour.jpg\" \/><\/a><\/div>\n<div class=\"info\">\n<p>In questo periodo sto cercando di tenermi in forma in vista della maratona di Pisa<\/p>\n<p class=\"fonte\"><a href=\"https:\/\/www.facebook.com\/MyGlamourAttitude\/photos\/a.284846651616999.50141.284250425009955\/1271753292926325\/?type=3&amp;theater\" target=\"_blank\" rel=\"noopener noreferrer\">MyGlamourAttitude<\/a><\/p>\n<\/div>\n<\/div>\n<div class=\"article blog\">\n<div class=\"info\">\n<h2>Olio di Argan e di Semi di Lino per la cura dei capelli<\/h2>\n<p>Vi ricordate quando vi parlavo dei miei capelli e di quando, davanti allo specchio, comincio quasi a provare odio per queste quattro ciocche in croce che risultano sempre spente, opache, secche e infestate da capelli bianchi come se piovesse?!<\/p>\n<p class=\"fonte\"><a href=\"http:\/\/www.thefashionscan.it\/2017\/11\/olio-di-argan-e-di-semi-di-lino-per-la-cura-dei-capelli\/\">The fashion scan<\/a><\/p>\n<\/div>\n<\/div>\n<div class=\"article facebook\">\n<div class=\"image\"><a href=\"https:\/\/www.facebook.com\/shoesbagsandcakes\/posts\/1639077292781376\" target=\"_blank\" rel=\"noopener noreferrer\"><img decoding=\"async\" src=\"https:\/\/www.esi.it\/wp-content\/uploads\/2018\/01\/facebook-shoes-bags-cakes.jpg\" \/><\/a><\/div>\n<div class=\"info\">\n<p>Tips: i miei Pocket Drink by @EsiItalia per affrontare l&#8217;autunno!<\/p>\n<p class=\"fonte\"><a href=\"https:\/\/www.facebook.com\/shoesbagsandcakes\/\" target=\"_blank\" rel=\"noopener noreferrer\">Shoes, Bags &amp; Cakes<\/a><\/p>\n<\/div>\n<\/div>\n<div class=\"article instagram\">\n<div class=\"image\"><a href=\"https:\/\/www.instagram.com\/p\/BaJSjotBsmq\/?taken-by=langolinodiale\" target=\"_blank\" rel=\"noopener noreferrer\"><img decoding=\"async\" src=\"https:\/\/www.esi.it\/wp-content\/uploads\/2018\/01\/instagram-angolinodiale.jpg\" \/><\/a><\/div>\n<div class=\"info\">\n<p>Chi mi segue da un po&#8217; di tempo lo sa, combatto sempre contro i miei capelli crespi. Le sto provando tutte!<\/p>\n<p class=\"fonte\"><a href=\"https:\/\/www.instagram.com\/p\/BaJSjotBsmq\/?taken-by=langolinodiale\" target=\"_blank\" rel=\"noopener noreferrer\">Langolinodiale<\/a><\/p>\n<\/div>\n<\/div>\n<div class=\"article blog\">\n<div class=\"info\">\n<h2>Pocket Drink per affrontare l&#8217;autunno<\/h2>\n<p>Ho aspettato tanto l\u2019autunno ed ora che \u00e8 arrivato faccio fatica ad affrontarlo, tra raffreddore, dieta e palestra ci sono alcuni giorni in cui rimpiango tutta l\u2019energia che avevo in primavera ed in estate!<\/p>\n<p class=\"fonte\"><a href=\"https:\/\/shoesbagsandcakes.com\/\">Shoes Bag &amp; Cakes<\/a><\/p>\n<\/div>\n<\/div>\n<div class=\"article instagram\">\n<div class=\"image\"><a href=\"https:\/\/www.instagram.com\/p\/BbzRMxDnNZS\/?taken-by=federicadamasco\" target=\"_blank\" rel=\"noopener noreferrer\"><img decoding=\"async\" loading=\"lazy\" class=\"alignnone\" src=\"https:\/\/www.esi.it\/wp-content\/uploads\/2018\/01\/instagram_federica-damasco.jpg\" alt=\"pappa reale pocket drink 1000\" width=\"716\" height=\"718\" \/><\/a><\/div>\n<div class=\"info\">\n<p>Come combattere i primi freddi e ritrovare l&#8217;energia estiva? Grazie a Pappa Reale 1000 di @esi.italia&#8230;<\/p>\n<p class=\"fonte\"><a href=\"https:\/\/www.instagram.com\/p\/BbzRMxDnNZS\/?taken-by=federicadamasco\" target=\"_blank\" rel=\"noopener noreferrer\">Federicadamasco<\/a><\/p>\n<\/div>\n<\/div>\n<div class=\"article blog\">\n<div class=\"info\">\n<h2>Integratori<\/h2>\n<p>Mangiamo di fretta e spesso mangiamo prodotti che sono raccolti da giorni e maturano sugli scaffali. In pi\u00f9 facciamo una vita frenetica, di quelle che arrivi alla sera e non ti ricordi neanche come ti chiami.<\/p>\n<p class=\"fonte\"><a href=\"http:\/\/www.vertige.it\/2017\/09\/fitness-trend-2018-donne-vertige\/\">Vertige<\/a><\/p>\n<\/div>\n<\/div>\n<div class=\"article instagram\">\n<div class=\"image\"><a href=\"https:\/\/www.instagram.com\/p\/BbhA4jJlDTv\/?taken-by=iolandacorio\" target=\"_blank\" rel=\"noopener noreferrer\"><img decoding=\"async\" src=\"https:\/\/www.esi.it\/wp-content\/uploads\/2018\/01\/instagram_iolandacorio.jpg\" \/><\/a><\/div>\n<div class=\"info\">\n<p>L&#8217;inverno \u00e8 arrivato e abbiamo tutti bisogno di rinforzare le nostre difese immunitarie&#8230;<\/p>\n<p class=\"fonte\"><a href=\"https:\/\/www.instagram.com\/p\/BbhA4jJlDTv\/?taken-by=iolandacorio\" target=\"_blank\" rel=\"noopener noreferrer\">iolandacorio<\/a><\/p>\n<\/div>\n<\/div>\n<div class=\"article instagram\">\n<div class=\"image\"><a href=\"https:\/\/www.instagram.com\/p\/BaYxBihDW5Y\/?taken-by=laurachiari_8\" target=\"_blank\" rel=\"noopener noreferrer\"><img decoding=\"async\" loading=\"lazy\" class=\"alignnone\" src=\"https:\/\/www.esi.it\/wp-content\/uploads\/2018\/01\/segnaposto-img-facebook.jpg\" alt=\"pappa reale pocket drink\" width=\"719\" height=\"719\" \/><\/a><\/div>\n<div class=\"info\">\n<p>Viva la pappa! Questa volta non al pomodoro bens\u00ed &#8220;viva la pappa&#8230;reale!&#8221;<\/p>\n<p class=\"fonte\"><a href=\"https:\/\/www.instagram.com\/p\/BaYxBihDW5Y\/?taken-by=laurachiari_8\" target=\"_blank\" rel=\"noopener noreferrer\">laurachiari_8<\/a><\/p>\n<\/div>\n<\/div>\n<div class=\"article instagram\">\n<div class=\"image\"><a href=\"https:\/\/www.instagram.com\/p\/BaEWdG4A_jp\/?taken-by=impossibilefermareibattiti\" target=\"_blank\" rel=\"noopener noreferrer\"><img decoding=\"async\" src=\"https:\/\/www.esi.it\/wp-content\/uploads\/2018\/01\/instagram-mai-fermare-battiti.jpg\" \/><\/a><\/div>\n<div class=\"info\">\n<p>Parola del giorno: Idratazione! Che per Mr Google significa &#8220;ripristino del normale contenuto idrico o di umidit\u00e0&#8230;<\/p>\n<p class=\"fonte\"><a href=\"https:\/\/www.instagram.com\/p\/BaEWdG4A_jp\/?taken-by=impossibilefermareibattiti\" target=\"_blank\" rel=\"noopener noreferrer\">impossibilefermareibattiti<\/a><\/p>\n<\/div>\n<\/div>\n<div class=\"article instagram\">\n<div class=\"image\"><a href=\"https:\/\/www.instagram.com\/p\/BZk9vlUFXoH\/?taken-by=mammegemelle_it\" target=\"_blank\" rel=\"noopener noreferrer\"><img decoding=\"async\" src=\"https:\/\/www.esi.it\/wp-content\/uploads\/2018\/01\/instagram-mammegemelle.jpg\" \/><\/a><\/div>\n<div class=\"info\">\n<p>Mattina, interno giorno, famiglia intorno al tavolo,Pappa Reale di @esi.italia ci fa compagnia in questo periodo di cambio di stagione&#8230;<\/p>\n<p class=\"fonte\"><a href=\"https:\/\/www.instagram.com\/p\/BZk9vlUFXoH\/?taken-by=mammegemelle_it\" target=\"_blank\" rel=\"noopener noreferrer\">mammegemelle_it<\/a><\/p>\n<\/div>\n<\/div>\n<div class=\"article instagram\">\n<div class=\"image\"><a href=\"https:\/\/www.instagram.com\/p\/BZYSsHyFOre\/?tagged=esiitalia\" target=\"_blank\" rel=\"noopener noreferrer\"><img decoding=\"async\" src=\"https:\/\/www.esi.it\/wp-content\/uploads\/2018\/01\/instagram-myglamour-bio.jpg\" \/><\/a><\/div>\n<div class=\"info\">\n<p>10 fiale di bellezza da bere! #Biocollagenix \u00e8 un integratore alimentare di @esi.italia formulato per associare il Collagene&#8230;<\/p>\n<p class=\"fonte\"><a href=\"https:\/\/www.instagram.com\/p\/BZYSsHyFOre\/?tagged=esiitalia\" target=\"_blank\" rel=\"noopener noreferrer\">myglamourattitude<\/a><\/p>\n<\/div>\n<\/div>\n<div class=\"article instagram\">\n<div class=\"image\"><a href=\"https:\/\/www.instagram.com\/p\/BZQXXKFD3OP\/?tagged=esiitalia\" target=\"_blank\" rel=\"noopener noreferrer\"><img decoding=\"async\" loading=\"lazy\" class=\"alignnone\" src=\"https:\/\/www.esi.it\/wp-content\/uploads\/2018\/01\/instagram-laurachiari8.jpg\" alt=\"foto con caff\u00e8 e ginseng plus\" width=\"716\" height=\"525\" \/><\/a><\/div>\n<div class=\"info\">\n<p>Inizia la fashion week a Milano. Ci vuole la carica giusta! Mi sono svegliata con calma, ieri \u00e8 stata una bellissima giornata, caff\u00e8-treccia e la mia dose giornaliera di energia #GinsengPlus<\/p>\n<p class=\"fonte\"><a href=\"https:\/\/www.instagram.com\/p\/BZQXXKFD3OP\/?tagged=esiitalia\" target=\"_blank\" rel=\"noopener noreferrer\">laurachiari_8<\/a><\/p>\n<\/div>\n<\/div>\n<\/div>\n<p><!--\n        \n\n\n\n\n\n\n\n\n\n\n\n\n\n\n\n\n\n\n\n\n\n\n\n\n\n\n\n\n\n\n\n\n\n\n\n\n\n\n\n\n\n\n\n\n\n\n\n\n<div class=\"ajax\">\n            <button type=\"button\" name=\"button\" class=\"clm-load-more\">Carica altro<\/button>\n        <\/div>\n\n\n<img decoding=\"async\" loading=\"lazy\" src=\"https:\/\/www.esi.it\/wp-content\/uploads\/2020\/10\/prodotti_ottobre-resp.jpg\" alt=\"\" width=\"768\" height=\"701\" class=\"alignnone size-full wp-image-15574\" \/>\n\n\n    --><\/div>\n<\/div>\n<p class=\"tit-prodotti-mese\">\u00c8 arrivato Aprile!<\/p>\n<p class=\"desc-prodotti-mese\">ecco i prodotti suggeriti da ESI per te!<\/p>\n<p class=\"image-prod-mese\"><a href=\"\/it\/prodotti-del-mese\/aprile\/\"> <picture><source srcset=\"https:\/\/www.esi.it\/wp-content\/uploads\/2026\/03\/dicono-di-noi-mobile-aprile-1.jpg\" media=\"(max-width: 768px)\" \/><img srcset=\"https:\/\/www.esi.it\/wp-content\/uploads\/2026\/03\/dicono-di-noi-desktop-aprile-1.jpg\" \/><\/picture><\/a><\/p>\n","protected":false},"excerpt":{"rendered":"<p>I nostri utenti amano i nostri prodotti e lo testimoniano ogni giorno [&hellip;]<\/p>\n","protected":false},"author":7,"featured_media":0,"parent":0,"menu_order":0,"comment_status":"closed","ping_status":"closed","template":"","meta":[],"acf":[],"yoast_head":"<!-- This site is optimized with the Yoast SEO plugin v21.1 - https:\/\/yoast.com\/wordpress\/plugins\/seo\/ -->\n<title>Opinioni e recensioni dei nostri utenti: leggili tutti<\/title>\n<meta name=\"description\" content=\"I nostri clienti testimoniano le propriet\u00e0 dei prodotti naturali ESI. Leggi recensioni e opinioni sui social. Scopri di pi\u00f9.\" \/>\n<meta name=\"robots\" content=\"index, follow, max-snippet:-1, max-image-preview:large, max-video-preview:-1\" \/>\n<link rel=\"canonical\" href=\"https:\/\/www.esi.it\/it\/dicono-di-noi\/\" \/>\n<meta property=\"og:locale\" content=\"it_IT\" \/>\n<meta property=\"og:type\" content=\"article\" \/>\n<meta property=\"og:title\" content=\"Opinioni e recensioni dei nostri utenti: leggili tutti\" \/>\n<meta property=\"og:description\" content=\"I nostri clienti testimoniano le propriet\u00e0 dei prodotti naturali ESI. Leggi recensioni e opinioni sui social. Scopri di pi\u00f9.\" \/>\n<meta property=\"og:url\" content=\"https:\/\/www.esi.it\/it\/dicono-di-noi\/\" \/>\n<meta property=\"og:site_name\" content=\"ESI srl\" \/>\n<meta property=\"article:publisher\" content=\"https:\/\/www.facebook.com\/esi.italia\" \/>\n<meta property=\"article:modified_time\" content=\"2026-03-31T10:24:01+00:00\" \/>\n<meta property=\"og:image\" content=\"https:\/\/www.esi.it\/wp-content\/uploads\/2018\/01\/cuore-pic.gif\" \/>\n<meta name=\"twitter:label1\" content=\"Tempo di lettura stimato\" \/>\n\t<meta name=\"twitter:data1\" content=\"6 minuti\" \/>\n<script type=\"application\/ld+json\" class=\"yoast-schema-graph\">{\"@context\":\"https:\/\/schema.org\",\"@graph\":[{\"@type\":\"WebPage\",\"@id\":\"https:\/\/www.esi.it\/it\/dicono-di-noi\/\",\"url\":\"https:\/\/www.esi.it\/it\/dicono-di-noi\/\",\"name\":\"Opinioni e recensioni dei nostri utenti: leggili tutti\",\"isPartOf\":{\"@id\":\"https:\/\/www.esi.it\/it\/#website\"},\"datePublished\":\"2018-01-12T16:38:51+00:00\",\"dateModified\":\"2026-03-31T10:24:01+00:00\",\"description\":\"I nostri clienti testimoniano le propriet\u00e0 dei prodotti naturali ESI. Leggi recensioni e opinioni sui social. Scopri di pi\u00f9.\",\"inLanguage\":\"it-IT\",\"potentialAction\":[{\"@type\":\"ReadAction\",\"target\":[\"https:\/\/www.esi.it\/it\/dicono-di-noi\/\"]}]},{\"@type\":\"WebSite\",\"@id\":\"https:\/\/www.esi.it\/it\/#website\",\"url\":\"https:\/\/www.esi.it\/it\/\",\"name\":\"ESI srl\",\"description\":\"Prodotti fitoterapici, dietetici ed integratori alimentari\",\"publisher\":{\"@id\":\"https:\/\/www.esi.it\/it\/#organization\"},\"potentialAction\":[{\"@type\":\"SearchAction\",\"target\":{\"@type\":\"EntryPoint\",\"urlTemplate\":\"https:\/\/www.esi.it\/it\/?s={search_term_string}\"},\"query-input\":\"required name=search_term_string\"}],\"inLanguage\":\"it-IT\"},{\"@type\":\"Organization\",\"@id\":\"https:\/\/www.esi.it\/it\/#organization\",\"name\":\"ESI Srl\",\"alternateName\":\"ESI\",\"url\":\"https:\/\/www.esi.it\/it\/\",\"logo\":{\"@type\":\"ImageObject\",\"inLanguage\":\"it-IT\",\"@id\":\"https:\/\/www.esi.it\/it\/#\/schema\/logo\/image\/\",\"url\":\"https:\/\/www.esi.it\/wp-content\/uploads\/2025\/05\/esi-logo.jpg\",\"contentUrl\":\"https:\/\/www.esi.it\/wp-content\/uploads\/2025\/05\/esi-logo.jpg\",\"width\":300,\"height\":300,\"caption\":\"ESI Srl\"},\"image\":{\"@id\":\"https:\/\/www.esi.it\/it\/#\/schema\/logo\/image\/\"},\"sameAs\":[\"https:\/\/www.facebook.com\/esi.italia\",\"http:\/\/www.instagram.com\/esi.italia\",\"https:\/\/www.youtube.com\/user\/ESIBenessereNaturale\"]}]}<\/script>\n<!-- \/ Yoast SEO plugin. -->","yoast_head_json":{"title":"Opinioni e recensioni dei nostri utenti: leggili tutti","description":"I nostri clienti testimoniano le propriet\u00e0 dei prodotti naturali ESI. Leggi recensioni e opinioni sui social. Scopri di pi\u00f9.","robots":{"index":"index","follow":"follow","max-snippet":"max-snippet:-1","max-image-preview":"max-image-preview:large","max-video-preview":"max-video-preview:-1"},"canonical":"https:\/\/www.esi.it\/it\/dicono-di-noi\/","og_locale":"it_IT","og_type":"article","og_title":"Opinioni e recensioni dei nostri utenti: leggili tutti","og_description":"I nostri clienti testimoniano le propriet\u00e0 dei prodotti naturali ESI. Leggi recensioni e opinioni sui social. Scopri di pi\u00f9.","og_url":"https:\/\/www.esi.it\/it\/dicono-di-noi\/","og_site_name":"ESI srl","article_publisher":"https:\/\/www.facebook.com\/esi.italia","article_modified_time":"2026-03-31T10:24:01+00:00","og_image":[{"url":"https:\/\/www.esi.it\/wp-content\/uploads\/2018\/01\/cuore-pic.gif"}],"twitter_misc":{"Tempo di lettura stimato":"6 minuti"},"schema":{"@context":"https:\/\/schema.org","@graph":[{"@type":"WebPage","@id":"https:\/\/www.esi.it\/it\/dicono-di-noi\/","url":"https:\/\/www.esi.it\/it\/dicono-di-noi\/","name":"Opinioni e recensioni dei nostri utenti: leggili tutti","isPartOf":{"@id":"https:\/\/www.esi.it\/it\/#website"},"datePublished":"2018-01-12T16:38:51+00:00","dateModified":"2026-03-31T10:24:01+00:00","description":"I nostri clienti testimoniano le propriet\u00e0 dei prodotti naturali ESI. Leggi recensioni e opinioni sui social. Scopri di pi\u00f9.","inLanguage":"it-IT","potentialAction":[{"@type":"ReadAction","target":["https:\/\/www.esi.it\/it\/dicono-di-noi\/"]}]},{"@type":"WebSite","@id":"https:\/\/www.esi.it\/it\/#website","url":"https:\/\/www.esi.it\/it\/","name":"ESI srl","description":"Prodotti fitoterapici, dietetici ed integratori alimentari","publisher":{"@id":"https:\/\/www.esi.it\/it\/#organization"},"potentialAction":[{"@type":"SearchAction","target":{"@type":"EntryPoint","urlTemplate":"https:\/\/www.esi.it\/it\/?s={search_term_string}"},"query-input":"required name=search_term_string"}],"inLanguage":"it-IT"},{"@type":"Organization","@id":"https:\/\/www.esi.it\/it\/#organization","name":"ESI Srl","alternateName":"ESI","url":"https:\/\/www.esi.it\/it\/","logo":{"@type":"ImageObject","inLanguage":"it-IT","@id":"https:\/\/www.esi.it\/it\/#\/schema\/logo\/image\/","url":"https:\/\/www.esi.it\/wp-content\/uploads\/2025\/05\/esi-logo.jpg","contentUrl":"https:\/\/www.esi.it\/wp-content\/uploads\/2025\/05\/esi-logo.jpg","width":300,"height":300,"caption":"ESI Srl"},"image":{"@id":"https:\/\/www.esi.it\/it\/#\/schema\/logo\/image\/"},"sameAs":["https:\/\/www.facebook.com\/esi.italia","http:\/\/www.instagram.com\/esi.italia","https:\/\/www.youtube.com\/user\/ESIBenessereNaturale"]}]}},"publishpress_future_action":{"enabled":false,"date":"2026-04-26 11:09:41","action":"draft","terms":[],"taxonomy":"translation_priority"},"_links":{"self":[{"href":"https:\/\/www.esi.it\/it\/wp-json\/wp\/v2\/pages\/9407"}],"collection":[{"href":"https:\/\/www.esi.it\/it\/wp-json\/wp\/v2\/pages"}],"about":[{"href":"https:\/\/www.esi.it\/it\/wp-json\/wp\/v2\/types\/page"}],"author":[{"embeddable":true,"href":"https:\/\/www.esi.it\/it\/wp-json\/wp\/v2\/users\/7"}],"replies":[{"embeddable":true,"href":"https:\/\/www.esi.it\/it\/wp-json\/wp\/v2\/comments?post=9407"}],"version-history":[{"count":0,"href":"https:\/\/www.esi.it\/it\/wp-json\/wp\/v2\/pages\/9407\/revisions"}],"wp:attachment":[{"href":"https:\/\/www.esi.it\/it\/wp-json\/wp\/v2\/media?parent=9407"}],"curies":[{"name":"wp","href":"https:\/\/api.w.org\/{rel}","templated":true}]}}