{"id":620,"date":"2015-06-22T08:52:37","date_gmt":"2015-06-22T08:52:37","guid":{"rendered":"https:\/\/www.esi.it\/?page_id=620"},"modified":"2024-06-18T17:25:47","modified_gmt":"2024-06-18T15:25:47","slug":"ingredienti-prodotti-fitoterapici","status":"publish","type":"page","link":"https:\/\/www.esi.it\/it\/ingredienti-prodotti-fitoterapici\/","title":{"rendered":"Ingredienti"},"content":{"rendered":"<p class=\"column\">ESI utilizza da sempre solo<strong> ingredienti\u00a0altamente\u00a0selezionati<\/strong>\u00a0per garantire prodotti fitoterapici di alta qualit\u00e0. Ogni materia prima impiegata \u00e8 certificata e passa un rigoroso controllo qualit\u00e0 in laboratori altamente specializzati. ESI rispetta da sempre gli standard pi\u00f9 elevati di qualit\u00e0 delle materie prime grazie ai pi\u00f9 moderni impianti di produzione e controllo. Far conoscere i nostri ingredienti e garantire la massima trasparenza dei prodotti \u00e8 uno dei nostri obiettivi aziendali, al fine\u00a0di promuovere un acquisto consapevole e sicuro per il proprio benessere. Cerca nell\u2019elenco qui sotto l\u2019ingrediente che ti interessa e scopri tutte le sue propriet\u00e0 benefiche e i principi attivi, oltre ai <strong>prodotti ESI<\/strong> dove viene impiegato.<\/p>\n","protected":false},"excerpt":{"rendered":"<p>ESI utilizza da sempre solo ingredienti\u00a0altamente\u00a0selezionati\u00a0per garantire prodotti fitoterapici di alta qualit\u00e0. [&hellip;]<\/p>\n","protected":false},"author":7,"featured_media":623,"parent":0,"menu_order":0,"comment_status":"closed","ping_status":"closed","template":"ingredienti-naturali.php","meta":[],"acf":[],"yoast_head":"<!-- This site is optimized with the Yoast SEO plugin v21.1 - https:\/\/yoast.com\/wordpress\/plugins\/seo\/ -->\n<title>Ingredienti per prodotti fitoterapici di alta qualit\u00e0<\/title>\n<meta name=\"description\" content=\"ESI utilizza solo ingredienti altamente selezionati per garantire prodotti fitoterapici e integratori alimentari naturali di alta qualit\u00e0.\" \/>\n<meta name=\"robots\" content=\"index, follow, max-snippet:-1, max-image-preview:large, max-video-preview:-1\" \/>\n<link rel=\"canonical\" href=\"https:\/\/www.esi.it\/it\/ingredienti-prodotti-fitoterapici\/\" \/>\n<meta property=\"og:locale\" content=\"it_IT\" \/>\n<meta property=\"og:type\" content=\"article\" \/>\n<meta property=\"og:title\" content=\"Ingredienti per prodotti fitoterapici di alta qualit\u00e0\" \/>\n<meta property=\"og:description\" content=\"ESI utilizza solo ingredienti altamente selezionati per garantire prodotti fitoterapici e integratori alimentari naturali di alta qualit\u00e0.\" \/>\n<meta property=\"og:url\" content=\"https:\/\/www.esi.it\/it\/ingredienti-prodotti-fitoterapici\/\" \/>\n<meta property=\"og:site_name\" content=\"ESI srl\" \/>\n<meta property=\"article:publisher\" content=\"https:\/\/www.facebook.com\/esi.italia\" \/>\n<meta property=\"article:modified_time\" content=\"2024-06-18T15:25:47+00:00\" \/>\n<meta property=\"og:image\" content=\"https:\/\/www.esi.it\/wp-content\/uploads\/2015\/06\/testata-ingredienti.jpg\" \/>\n\t<meta property=\"og:image:width\" content=\"1920\" \/>\n\t<meta property=\"og:image:height\" content=\"226\" \/>\n\t<meta property=\"og:image:type\" content=\"image\/jpeg\" \/>\n<meta name=\"twitter:label1\" content=\"Tempo di lettura stimato\" \/>\n\t<meta name=\"twitter:data1\" content=\"1 minuto\" \/>\n<script type=\"application\/ld+json\" class=\"yoast-schema-graph\">{\"@context\":\"https:\/\/schema.org\",\"@graph\":[{\"@type\":\"WebPage\",\"@id\":\"https:\/\/www.esi.it\/it\/ingredienti-prodotti-fitoterapici\/\",\"url\":\"https:\/\/www.esi.it\/it\/ingredienti-prodotti-fitoterapici\/\",\"name\":\"Ingredienti per prodotti fitoterapici di alta qualit\u00e0\",\"isPartOf\":{\"@id\":\"https:\/\/www.esi.it\/it\/#website\"},\"datePublished\":\"2015-06-22T08:52:37+00:00\",\"dateModified\":\"2024-06-18T15:25:47+00:00\",\"description\":\"ESI utilizza solo ingredienti altamente selezionati per garantire prodotti fitoterapici e integratori alimentari naturali di alta qualit\u00e0.\",\"inLanguage\":\"it-IT\",\"potentialAction\":[{\"@type\":\"ReadAction\",\"target\":[\"https:\/\/www.esi.it\/it\/ingredienti-prodotti-fitoterapici\/\"]}]},{\"@type\":\"WebSite\",\"@id\":\"https:\/\/www.esi.it\/it\/#website\",\"url\":\"https:\/\/www.esi.it\/it\/\",\"name\":\"ESI srl\",\"description\":\"Prodotti fitoterapici, dietetici ed integratori alimentari\",\"publisher\":{\"@id\":\"https:\/\/www.esi.it\/it\/#organization\"},\"potentialAction\":[{\"@type\":\"SearchAction\",\"target\":{\"@type\":\"EntryPoint\",\"urlTemplate\":\"https:\/\/www.esi.it\/it\/?s={search_term_string}\"},\"query-input\":\"required name=search_term_string\"}],\"inLanguage\":\"it-IT\"},{\"@type\":\"Organization\",\"@id\":\"https:\/\/www.esi.it\/it\/#organization\",\"name\":\"ESI Srl\",\"alternateName\":\"ESI\",\"url\":\"https:\/\/www.esi.it\/it\/\",\"logo\":{\"@type\":\"ImageObject\",\"inLanguage\":\"it-IT\",\"@id\":\"https:\/\/www.esi.it\/it\/#\/schema\/logo\/image\/\",\"url\":\"https:\/\/www.esi.it\/wp-content\/uploads\/2025\/05\/esi-logo.jpg\",\"contentUrl\":\"https:\/\/www.esi.it\/wp-content\/uploads\/2025\/05\/esi-logo.jpg\",\"width\":300,\"height\":300,\"caption\":\"ESI Srl\"},\"image\":{\"@id\":\"https:\/\/www.esi.it\/it\/#\/schema\/logo\/image\/\"},\"sameAs\":[\"https:\/\/www.facebook.com\/esi.italia\",\"http:\/\/www.instagram.com\/esi.italia\",\"https:\/\/www.youtube.com\/user\/ESIBenessereNaturale\"]}]}<\/script>\n<!-- \/ Yoast SEO plugin. -->","yoast_head_json":{"title":"Ingredienti per prodotti fitoterapici di alta qualit\u00e0","description":"ESI utilizza solo ingredienti altamente selezionati per garantire prodotti fitoterapici e integratori alimentari naturali di alta qualit\u00e0.","robots":{"index":"index","follow":"follow","max-snippet":"max-snippet:-1","max-image-preview":"max-image-preview:large","max-video-preview":"max-video-preview:-1"},"canonical":"https:\/\/www.esi.it\/it\/ingredienti-prodotti-fitoterapici\/","og_locale":"it_IT","og_type":"article","og_title":"Ingredienti per prodotti fitoterapici di alta qualit\u00e0","og_description":"ESI utilizza solo ingredienti altamente selezionati per garantire prodotti fitoterapici e integratori alimentari naturali di alta qualit\u00e0.","og_url":"https:\/\/www.esi.it\/it\/ingredienti-prodotti-fitoterapici\/","og_site_name":"ESI srl","article_publisher":"https:\/\/www.facebook.com\/esi.italia","article_modified_time":"2024-06-18T15:25:47+00:00","og_image":[{"width":1920,"height":226,"url":"https:\/\/www.esi.it\/wp-content\/uploads\/2015\/06\/testata-ingredienti.jpg","type":"image\/jpeg"}],"twitter_misc":{"Tempo di lettura stimato":"1 minuto"},"schema":{"@context":"https:\/\/schema.org","@graph":[{"@type":"WebPage","@id":"https:\/\/www.esi.it\/it\/ingredienti-prodotti-fitoterapici\/","url":"https:\/\/www.esi.it\/it\/ingredienti-prodotti-fitoterapici\/","name":"Ingredienti per prodotti fitoterapici di alta qualit\u00e0","isPartOf":{"@id":"https:\/\/www.esi.it\/it\/#website"},"datePublished":"2015-06-22T08:52:37+00:00","dateModified":"2024-06-18T15:25:47+00:00","description":"ESI utilizza solo ingredienti altamente selezionati per garantire prodotti fitoterapici e integratori alimentari naturali di alta qualit\u00e0.","inLanguage":"it-IT","potentialAction":[{"@type":"ReadAction","target":["https:\/\/www.esi.it\/it\/ingredienti-prodotti-fitoterapici\/"]}]},{"@type":"WebSite","@id":"https:\/\/www.esi.it\/it\/#website","url":"https:\/\/www.esi.it\/it\/","name":"ESI srl","description":"Prodotti fitoterapici, dietetici ed integratori alimentari","publisher":{"@id":"https:\/\/www.esi.it\/it\/#organization"},"potentialAction":[{"@type":"SearchAction","target":{"@type":"EntryPoint","urlTemplate":"https:\/\/www.esi.it\/it\/?s={search_term_string}"},"query-input":"required name=search_term_string"}],"inLanguage":"it-IT"},{"@type":"Organization","@id":"https:\/\/www.esi.it\/it\/#organization","name":"ESI Srl","alternateName":"ESI","url":"https:\/\/www.esi.it\/it\/","logo":{"@type":"ImageObject","inLanguage":"it-IT","@id":"https:\/\/www.esi.it\/it\/#\/schema\/logo\/image\/","url":"https:\/\/www.esi.it\/wp-content\/uploads\/2025\/05\/esi-logo.jpg","contentUrl":"https:\/\/www.esi.it\/wp-content\/uploads\/2025\/05\/esi-logo.jpg","width":300,"height":300,"caption":"ESI Srl"},"image":{"@id":"https:\/\/www.esi.it\/it\/#\/schema\/logo\/image\/"},"sameAs":["https:\/\/www.facebook.com\/esi.italia","http:\/\/www.instagram.com\/esi.italia","https:\/\/www.youtube.com\/user\/ESIBenessereNaturale"]}]}},"publishpress_future_action":{"enabled":false,"date":"2026-05-17 03:41:22","action":"draft","terms":[],"taxonomy":"translation_priority"},"_links":{"self":[{"href":"https:\/\/www.esi.it\/it\/wp-json\/wp\/v2\/pages\/620"}],"collection":[{"href":"https:\/\/www.esi.it\/it\/wp-json\/wp\/v2\/pages"}],"about":[{"href":"https:\/\/www.esi.it\/it\/wp-json\/wp\/v2\/types\/page"}],"author":[{"embeddable":true,"href":"https:\/\/www.esi.it\/it\/wp-json\/wp\/v2\/users\/7"}],"replies":[{"embeddable":true,"href":"https:\/\/www.esi.it\/it\/wp-json\/wp\/v2\/comments?post=620"}],"version-history":[{"count":0,"href":"https:\/\/www.esi.it\/it\/wp-json\/wp\/v2\/pages\/620\/revisions"}],"wp:featuredmedia":[{"embeddable":true,"href":"https:\/\/www.esi.it\/it\/wp-json\/wp\/v2\/media\/623"}],"wp:attachment":[{"href":"https:\/\/www.esi.it\/it\/wp-json\/wp\/v2\/media?parent=620"}],"curies":[{"name":"wp","href":"https:\/\/api.w.org\/{rel}","templated":true}]}}