{"id":511,"date":"2015-06-12T13:36:46","date_gmt":"2015-06-12T13:36:46","guid":{"rendered":"https:\/\/www.esi.it\/?page_id=511"},"modified":"2024-08-26T12:37:28","modified_gmt":"2024-08-26T10:37:28","slug":"certificazioni","status":"publish","type":"page","link":"https:\/\/www.esi.it\/it\/ricerca-e-sviluppo\/certificazioni\/","title":{"rendered":"Certificazioni"},"content":{"rendered":"<p>La crescente competitivit\u00e0 dei mercati e le esigenze dei consumatori, sempre pi\u00f9 informati e selettivi, stimolano le societ\u00e0 produttive e commerciali a operare in condizioni di \u201cGaranzia di Qualit\u00e0\u201d.<\/p>\n<p>All\u2019avanguardia tra le societ\u00e0 del settore, abbiamo perseguito I\u2019iter di certificazione del nostro sistema di gestione della qualit\u00e0, ponendoci in un confronto diretto con i consumatori.Con l\u2019obiettivo di garantire ai nostri consumatori prodotti con elevati standard di qualit\u00e0 e affidabilit\u00e0, nel corso degli anni abbiamo collaborato con universit\u00e0, centri di ricerca e organizzazioni internazionali al fine di creare prodotti innovativi e con un minor impatto sull\u2019ambiente; l\u2019impegno e l\u2019attenzione ci hanno consentito di ottenere diverse certificazioni e riconoscimenti.La qualit\u00e0 ESI \u00e8 altamente certificata da enti di certificazione indipendenti e dal Ministero della Sanit\u00e0. Le certificazioni ottenute sono:<\/p>\n<p><strong>2023<\/strong> ottenimento della certificazione FSSC 22000<\/p>\n<p><strong>2020<\/strong> ottenimento della certificazione IFOS 5 stelle per il prodotto Omega 3 Extra Pure<\/p>\n<p><strong>2017<\/strong> l\u2019aggiornamento del sistema qualit\u00e0 alle norme europee ISO 9001:2015.<\/p>\n<p><strong>2004<\/strong> ESI ottiene la certificazione di prodotto per i succhi della linea Aloe Vera ESI.<\/p>\n<p><strong>2002<\/strong> l\u2019aggiornamento del sistema qualit\u00e0 alle norme europee ISO 9001:2000.<\/p>\n<p><strong>1999<\/strong> la certificazione ISO 9001 che permette la qualit\u00e0 totale della produzione ESI.<\/p>\n<p><strong>1995<\/strong> l\u2019autorizzazione dal Ministero della Sanit\u00e0 a produrre prodotti dietetici e integratori.<\/p>\n<div class=\"certificazioni clearfix\">\n<div class=\"img\"><img decoding=\"async\" loading=\"lazy\" class=\"alignnone size-full wp-image-1407\" src=\"\/wp-content\/uploads\/2023\/10\/fssc-logo.png\" alt=\"FSSC\" width=\"100\" height=\"20\" \/><\/div>\n<p>FSSC 22000 \u00e8 uno schema di certificazione della sicurezza alimentare basato sulla norma ISO 22000:2018 riconosciuta a livello internazionale e integrata con le rispettive norme tecniche ISO\/TS 22002-1:2009 e i requisiti addizionali FSSC 22000 ver. 6.<\/p>\n<\/div>\n<div class=\"certificazioni clearfix\">\n<div class=\"img\"><img decoding=\"async\" loading=\"lazy\" class=\"alignnone size-full wp-image-1407\" src=\"\/wp-content\/uploads\/2024\/06\/ifos-seeklogo.svg\" alt=\"ifos\" width=\"100\" height=\"20\" \/><\/div>\n<p>L\u2019lnternational Fish Oil Standards \u00e8 la pi\u00f9 importante certificazione relativa ai prodotti a base di Omega 3. Un severo protocollo di analisi ha attribuito a Omega 3 Extra Pure le 5 stelle IFOS, garantendo ai consumatori la qualit\u00e0, la sicurezza e la purezza del prodotto.<\/p>\n<\/div>\n<div class=\"certificazioni clearfix\">\n<div class=\"img\"><img decoding=\"async\" loading=\"lazy\" class=\"alignnone size-full wp-image-1402\" src=\"\/wp-content\/uploads\/2015\/06\/certiquality-icona.png\" alt=\"Certiquality\" width=\"100\" height=\"91\" \/><\/div>\n<p>CERTIQUALITY \u00e8 un organismo senza fini di lucro al servizio delle imprese, accreditato per la certificazione dei sistemi di gestione aziendale per la qualit\u00e0, l\u2019ambiente, la sicurezza e la certificazione del prodotto. Certiquality certifica e garantisce la linea Aloe Vera ESI\u00ae succhi: <br \/>\n&#8211; Prodotto esente da residui di pesticidi o fertilizzanti chimici<br \/>\n&#8211; Contenuto in polisaccaridi non inferiore a 7.000 mg\/litro<br \/>\n\u00a0<\/p>\n<\/div>\n<div class=\"certificazioni clearfix\">\n<div class=\"img\"><img decoding=\"async\" loading=\"lazy\" class=\"alignnone size-full wp-image-1404\" src=\"\/wp-content\/uploads\/2015\/06\/clinicamente-testato.png\" alt=\"Clinicamente testato\" width=\"100\" height=\"86\" \/><\/div>\n<p>ESI\u00ae si avvale della collaborazione di Universit\u00e0, Istituti di ricerca ed Enti Ospedalieri, sia in Italia che all\u2019estero, per testare l\u2019efficacia e la sicurezza dei propri prodotti. Un approccio rigoroso, derivato dall\u2019industria farmaceutica, applicato al settore dei prodotti naturali per fornire un\u2019ulteriore garanzia ai propri consumatori. <br \/>\n\u00a0<br \/>\n\u00a0<\/p>\n<\/div>\n<div class=\"certificazioni clearfix\">\n<div class=\"img\"><img decoding=\"async\" loading=\"lazy\" class=\"alignnone size-full wp-image-1405\" src=\"\/wp-content\/uploads\/2015\/06\/naturcaps.png\" alt=\"naturcaps\" width=\"100\" height=\"27\" \/><\/div>\n<p>Nuova capsula costituita da una fibra vegetale ottenuta dalla fermentazione della tapioca, quindi completamente naturale e priva di coloranti artificiali, facilmente digeribile, adatta a vegani e vegetariani.<\/p>\n<\/div>\n<div class=\"certificazioni clearfix\">\n<div class=\"img\"><img decoding=\"async\" loading=\"lazy\" class=\"alignnone size-full wp-image-1406\" src=\"\/wp-content\/uploads\/2015\/06\/naturcaps-retard.png\" alt=\"Naturcaps retard\" width=\"100\" height=\"45\" \/><\/div>\n<p>NATURCAPS\u00ae RETARD BIFASICA: tecnologia brevettata da ESI\u00ae che garantisce all\u2019organismo la possibilit\u00e0 di un utilizzo graduale e completo dei nutrienti. La speciale capsula contiene 4 microtavolette che possono anche essere gastroresistenti; esse si disgregano in tempi diversi consentendo un rilascio graduale e costante dei principi in esse contenuti e garantendo all\u2019organismo un tempo sufficiente per assimilare e trasportare in tutto il corpo i principi attivi e offrire quindi un\u2019azione prolungata (chiamata azione RETARD).<\/p>\n<\/div>\n<div class=\"certificazioni clearfix\">\n<div class=\"img\"><img decoding=\"async\" loading=\"lazy\" class=\"alignnone size-full wp-image-1407\" src=\"\/wp-content\/uploads\/2015\/06\/gluten-free.png\" alt=\"Gluten free\" width=\"100\" height=\"108\" \/><\/div>\n<p>Nel rispetto della sempre maggior diffusione della celiachia e delle intolleranze al glutine, tutti i prodotti ESI\u00ae sono dichiarati \u201csenza glutine\u201d, ovvero, secondo il regolamento CE\/41\/2009 e successivo CE\/828\/2014 hanno un contenuto di glutine inferiore a 20 ppm (0,002%) pertanto sono adatti ai celiaci. Sulle confezioni dei prodotti ESI\u00ae \u00e8 quindi chiaramente indicata l\u2019assenza di glutine tramite un simbolo facilmente riconoscibile.<\/p>\n<\/div>\n<div class=\"certificazioni clearfix\">\n<div class=\"img\"><img decoding=\"async\" loading=\"lazy\" class=\"alignnone size-full wp-image-1407\" src=\"\/wp-content\/uploads\/2015\/06\/vegan.png\" alt=\"Vegan\" width=\"100\" height=\"108\" \/><\/div>\n<p>A completamento delle informazioni relative ai prodotti ESI\u00ae, il consumatore trover\u00e0 sulle confezioni un piccolo simbolo indicante se il prodotto \u00e8 adatto ai vegetariani e\/o ai vegani in base all\u2019origine delle materie prime contenute.<\/p>\n<\/div>\n","protected":false},"excerpt":{"rendered":"<p>La crescente competitivit\u00e0 dei mercati e le esigenze dei consumatori, sempre pi\u00f9 [&hellip;]<\/p>\n","protected":false},"author":7,"featured_media":1494,"parent":509,"menu_order":0,"comment_status":"closed","ping_status":"closed","template":"istitutionals.php","meta":[],"acf":[],"yoast_head":"<!-- This site is optimized with the Yoast SEO plugin v21.1 - https:\/\/yoast.com\/wordpress\/plugins\/seo\/ -->\n<title>Certificazioni: garanzia di qualit\u00e0 dei prodotti<\/title>\n<meta name=\"description\" content=\"La qualit\u00e0 dei prodotti naturali Esi \u00e8 altamente certificata dai migliori enti di certificazione e dal Ministero della Sanit\u00e0. Scopri di pi\u00f9!\" \/>\n<meta name=\"robots\" content=\"index, follow, max-snippet:-1, max-image-preview:large, max-video-preview:-1\" \/>\n<link rel=\"canonical\" href=\"https:\/\/www.esi.it\/it\/ricerca-e-sviluppo\/certificazioni\/\" \/>\n<meta property=\"og:locale\" content=\"it_IT\" \/>\n<meta property=\"og:type\" content=\"article\" \/>\n<meta property=\"og:title\" content=\"Certificazioni: garanzia di qualit\u00e0 dei prodotti\" \/>\n<meta property=\"og:description\" content=\"La qualit\u00e0 dei prodotti naturali Esi \u00e8 altamente certificata dai migliori enti di certificazione e dal Ministero della Sanit\u00e0. Scopri di pi\u00f9!\" \/>\n<meta property=\"og:url\" content=\"https:\/\/www.esi.it\/it\/ricerca-e-sviluppo\/certificazioni\/\" \/>\n<meta property=\"og:site_name\" content=\"ESI srl\" \/>\n<meta property=\"article:publisher\" content=\"https:\/\/www.facebook.com\/esi.italia\" \/>\n<meta property=\"article:modified_time\" content=\"2024-08-26T10:37:28+00:00\" \/>\n<meta property=\"og:image\" content=\"https:\/\/www.esi.it\/wp-content\/uploads\/2015\/06\/certificazioni764x356.jpg\" \/>\n\t<meta property=\"og:image:width\" content=\"764\" \/>\n\t<meta property=\"og:image:height\" content=\"356\" \/>\n\t<meta property=\"og:image:type\" content=\"image\/jpeg\" \/>\n<meta name=\"twitter:label1\" content=\"Tempo di lettura stimato\" \/>\n\t<meta name=\"twitter:data1\" content=\"5 minuti\" \/>\n<script type=\"application\/ld+json\" class=\"yoast-schema-graph\">{\"@context\":\"https:\/\/schema.org\",\"@graph\":[{\"@type\":\"WebPage\",\"@id\":\"https:\/\/www.esi.it\/it\/ricerca-e-sviluppo\/certificazioni\/\",\"url\":\"https:\/\/www.esi.it\/it\/ricerca-e-sviluppo\/certificazioni\/\",\"name\":\"Certificazioni: garanzia di qualit\u00e0 dei prodotti\",\"isPartOf\":{\"@id\":\"https:\/\/www.esi.it\/it\/#website\"},\"datePublished\":\"2015-06-12T13:36:46+00:00\",\"dateModified\":\"2024-08-26T10:37:28+00:00\",\"description\":\"La qualit\u00e0 dei prodotti naturali Esi \u00e8 altamente certificata dai migliori enti di certificazione e dal Ministero della Sanit\u00e0. Scopri di pi\u00f9!\",\"breadcrumb\":{\"@id\":\"https:\/\/www.esi.it\/it\/ricerca-e-sviluppo\/certificazioni\/#breadcrumb\"},\"inLanguage\":\"it-IT\",\"potentialAction\":[{\"@type\":\"ReadAction\",\"target\":[\"https:\/\/www.esi.it\/it\/ricerca-e-sviluppo\/certificazioni\/\"]}]},{\"@type\":\"BreadcrumbList\",\"@id\":\"https:\/\/www.esi.it\/it\/ricerca-e-sviluppo\/certificazioni\/#breadcrumb\",\"itemListElement\":[{\"@type\":\"ListItem\",\"position\":1,\"name\":\"Ricerca e sviluppo\",\"item\":\"https:\/\/www.esi.it\/it\/ricerca-e-sviluppo\/\"},{\"@type\":\"ListItem\",\"position\":2,\"name\":\"Certificazioni\"}]},{\"@type\":\"WebSite\",\"@id\":\"https:\/\/www.esi.it\/it\/#website\",\"url\":\"https:\/\/www.esi.it\/it\/\",\"name\":\"ESI srl\",\"description\":\"Prodotti fitoterapici, dietetici ed integratori alimentari\",\"publisher\":{\"@id\":\"https:\/\/www.esi.it\/it\/#organization\"},\"potentialAction\":[{\"@type\":\"SearchAction\",\"target\":{\"@type\":\"EntryPoint\",\"urlTemplate\":\"https:\/\/www.esi.it\/it\/?s={search_term_string}\"},\"query-input\":\"required name=search_term_string\"}],\"inLanguage\":\"it-IT\"},{\"@type\":\"Organization\",\"@id\":\"https:\/\/www.esi.it\/it\/#organization\",\"name\":\"ESI Srl\",\"alternateName\":\"ESI\",\"url\":\"https:\/\/www.esi.it\/it\/\",\"logo\":{\"@type\":\"ImageObject\",\"inLanguage\":\"it-IT\",\"@id\":\"https:\/\/www.esi.it\/it\/#\/schema\/logo\/image\/\",\"url\":\"https:\/\/www.esi.it\/wp-content\/uploads\/2025\/05\/esi-logo.jpg\",\"contentUrl\":\"https:\/\/www.esi.it\/wp-content\/uploads\/2025\/05\/esi-logo.jpg\",\"width\":300,\"height\":300,\"caption\":\"ESI Srl\"},\"image\":{\"@id\":\"https:\/\/www.esi.it\/it\/#\/schema\/logo\/image\/\"},\"sameAs\":[\"https:\/\/www.facebook.com\/esi.italia\",\"http:\/\/www.instagram.com\/esi.italia\",\"https:\/\/www.youtube.com\/user\/ESIBenessereNaturale\"]}]}<\/script>\n<!-- \/ Yoast SEO plugin. -->","yoast_head_json":{"title":"Certificazioni: garanzia di qualit\u00e0 dei prodotti","description":"La qualit\u00e0 dei prodotti naturali Esi \u00e8 altamente certificata dai migliori enti di certificazione e dal Ministero della Sanit\u00e0. Scopri di pi\u00f9!","robots":{"index":"index","follow":"follow","max-snippet":"max-snippet:-1","max-image-preview":"max-image-preview:large","max-video-preview":"max-video-preview:-1"},"canonical":"https:\/\/www.esi.it\/it\/ricerca-e-sviluppo\/certificazioni\/","og_locale":"it_IT","og_type":"article","og_title":"Certificazioni: garanzia di qualit\u00e0 dei prodotti","og_description":"La qualit\u00e0 dei prodotti naturali Esi \u00e8 altamente certificata dai migliori enti di certificazione e dal Ministero della Sanit\u00e0. Scopri di pi\u00f9!","og_url":"https:\/\/www.esi.it\/it\/ricerca-e-sviluppo\/certificazioni\/","og_site_name":"ESI srl","article_publisher":"https:\/\/www.facebook.com\/esi.italia","article_modified_time":"2024-08-26T10:37:28+00:00","og_image":[{"width":764,"height":356,"url":"https:\/\/www.esi.it\/wp-content\/uploads\/2015\/06\/certificazioni764x356.jpg","type":"image\/jpeg"}],"twitter_misc":{"Tempo di lettura stimato":"5 minuti"},"schema":{"@context":"https:\/\/schema.org","@graph":[{"@type":"WebPage","@id":"https:\/\/www.esi.it\/it\/ricerca-e-sviluppo\/certificazioni\/","url":"https:\/\/www.esi.it\/it\/ricerca-e-sviluppo\/certificazioni\/","name":"Certificazioni: garanzia di qualit\u00e0 dei prodotti","isPartOf":{"@id":"https:\/\/www.esi.it\/it\/#website"},"datePublished":"2015-06-12T13:36:46+00:00","dateModified":"2024-08-26T10:37:28+00:00","description":"La qualit\u00e0 dei prodotti naturali Esi \u00e8 altamente certificata dai migliori enti di certificazione e dal Ministero della Sanit\u00e0. Scopri di pi\u00f9!","breadcrumb":{"@id":"https:\/\/www.esi.it\/it\/ricerca-e-sviluppo\/certificazioni\/#breadcrumb"},"inLanguage":"it-IT","potentialAction":[{"@type":"ReadAction","target":["https:\/\/www.esi.it\/it\/ricerca-e-sviluppo\/certificazioni\/"]}]},{"@type":"BreadcrumbList","@id":"https:\/\/www.esi.it\/it\/ricerca-e-sviluppo\/certificazioni\/#breadcrumb","itemListElement":[{"@type":"ListItem","position":1,"name":"Ricerca e sviluppo","item":"https:\/\/www.esi.it\/it\/ricerca-e-sviluppo\/"},{"@type":"ListItem","position":2,"name":"Certificazioni"}]},{"@type":"WebSite","@id":"https:\/\/www.esi.it\/it\/#website","url":"https:\/\/www.esi.it\/it\/","name":"ESI srl","description":"Prodotti fitoterapici, dietetici ed integratori alimentari","publisher":{"@id":"https:\/\/www.esi.it\/it\/#organization"},"potentialAction":[{"@type":"SearchAction","target":{"@type":"EntryPoint","urlTemplate":"https:\/\/www.esi.it\/it\/?s={search_term_string}"},"query-input":"required name=search_term_string"}],"inLanguage":"it-IT"},{"@type":"Organization","@id":"https:\/\/www.esi.it\/it\/#organization","name":"ESI Srl","alternateName":"ESI","url":"https:\/\/www.esi.it\/it\/","logo":{"@type":"ImageObject","inLanguage":"it-IT","@id":"https:\/\/www.esi.it\/it\/#\/schema\/logo\/image\/","url":"https:\/\/www.esi.it\/wp-content\/uploads\/2025\/05\/esi-logo.jpg","contentUrl":"https:\/\/www.esi.it\/wp-content\/uploads\/2025\/05\/esi-logo.jpg","width":300,"height":300,"caption":"ESI Srl"},"image":{"@id":"https:\/\/www.esi.it\/it\/#\/schema\/logo\/image\/"},"sameAs":["https:\/\/www.facebook.com\/esi.italia","http:\/\/www.instagram.com\/esi.italia","https:\/\/www.youtube.com\/user\/ESIBenessereNaturale"]}]}},"publishpress_future_action":{"enabled":false,"date":"2026-05-17 03:37:28","action":"draft","terms":[],"taxonomy":"translation_priority"},"_links":{"self":[{"href":"https:\/\/www.esi.it\/it\/wp-json\/wp\/v2\/pages\/511"}],"collection":[{"href":"https:\/\/www.esi.it\/it\/wp-json\/wp\/v2\/pages"}],"about":[{"href":"https:\/\/www.esi.it\/it\/wp-json\/wp\/v2\/types\/page"}],"author":[{"embeddable":true,"href":"https:\/\/www.esi.it\/it\/wp-json\/wp\/v2\/users\/7"}],"replies":[{"embeddable":true,"href":"https:\/\/www.esi.it\/it\/wp-json\/wp\/v2\/comments?post=511"}],"version-history":[{"count":0,"href":"https:\/\/www.esi.it\/it\/wp-json\/wp\/v2\/pages\/511\/revisions"}],"up":[{"embeddable":true,"href":"https:\/\/www.esi.it\/it\/wp-json\/wp\/v2\/pages\/509"}],"wp:featuredmedia":[{"embeddable":true,"href":"https:\/\/www.esi.it\/it\/wp-json\/wp\/v2\/media\/1494"}],"wp:attachment":[{"href":"https:\/\/www.esi.it\/it\/wp-json\/wp\/v2\/media?parent=511"}],"curies":[{"name":"wp","href":"https:\/\/api.w.org\/{rel}","templated":true}]}}