{"id":26140,"date":"2023-09-06T10:05:15","date_gmt":"2023-09-06T08:05:15","guid":{"rendered":"https:\/\/www.esi.it\/?page_id=26140"},"modified":"2025-09-17T09:21:50","modified_gmt":"2025-09-17T07:21:50","slug":"sicurezza-alimentare-e-qualita","status":"publish","type":"page","link":"https:\/\/www.esi.it\/it\/azienda-esi\/sicurezza-alimentare-e-qualita\/","title":{"rendered":"Politica per la sicurezza alimentare e la qualit\u00e0"},"content":{"rendered":"<p><img decoding=\"async\" loading=\"lazy\" class=\"alignnone wp-image-12526 size-full\" src=\"\/wp-content\/uploads\/2024\/06\/politica-sicurezza-aziendale.jpg\" alt=\"Politica per la sicurezza alimentare\" width=\"764\" height=\"356\" \/><\/p>\n<p>Con l\u2019adozione di un <strong>Sistema di Gestione<\/strong> conforme alle norme UNI EN ISO 22000 ed ISO 9001, Esi s.r.l. ha inteso formalizzare il proprio impegno per la<strong> Sicurezza alimentare<\/strong> e la Qualit\u00e0 nell\u2019ambito delle proprie attivit\u00e0, nella convinzione che tale impegno sia fondamentale per garantire i livelli raggiunti e la propria reputazione aziendale e di Gruppo. La qualit\u00e0 \u00e8 il pilastro della nostra crescita e un valore che guida ogni nostra azione.<\/p>\n<p>&nbsp;<\/p>\n<p>L&#8217;Azienda ritiene di avere responsabilit\u00e0 nei confronti:<\/p>\n<ul style=\"list-style: disc; margin-left: 13px; line-height: 1.2em;\">\n<li>dei Consumatori, che si aspettano un prodotto sicuro, rispondente alla normativa vigente ed alle proprie aspettative e che sia garantito dai controlli in tutte le fasi della produzione<\/li>\n<li>dei Clienti, che si aspettano di vedere accolte e rispettate le richieste di ricevere un prodotto soddisfacente e rispondente ai requisiti di sicurezza alimentare e qualit\u00e0<\/li>\n<li>dei Dipendenti, che si aspettano di operare in un ambiente sicuro e motivante<\/li>\n<li>dei Fornitori, scelti in base alla loro coerenza con gli obiettivi che l\u2019Azienda ha individuato<\/li>\n<li>del Gruppo, che si aspetta di incrementare la redditivit\u00e0 attraverso l\u2019aumento delle vendite e l\u2019espansione su nuovi mercati<\/li>\n<\/ul>\n<p>Gli obiettivi strategici generali nell\u2019ambito della presente politica sono i seguenti:<\/p>\n<ul style=\"list-style: disc; margin-left: 13px; line-height: 1.2em;\">\n<li>agire sempre nel pieno rispetto della legislazione, nonch\u00e9 dei regolamenti e normative applicabili, ponendo particolare attenzione all\u2019aggiornamento continuo<\/li>\n<li>garantire la tutela del prodotto in tutte le fasi del processo produttivo, identificando e monitorando eventuali pericoli significativi per la Sicurezza alimentare e per la Qualit\u00e0<\/li>\n<li>sviluppare e mantenere un gruppo motivato e di alta qualit\u00e0, in un ambiente che incoraggi il talento, la delega, la creativit\u00e0 e la crescita professionale, anche grazie all\u2019adozione di programmi formativi finalizzati a sviluppare competenze relative alla sicurezza alimentare e ad accrescere la consapevolezza ed il miglioramento della capacit\u00e0 comunicative<\/li>\n<li>mantenere un\u2019efficace comunicazione con tutte le parti interessate, cos\u00ec come definite nell\u2019Analisi del contesto, per far conoscere\/estendere gli obiettivi di sicurezza alimentare e qualit\u00e0<\/li>\n<\/ul>\n<ul style=\"list-style: disc; margin-left: 13px; line-height: 1.2em;\">\n<li>assicurare il miglioramento continuo del proprio SGSA, attraverso il coinvolgimento costante della Direzione e di tutto il Personale.<\/li>\n<li>diffondere la cultura della sicurezza alimentare, aumentando la consapevolezza e migliorando i comportamenti dei dipendenti.<\/li>\n<li>raggiungere il minor impatto possibile, perch\u00e9 la sostenibilit\u00e0 non \u00e8 solo un obiettivo ecologico, ma la chiave per mitigare il cambiamento climatico, promuovendo un equilibrio vitale tra il benessere umano, la prosperit\u00e0 economica e la salute del nostro pianeta.<\/li>\n<\/ul>\n<p>&nbsp;<\/p>\n<p>\u00e8\u00a0volont\u00e0 di Esi mantenere attiva ed operante la propria politica, con l\u2019impegno di divulgarla al personale dipendente, ai fornitori e clienti, nonch\u00e9 a chiunque ne faccia motivata richiesta al fine di mantenere nel tempo un dialogo aperto con tutte le parti interessate in merito alla gestione dei propri aspetti di <strong>Sicurezza alimentare<\/strong> e <strong>qualit\u00e0<\/strong>.<\/p>\n<p>La nostra politica della qualit\u00e0 riflette la nostra dedizione al miglioramento continuo e alla soddisfazione totale del cliente. Ogni membro dell&#8217;organizzazione \u00e8 responsabile del mantenimento e del perfezionamento degli standard di qualit\u00e0 in ogni fase del processo.<\/p>\n<p>Riconosciamo che la qualit\u00e0 \u00e8 un percorso dinamico, non una destinazione. Pertanto, ci impegniamo a rivedere regolarmente i nostri processi, ad abbracciare l&#8217;innovazione e a valorizzare il feedback di clienti e collaboratori per un&#8217;evoluzione costante. La qualit\u00e0 \u00e8 responsabilit\u00e0 di tutti. Ci impegniamo a formare e responsabilizzare ogni collaboratore, fornendo gli strumenti e le risorse necessarie per eccellere nel proprio ruolo e contribuire attivamente al successo complessivo dell&#8217;azienda e la Direzione si assicura che la presente politica sia compresa, attuata e mantenuta da tutto il personale. Tutti i componenti dell&#8217;organizzazione di Esi s.r.l. sono tenuti a rispettare le prescrizioni per l&#8217;attuazione del Sistema di Gestione per la Sicurezza Alimentare e per la Qualit\u00e0.<\/p>\n","protected":false},"excerpt":{"rendered":"<p>Con l\u2019adozione di un Sistema di Gestione conforme alle norme UNI EN [&hellip;]<\/p>\n","protected":false},"author":7,"featured_media":0,"parent":1316,"menu_order":0,"comment_status":"closed","ping_status":"closed","template":"istitutionals.php","meta":[],"acf":[],"yoast_head":"<!-- This site is optimized with the Yoast SEO plugin v21.1 - https:\/\/yoast.com\/wordpress\/plugins\/seo\/ -->\n<title>Politica per la sicurezza alimentare e la qualit\u00e0<\/title>\n<meta name=\"description\" content=\"ESI s.r.l. si impegna nel rispetto della Sicurezza alimentare e la Qualit\u00e0 nell\u2019ambito delle proprie attivit\u00e0. Scopri di pi\u00f9!\" \/>\n<meta name=\"robots\" content=\"index, follow, max-snippet:-1, max-image-preview:large, max-video-preview:-1\" \/>\n<link rel=\"canonical\" href=\"https:\/\/www.esi.it\/it\/azienda-esi\/sicurezza-alimentare-e-qualita\/\" \/>\n<meta property=\"og:locale\" content=\"it_IT\" \/>\n<meta property=\"og:type\" content=\"article\" \/>\n<meta property=\"og:title\" content=\"Politica per la sicurezza alimentare e la qualit\u00e0\" \/>\n<meta property=\"og:description\" content=\"ESI s.r.l. si impegna nel rispetto della Sicurezza alimentare e la Qualit\u00e0 nell\u2019ambito delle proprie attivit\u00e0. Scopri di pi\u00f9!\" \/>\n<meta property=\"og:url\" content=\"https:\/\/www.esi.it\/it\/azienda-esi\/sicurezza-alimentare-e-qualita\/\" \/>\n<meta property=\"og:site_name\" content=\"ESI srl\" \/>\n<meta property=\"article:publisher\" content=\"https:\/\/www.facebook.com\/esi.italia\" \/>\n<meta property=\"article:modified_time\" content=\"2025-09-17T07:21:50+00:00\" \/>\n<meta name=\"twitter:label1\" content=\"Tempo di lettura stimato\" \/>\n\t<meta name=\"twitter:data1\" content=\"3 minuti\" \/>\n<script type=\"application\/ld+json\" class=\"yoast-schema-graph\">{\"@context\":\"https:\/\/schema.org\",\"@graph\":[{\"@type\":\"WebPage\",\"@id\":\"https:\/\/www.esi.it\/it\/azienda-esi\/sicurezza-alimentare-e-qualita\/\",\"url\":\"https:\/\/www.esi.it\/it\/azienda-esi\/sicurezza-alimentare-e-qualita\/\",\"name\":\"Politica per la sicurezza alimentare e la qualit\u00e0\",\"isPartOf\":{\"@id\":\"https:\/\/www.esi.it\/it\/#website\"},\"datePublished\":\"2023-09-06T08:05:15+00:00\",\"dateModified\":\"2025-09-17T07:21:50+00:00\",\"description\":\"ESI s.r.l. si impegna nel rispetto della Sicurezza alimentare e la Qualit\u00e0 nell\u2019ambito delle proprie attivit\u00e0. Scopri di pi\u00f9!\",\"breadcrumb\":{\"@id\":\"https:\/\/www.esi.it\/it\/azienda-esi\/sicurezza-alimentare-e-qualita\/#breadcrumb\"},\"inLanguage\":\"it-IT\",\"potentialAction\":[{\"@type\":\"ReadAction\",\"target\":[\"https:\/\/www.esi.it\/it\/azienda-esi\/sicurezza-alimentare-e-qualita\/\"]}]},{\"@type\":\"BreadcrumbList\",\"@id\":\"https:\/\/www.esi.it\/it\/azienda-esi\/sicurezza-alimentare-e-qualita\/#breadcrumb\",\"itemListElement\":[{\"@type\":\"ListItem\",\"position\":1,\"name\":\"Azienda\",\"item\":\"https:\/\/www.esi.it\/it\/azienda-esi\/\"},{\"@type\":\"ListItem\",\"position\":2,\"name\":\"Politica per la sicurezza alimentare e la qualit\u00e0\"}]},{\"@type\":\"WebSite\",\"@id\":\"https:\/\/www.esi.it\/it\/#website\",\"url\":\"https:\/\/www.esi.it\/it\/\",\"name\":\"ESI srl\",\"description\":\"Prodotti fitoterapici, dietetici ed integratori alimentari\",\"publisher\":{\"@id\":\"https:\/\/www.esi.it\/it\/#organization\"},\"potentialAction\":[{\"@type\":\"SearchAction\",\"target\":{\"@type\":\"EntryPoint\",\"urlTemplate\":\"https:\/\/www.esi.it\/it\/?s={search_term_string}\"},\"query-input\":\"required name=search_term_string\"}],\"inLanguage\":\"it-IT\"},{\"@type\":\"Organization\",\"@id\":\"https:\/\/www.esi.it\/it\/#organization\",\"name\":\"ESI Srl\",\"alternateName\":\"ESI\",\"url\":\"https:\/\/www.esi.it\/it\/\",\"logo\":{\"@type\":\"ImageObject\",\"inLanguage\":\"it-IT\",\"@id\":\"https:\/\/www.esi.it\/it\/#\/schema\/logo\/image\/\",\"url\":\"https:\/\/www.esi.it\/wp-content\/uploads\/2025\/05\/esi-logo.jpg\",\"contentUrl\":\"https:\/\/www.esi.it\/wp-content\/uploads\/2025\/05\/esi-logo.jpg\",\"width\":300,\"height\":300,\"caption\":\"ESI Srl\"},\"image\":{\"@id\":\"https:\/\/www.esi.it\/it\/#\/schema\/logo\/image\/\"},\"sameAs\":[\"https:\/\/www.facebook.com\/esi.italia\",\"http:\/\/www.instagram.com\/esi.italia\",\"https:\/\/www.youtube.com\/user\/ESIBenessereNaturale\"]}]}<\/script>\n<!-- \/ Yoast SEO plugin. -->","yoast_head_json":{"title":"Politica per la sicurezza alimentare e la qualit\u00e0","description":"ESI s.r.l. si impegna nel rispetto della Sicurezza alimentare e la Qualit\u00e0 nell\u2019ambito delle proprie attivit\u00e0. Scopri di pi\u00f9!","robots":{"index":"index","follow":"follow","max-snippet":"max-snippet:-1","max-image-preview":"max-image-preview:large","max-video-preview":"max-video-preview:-1"},"canonical":"https:\/\/www.esi.it\/it\/azienda-esi\/sicurezza-alimentare-e-qualita\/","og_locale":"it_IT","og_type":"article","og_title":"Politica per la sicurezza alimentare e la qualit\u00e0","og_description":"ESI s.r.l. si impegna nel rispetto della Sicurezza alimentare e la Qualit\u00e0 nell\u2019ambito delle proprie attivit\u00e0. Scopri di pi\u00f9!","og_url":"https:\/\/www.esi.it\/it\/azienda-esi\/sicurezza-alimentare-e-qualita\/","og_site_name":"ESI srl","article_publisher":"https:\/\/www.facebook.com\/esi.italia","article_modified_time":"2025-09-17T07:21:50+00:00","twitter_misc":{"Tempo di lettura stimato":"3 minuti"},"schema":{"@context":"https:\/\/schema.org","@graph":[{"@type":"WebPage","@id":"https:\/\/www.esi.it\/it\/azienda-esi\/sicurezza-alimentare-e-qualita\/","url":"https:\/\/www.esi.it\/it\/azienda-esi\/sicurezza-alimentare-e-qualita\/","name":"Politica per la sicurezza alimentare e la qualit\u00e0","isPartOf":{"@id":"https:\/\/www.esi.it\/it\/#website"},"datePublished":"2023-09-06T08:05:15+00:00","dateModified":"2025-09-17T07:21:50+00:00","description":"ESI s.r.l. si impegna nel rispetto della Sicurezza alimentare e la Qualit\u00e0 nell\u2019ambito delle proprie attivit\u00e0. Scopri di pi\u00f9!","breadcrumb":{"@id":"https:\/\/www.esi.it\/it\/azienda-esi\/sicurezza-alimentare-e-qualita\/#breadcrumb"},"inLanguage":"it-IT","potentialAction":[{"@type":"ReadAction","target":["https:\/\/www.esi.it\/it\/azienda-esi\/sicurezza-alimentare-e-qualita\/"]}]},{"@type":"BreadcrumbList","@id":"https:\/\/www.esi.it\/it\/azienda-esi\/sicurezza-alimentare-e-qualita\/#breadcrumb","itemListElement":[{"@type":"ListItem","position":1,"name":"Azienda","item":"https:\/\/www.esi.it\/it\/azienda-esi\/"},{"@type":"ListItem","position":2,"name":"Politica per la sicurezza alimentare e la qualit\u00e0"}]},{"@type":"WebSite","@id":"https:\/\/www.esi.it\/it\/#website","url":"https:\/\/www.esi.it\/it\/","name":"ESI srl","description":"Prodotti fitoterapici, dietetici ed integratori alimentari","publisher":{"@id":"https:\/\/www.esi.it\/it\/#organization"},"potentialAction":[{"@type":"SearchAction","target":{"@type":"EntryPoint","urlTemplate":"https:\/\/www.esi.it\/it\/?s={search_term_string}"},"query-input":"required name=search_term_string"}],"inLanguage":"it-IT"},{"@type":"Organization","@id":"https:\/\/www.esi.it\/it\/#organization","name":"ESI Srl","alternateName":"ESI","url":"https:\/\/www.esi.it\/it\/","logo":{"@type":"ImageObject","inLanguage":"it-IT","@id":"https:\/\/www.esi.it\/it\/#\/schema\/logo\/image\/","url":"https:\/\/www.esi.it\/wp-content\/uploads\/2025\/05\/esi-logo.jpg","contentUrl":"https:\/\/www.esi.it\/wp-content\/uploads\/2025\/05\/esi-logo.jpg","width":300,"height":300,"caption":"ESI Srl"},"image":{"@id":"https:\/\/www.esi.it\/it\/#\/schema\/logo\/image\/"},"sameAs":["https:\/\/www.facebook.com\/esi.italia","http:\/\/www.instagram.com\/esi.italia","https:\/\/www.youtube.com\/user\/ESIBenessereNaturale"]}]}},"publishpress_future_action":{"enabled":false,"date":"2026-05-10 11:52:01","action":"draft","terms":[],"taxonomy":"translation_priority"},"_links":{"self":[{"href":"https:\/\/www.esi.it\/it\/wp-json\/wp\/v2\/pages\/26140"}],"collection":[{"href":"https:\/\/www.esi.it\/it\/wp-json\/wp\/v2\/pages"}],"about":[{"href":"https:\/\/www.esi.it\/it\/wp-json\/wp\/v2\/types\/page"}],"author":[{"embeddable":true,"href":"https:\/\/www.esi.it\/it\/wp-json\/wp\/v2\/users\/7"}],"replies":[{"embeddable":true,"href":"https:\/\/www.esi.it\/it\/wp-json\/wp\/v2\/comments?post=26140"}],"version-history":[{"count":0,"href":"https:\/\/www.esi.it\/it\/wp-json\/wp\/v2\/pages\/26140\/revisions"}],"up":[{"embeddable":true,"href":"https:\/\/www.esi.it\/it\/wp-json\/wp\/v2\/pages\/1316"}],"wp:attachment":[{"href":"https:\/\/www.esi.it\/it\/wp-json\/wp\/v2\/media?parent=26140"}],"curies":[{"name":"wp","href":"https:\/\/api.w.org\/{rel}","templated":true}]}}