{"id":1316,"date":"2015-07-14T13:27:19","date_gmt":"2015-07-14T13:27:19","guid":{"rendered":"https:\/\/www.esi.it\/it\/?page_id=1316"},"modified":"2024-06-19T09:13:41","modified_gmt":"2024-06-19T07:13:41","slug":"azienda-esi","status":"publish","type":"page","link":"https:\/\/www.esi.it\/it\/azienda-esi\/","title":{"rendered":"Azienda"},"content":{"rendered":"<p><strong>NASCITA<\/strong><br \/>\nDal 1975 ESI\u00ae opera nel settore dei prodotti fitoterapici, dietetici e degli alimenti naturali.<br \/>\nInizialmente il marchio ESI\u00ae identificava una linea di formulazioni brevettate importate direttamente dalla Svizzera. Successivamente \u00e8 arrivata la scelta di sviluppare e produrre formulazioni innovative in linea con le ultime ricerche scientifiche e le richieste del mercato.<br \/>\nDalla sua fondazione, ESI\u00ae mantiene fede ai legami con il territorio e con le persone, favorendo uno sviluppo industriale sostenibile. Il nuovissimo stabilimento di produzione \u00e8 situato nella riviera ligure di ponente ad Albissola Marina, ai piedi di verdi colline e a soli 800 metri dal mare.<\/p>\n<p><strong>CRESCITA<\/strong><\/p>\n<p>Sviluppiamo e produciamo internamente i nostri integratori alimentari. La nostra attivit\u00e0 si concentra sullo sviluppo, la distribuzione e la commercializzazione di prodotti di qualit\u00e0, creati e formulati con l\u2019obiettivo di offrire una soluzione completa ai bisogni di salute e benessere dei consumatori. Per scelta abbiamo una distribuzione esclusiva presso canali di vendita quali farmacie fisiche e online, parafarmacie ed erboristerie; una scelta dettata dalla volont\u00e0 di posizionare i prodotti in punti vendita che fossero attenti alle necessit\u00e0 dei consumatori, con i quali creare una relazione di fiducia. I nostri prodotti sono riconosciuti a livello internazionale per qualit\u00e0, sicurezza ed efficacia.<\/p>\n<p><strong>EVOLUZIONE<\/strong><\/p>\n<p>Nel 2019 ESI\u00ae viene acquisita dal Gruppo SODALIS, leader italiano nel mercato Health, Beauty &amp; Personal Care, con oltre 20 marchi di propriet\u00e0, oltre 1000 dipendenti, 4 laboratori di ricerca, 4 impianti di produzione e 4 filiali estere. Grazie a questo nuovo assetto l\u2019Azienda acquisisce oggi un nuovo importante know-how nel mondo della dermocosmesi di alta gamma ed ha inaugurato il nuovo stabilimento di produzione che si sviluppa su una superficie di 20.000 mq ed ospita impianti di produzione di ultima generazione, sia per prodotti orali solidi (compresse, opercoli) che liquidi in diversi formati.<\/p>\n<p><strong>I NOSTRI PILASTRI:<\/strong><\/p>\n<p>La <strong>RICERCA<\/strong>, in collaborazione con le principali universit\u00e0 italiane ed i principali centri di ricerca nazionali ed internazionali, consente all\u2019Azienda di essere sempre all\u2019avanguardia nello sviluppo dei propri prodotti.<\/p>\n<p>Una <strong>SELEZIONE<\/strong> severa, ed un accurato controllo delle materie prime, hanno portato ESI\u00ae ad attestarsi tra le primarie aziende produttrici nel settore dei prodotti naturali e ad essere la societ\u00e0 italiana di integratori pi\u00f9 distribuita nel mondo.<\/p>\n<p>Una <strong>PRODUZIONE<\/strong> ai pi\u00f9 alti livelli qualitativi, grazie a impianti di produzione e di controllo di ultima generazione, garantisce flessibilit\u00e0, capacit\u00e0 produttiva e qualit\u00e0 tra le pi\u00f9 alte sul territorio nazionale.<\/p>\n<p>La <strong>QUALIT\u00c0<\/strong> ha portato ESI\u00ae ad ottenere la certificazione ISO 9001 che garantisce la qualit\u00e0 totale lungo tutta la filiera, dalla progettazione, alla produzione, alla commercializzazione dei propri prodotti. La metodologia produttiva, ed il severo controllo di qualit\u00e0, hanno indotto il Ministero della Sanit\u00e0 a rilasciare ad ESI\u00ae l\u2019autorizzazione per la produzione ed il confezionamento di integratori alimentari.<\/p>\n<p>L\u2019<strong>INTERNAZIONALIT\u00c0<\/strong> di ESI\u00ae \u00e8 testimoniata dalla presenza dei propri prodotti in oltre 50 paesi europei ed extraeuropei.<\/p>\n","protected":false},"excerpt":{"rendered":"<p>NASCITA Dal 1975 ESI\u00ae opera nel settore dei prodotti fitoterapici, dietetici e [&hellip;]<\/p>\n","protected":false},"author":7,"featured_media":17189,"parent":0,"menu_order":0,"comment_status":"closed","ping_status":"open","template":"istitutionals.php","meta":[],"acf":[],"yoast_head":"<!-- This site is optimized with the Yoast SEO plugin v21.1 - https:\/\/yoast.com\/wordpress\/plugins\/seo\/ -->\n<title>ESI - Fitoterapia e integratori naturali dal 1975<\/title>\n<meta name=\"description\" content=\"ESI \u00e8 leader nella fitoterapia e integrazione dietetica, con prodotti salutistici, cosmetici e dietetici. Scopri di pi\u00f9.\" \/>\n<meta name=\"robots\" content=\"index, follow, max-snippet:-1, max-image-preview:large, max-video-preview:-1\" \/>\n<link rel=\"canonical\" href=\"https:\/\/www.esi.it\/it\/azienda-esi\/\" \/>\n<meta property=\"og:locale\" content=\"it_IT\" \/>\n<meta property=\"og:type\" content=\"article\" \/>\n<meta property=\"og:title\" content=\"ESI - Fitoterapia e integratori naturali dal 1975\" \/>\n<meta property=\"og:description\" content=\"ESI \u00e8 leader nella fitoterapia e integrazione dietetica, con prodotti salutistici, cosmetici e dietetici. Scopri di pi\u00f9.\" \/>\n<meta property=\"og:url\" content=\"https:\/\/www.esi.it\/it\/azienda-esi\/\" \/>\n<meta property=\"og:site_name\" content=\"ESI srl\" \/>\n<meta property=\"article:publisher\" content=\"https:\/\/www.facebook.com\/esi.italia\" \/>\n<meta property=\"article:modified_time\" content=\"2024-06-19T07:13:41+00:00\" \/>\n<meta property=\"og:image\" content=\"https:\/\/www.esi.it\/wp-content\/uploads\/2020\/10\/azienda-new.jpg\" \/>\n\t<meta property=\"og:image:width\" content=\"764\" \/>\n\t<meta property=\"og:image:height\" content=\"356\" \/>\n\t<meta property=\"og:image:type\" content=\"image\/jpeg\" \/>\n<meta name=\"twitter:label1\" content=\"Tempo di lettura stimato\" \/>\n\t<meta name=\"twitter:data1\" content=\"3 minuti\" \/>\n<script type=\"application\/ld+json\" class=\"yoast-schema-graph\">{\"@context\":\"https:\/\/schema.org\",\"@graph\":[{\"@type\":\"WebPage\",\"@id\":\"https:\/\/www.esi.it\/it\/azienda-esi\/\",\"url\":\"https:\/\/www.esi.it\/it\/azienda-esi\/\",\"name\":\"ESI - Fitoterapia e integratori naturali dal 1975\",\"isPartOf\":{\"@id\":\"https:\/\/www.esi.it\/it\/#website\"},\"datePublished\":\"2015-07-14T13:27:19+00:00\",\"dateModified\":\"2024-06-19T07:13:41+00:00\",\"description\":\"ESI \u00e8 leader nella fitoterapia e integrazione dietetica, con prodotti salutistici, cosmetici e dietetici. Scopri di pi\u00f9.\",\"inLanguage\":\"it-IT\",\"potentialAction\":[{\"@type\":\"ReadAction\",\"target\":[\"https:\/\/www.esi.it\/it\/azienda-esi\/\"]}]},{\"@type\":\"WebSite\",\"@id\":\"https:\/\/www.esi.it\/it\/#website\",\"url\":\"https:\/\/www.esi.it\/it\/\",\"name\":\"ESI srl\",\"description\":\"Prodotti fitoterapici, dietetici ed integratori alimentari\",\"publisher\":{\"@id\":\"https:\/\/www.esi.it\/it\/#organization\"},\"potentialAction\":[{\"@type\":\"SearchAction\",\"target\":{\"@type\":\"EntryPoint\",\"urlTemplate\":\"https:\/\/www.esi.it\/it\/?s={search_term_string}\"},\"query-input\":\"required name=search_term_string\"}],\"inLanguage\":\"it-IT\"},{\"@type\":\"Organization\",\"@id\":\"https:\/\/www.esi.it\/it\/#organization\",\"name\":\"ESI Srl\",\"alternateName\":\"ESI\",\"url\":\"https:\/\/www.esi.it\/it\/\",\"logo\":{\"@type\":\"ImageObject\",\"inLanguage\":\"it-IT\",\"@id\":\"https:\/\/www.esi.it\/it\/#\/schema\/logo\/image\/\",\"url\":\"https:\/\/www.esi.it\/wp-content\/uploads\/2025\/05\/esi-logo.jpg\",\"contentUrl\":\"https:\/\/www.esi.it\/wp-content\/uploads\/2025\/05\/esi-logo.jpg\",\"width\":300,\"height\":300,\"caption\":\"ESI Srl\"},\"image\":{\"@id\":\"https:\/\/www.esi.it\/it\/#\/schema\/logo\/image\/\"},\"sameAs\":[\"https:\/\/www.facebook.com\/esi.italia\",\"http:\/\/www.instagram.com\/esi.italia\",\"https:\/\/www.youtube.com\/user\/ESIBenessereNaturale\"]}]}<\/script>\n<!-- \/ Yoast SEO plugin. -->","yoast_head_json":{"title":"ESI - Fitoterapia e integratori naturali dal 1975","description":"ESI \u00e8 leader nella fitoterapia e integrazione dietetica, con prodotti salutistici, cosmetici e dietetici. Scopri di pi\u00f9.","robots":{"index":"index","follow":"follow","max-snippet":"max-snippet:-1","max-image-preview":"max-image-preview:large","max-video-preview":"max-video-preview:-1"},"canonical":"https:\/\/www.esi.it\/it\/azienda-esi\/","og_locale":"it_IT","og_type":"article","og_title":"ESI - Fitoterapia e integratori naturali dal 1975","og_description":"ESI \u00e8 leader nella fitoterapia e integrazione dietetica, con prodotti salutistici, cosmetici e dietetici. Scopri di pi\u00f9.","og_url":"https:\/\/www.esi.it\/it\/azienda-esi\/","og_site_name":"ESI srl","article_publisher":"https:\/\/www.facebook.com\/esi.italia","article_modified_time":"2024-06-19T07:13:41+00:00","og_image":[{"width":764,"height":356,"url":"https:\/\/www.esi.it\/wp-content\/uploads\/2020\/10\/azienda-new.jpg","type":"image\/jpeg"}],"twitter_misc":{"Tempo di lettura stimato":"3 minuti"},"schema":{"@context":"https:\/\/schema.org","@graph":[{"@type":"WebPage","@id":"https:\/\/www.esi.it\/it\/azienda-esi\/","url":"https:\/\/www.esi.it\/it\/azienda-esi\/","name":"ESI - Fitoterapia e integratori naturali dal 1975","isPartOf":{"@id":"https:\/\/www.esi.it\/it\/#website"},"datePublished":"2015-07-14T13:27:19+00:00","dateModified":"2024-06-19T07:13:41+00:00","description":"ESI \u00e8 leader nella fitoterapia e integrazione dietetica, con prodotti salutistici, cosmetici e dietetici. Scopri di pi\u00f9.","inLanguage":"it-IT","potentialAction":[{"@type":"ReadAction","target":["https:\/\/www.esi.it\/it\/azienda-esi\/"]}]},{"@type":"WebSite","@id":"https:\/\/www.esi.it\/it\/#website","url":"https:\/\/www.esi.it\/it\/","name":"ESI srl","description":"Prodotti fitoterapici, dietetici ed integratori alimentari","publisher":{"@id":"https:\/\/www.esi.it\/it\/#organization"},"potentialAction":[{"@type":"SearchAction","target":{"@type":"EntryPoint","urlTemplate":"https:\/\/www.esi.it\/it\/?s={search_term_string}"},"query-input":"required name=search_term_string"}],"inLanguage":"it-IT"},{"@type":"Organization","@id":"https:\/\/www.esi.it\/it\/#organization","name":"ESI Srl","alternateName":"ESI","url":"https:\/\/www.esi.it\/it\/","logo":{"@type":"ImageObject","inLanguage":"it-IT","@id":"https:\/\/www.esi.it\/it\/#\/schema\/logo\/image\/","url":"https:\/\/www.esi.it\/wp-content\/uploads\/2025\/05\/esi-logo.jpg","contentUrl":"https:\/\/www.esi.it\/wp-content\/uploads\/2025\/05\/esi-logo.jpg","width":300,"height":300,"caption":"ESI Srl"},"image":{"@id":"https:\/\/www.esi.it\/it\/#\/schema\/logo\/image\/"},"sameAs":["https:\/\/www.facebook.com\/esi.italia","http:\/\/www.instagram.com\/esi.italia","https:\/\/www.youtube.com\/user\/ESIBenessereNaturale"]}]}},"publishpress_future_action":{"enabled":false,"date":"2026-04-19 23:19:49","action":"draft","terms":[],"taxonomy":"translation_priority"},"_links":{"self":[{"href":"https:\/\/www.esi.it\/it\/wp-json\/wp\/v2\/pages\/1316"}],"collection":[{"href":"https:\/\/www.esi.it\/it\/wp-json\/wp\/v2\/pages"}],"about":[{"href":"https:\/\/www.esi.it\/it\/wp-json\/wp\/v2\/types\/page"}],"author":[{"embeddable":true,"href":"https:\/\/www.esi.it\/it\/wp-json\/wp\/v2\/users\/7"}],"replies":[{"embeddable":true,"href":"https:\/\/www.esi.it\/it\/wp-json\/wp\/v2\/comments?post=1316"}],"version-history":[{"count":0,"href":"https:\/\/www.esi.it\/it\/wp-json\/wp\/v2\/pages\/1316\/revisions"}],"wp:featuredmedia":[{"embeddable":true,"href":"https:\/\/www.esi.it\/it\/wp-json\/wp\/v2\/media\/17189"}],"wp:attachment":[{"href":"https:\/\/www.esi.it\/it\/wp-json\/wp\/v2\/media?parent=1316"}],"curies":[{"name":"wp","href":"https:\/\/api.w.org\/{rel}","templated":true}]}}