{"id":7836,"date":"2016-12-05T15:00:59","date_gmt":"2016-12-05T14:00:59","guid":{"rendered":"https:\/\/www.esi.it\/fr\/?page_id=7836"},"modified":"2022-09-26T15:02:47","modified_gmt":"2022-09-26T13:02:47","slug":"ingredients-produits-phytotherapique","status":"publish","type":"page","link":"https:\/\/www.esi.it\/fr\/ingredients-produits-phytotherapique\/","title":{"rendered":"Ingr\u00e9dients"},"content":{"rendered":"<p class=\"column\">ESI utilise depuis toujours <strong>uniquement des ingr\u00e9dients soigneusement s\u00e9lectionn\u00e9s<\/strong> pour garantir des produits de phytoth\u00e9rapie de haute qualit\u00e9. Chaque mati\u00e8re premi\u00e8re utilis\u00e9e est certifi\u00e9e et subit un contr\u00f4le de qualit\u00e9 rigoureux dans des laboratoires hautement sp\u00e9cialis\u00e9s. Depuis toujours, ESI respecte les standards les plus \u00e9lev\u00e9s en mati\u00e8re de qualit\u00e9 des mati\u00e8res premi\u00e8res, gr\u00e2ce aux syst\u00e8mes de production et de contr\u00f4le les plus modernes. Faire connaitre nos ingr\u00e9dients et garantir une transparence maximale quant aux produits fait partie des objectifs de l&rsquo;entreprise, afin de promouvoir un achat conscient et s\u00fbr, pour le bien-\u00eatre de tous. Recherchez l&rsquo;ingr\u00e9dient qui vous int\u00e9resse dans la liste ci-dessous, et d\u00e9couvrez tous ses principes actifs et ses bienfaits, ainsi que les <strong>produits ESI<\/strong> dans lesquels il est utilis\u00e9.<\/p>\n","protected":false},"excerpt":{"rendered":"<p>ESI utilise depuis toujours uniquement des ingr\u00e9dients soigneusement s\u00e9lectionn\u00e9s pour garantir des [&hellip;]<\/p>\n","protected":false},"author":7,"featured_media":623,"parent":0,"menu_order":0,"comment_status":"closed","ping_status":"closed","template":"ingredienti-naturali.php","meta":[],"acf":[],"yoast_head":"<!-- This site is optimized with the Yoast SEO plugin v21.1 - https:\/\/yoast.com\/wordpress\/plugins\/seo\/ -->\n<title>Ingr\u00e9dients - ESI srl<\/title>\n<meta name=\"robots\" content=\"index, follow, max-snippet:-1, max-image-preview:large, max-video-preview:-1\" \/>\n<link rel=\"canonical\" href=\"https:\/\/www.esi.it\/fr\/ingredients-produits-phytotherapique\/\" \/>\n<meta property=\"og:locale\" content=\"fr_FR\" \/>\n<meta property=\"og:type\" content=\"article\" \/>\n<meta property=\"og:title\" content=\"Ingr\u00e9dients - ESI srl\" \/>\n<meta property=\"og:description\" content=\"ESI utilise depuis toujours uniquement des ingr\u00e9dients soigneusement s\u00e9lectionn\u00e9s pour garantir des [&hellip;]\" \/>\n<meta property=\"og:url\" content=\"https:\/\/www.esi.it\/fr\/ingredients-produits-phytotherapique\/\" \/>\n<meta property=\"og:site_name\" content=\"ESI srl\" \/>\n<meta property=\"article:publisher\" content=\"https:\/\/www.facebook.com\/esi.italia\" \/>\n<meta property=\"article:modified_time\" content=\"2022-09-26T13:02:47+00:00\" \/>\n<meta property=\"og:image\" content=\"https:\/\/www.esi.it\/wp-content\/uploads\/2015\/06\/testata-ingredienti.jpg\" \/>\n\t<meta property=\"og:image:width\" content=\"1920\" \/>\n\t<meta property=\"og:image:height\" content=\"226\" \/>\n\t<meta property=\"og:image:type\" content=\"image\/jpeg\" \/>\n<meta name=\"twitter:label1\" content=\"Dur\u00e9e de lecture estim\u00e9e\" \/>\n\t<meta name=\"twitter:data1\" content=\"1 minute\" \/>\n<script type=\"application\/ld+json\" class=\"yoast-schema-graph\">{\"@context\":\"https:\/\/schema.org\",\"@graph\":[{\"@type\":\"WebPage\",\"@id\":\"https:\/\/www.esi.it\/fr\/ingredients-produits-phytotherapique\/\",\"url\":\"https:\/\/www.esi.it\/fr\/ingredients-produits-phytotherapique\/\",\"name\":\"Ingr\u00e9dients - ESI srl\",\"isPartOf\":{\"@id\":\"https:\/\/www.esi.it\/it\/#website\"},\"datePublished\":\"2016-12-05T14:00:59+00:00\",\"dateModified\":\"2022-09-26T13:02:47+00:00\",\"inLanguage\":\"fr-FR\",\"potentialAction\":[{\"@type\":\"ReadAction\",\"target\":[\"https:\/\/www.esi.it\/fr\/ingredients-produits-phytotherapique\/\"]}]},{\"@type\":\"WebSite\",\"@id\":\"https:\/\/www.esi.it\/it\/#website\",\"url\":\"https:\/\/www.esi.it\/it\/\",\"name\":\"ESI srl\",\"description\":\"ESI dal 1975 leader in Italia e nel Mondo nel settore del benessere naturale\",\"publisher\":{\"@id\":\"https:\/\/www.esi.it\/it\/#organization\"},\"potentialAction\":[{\"@type\":\"SearchAction\",\"target\":{\"@type\":\"EntryPoint\",\"urlTemplate\":\"https:\/\/www.esi.it\/it\/?s={search_term_string}\"},\"query-input\":\"required name=search_term_string\"}],\"inLanguage\":\"fr-FR\"},{\"@type\":\"Organization\",\"@id\":\"https:\/\/www.esi.it\/it\/#organization\",\"name\":\"ESI Srl\",\"alternateName\":\"ESI\",\"url\":\"https:\/\/www.esi.it\/it\/\",\"logo\":{\"@type\":\"ImageObject\",\"inLanguage\":\"fr-FR\",\"@id\":\"https:\/\/www.esi.it\/it\/#\/schema\/logo\/image\/\",\"url\":\"https:\/\/www.esi.it\/wp-content\/uploads\/2025\/05\/esi-logo.jpg\",\"contentUrl\":\"https:\/\/www.esi.it\/wp-content\/uploads\/2025\/05\/esi-logo.jpg\",\"width\":300,\"height\":300,\"caption\":\"ESI Srl\"},\"image\":{\"@id\":\"https:\/\/www.esi.it\/it\/#\/schema\/logo\/image\/\"},\"sameAs\":[\"https:\/\/www.facebook.com\/esi.italia\",\"http:\/\/www.instagram.com\/esi.italia\",\"https:\/\/www.youtube.com\/user\/ESIBenessereNaturale\"]}]}<\/script>\n<!-- \/ Yoast SEO plugin. -->","yoast_head_json":{"title":"Ingr\u00e9dients - ESI srl","robots":{"index":"index","follow":"follow","max-snippet":"max-snippet:-1","max-image-preview":"max-image-preview:large","max-video-preview":"max-video-preview:-1"},"canonical":"https:\/\/www.esi.it\/fr\/ingredients-produits-phytotherapique\/","og_locale":"fr_FR","og_type":"article","og_title":"Ingr\u00e9dients - ESI srl","og_description":"ESI utilise depuis toujours uniquement des ingr\u00e9dients soigneusement s\u00e9lectionn\u00e9s pour garantir des [&hellip;]","og_url":"https:\/\/www.esi.it\/fr\/ingredients-produits-phytotherapique\/","og_site_name":"ESI srl","article_publisher":"https:\/\/www.facebook.com\/esi.italia","article_modified_time":"2022-09-26T13:02:47+00:00","og_image":[{"width":1920,"height":226,"url":"https:\/\/www.esi.it\/wp-content\/uploads\/2015\/06\/testata-ingredienti.jpg","type":"image\/jpeg"}],"twitter_misc":{"Dur\u00e9e de lecture estim\u00e9e":"1 minute"},"schema":{"@context":"https:\/\/schema.org","@graph":[{"@type":"WebPage","@id":"https:\/\/www.esi.it\/fr\/ingredients-produits-phytotherapique\/","url":"https:\/\/www.esi.it\/fr\/ingredients-produits-phytotherapique\/","name":"Ingr\u00e9dients - ESI srl","isPartOf":{"@id":"https:\/\/www.esi.it\/it\/#website"},"datePublished":"2016-12-05T14:00:59+00:00","dateModified":"2022-09-26T13:02:47+00:00","inLanguage":"fr-FR","potentialAction":[{"@type":"ReadAction","target":["https:\/\/www.esi.it\/fr\/ingredients-produits-phytotherapique\/"]}]},{"@type":"WebSite","@id":"https:\/\/www.esi.it\/it\/#website","url":"https:\/\/www.esi.it\/it\/","name":"ESI srl","description":"ESI dal 1975 leader in Italia e nel Mondo nel settore del benessere naturale","publisher":{"@id":"https:\/\/www.esi.it\/it\/#organization"},"potentialAction":[{"@type":"SearchAction","target":{"@type":"EntryPoint","urlTemplate":"https:\/\/www.esi.it\/it\/?s={search_term_string}"},"query-input":"required name=search_term_string"}],"inLanguage":"fr-FR"},{"@type":"Organization","@id":"https:\/\/www.esi.it\/it\/#organization","name":"ESI Srl","alternateName":"ESI","url":"https:\/\/www.esi.it\/it\/","logo":{"@type":"ImageObject","inLanguage":"fr-FR","@id":"https:\/\/www.esi.it\/it\/#\/schema\/logo\/image\/","url":"https:\/\/www.esi.it\/wp-content\/uploads\/2025\/05\/esi-logo.jpg","contentUrl":"https:\/\/www.esi.it\/wp-content\/uploads\/2025\/05\/esi-logo.jpg","width":300,"height":300,"caption":"ESI Srl"},"image":{"@id":"https:\/\/www.esi.it\/it\/#\/schema\/logo\/image\/"},"sameAs":["https:\/\/www.facebook.com\/esi.italia","http:\/\/www.instagram.com\/esi.italia","https:\/\/www.youtube.com\/user\/ESIBenessereNaturale"]}]}},"publishpress_future_action":{"enabled":false,"date":"2026-04-13 08:16:42","action":"draft","terms":[],"taxonomy":"translation_priority"},"_links":{"self":[{"href":"https:\/\/www.esi.it\/fr\/wp-json\/wp\/v2\/pages\/7836"}],"collection":[{"href":"https:\/\/www.esi.it\/fr\/wp-json\/wp\/v2\/pages"}],"about":[{"href":"https:\/\/www.esi.it\/fr\/wp-json\/wp\/v2\/types\/page"}],"author":[{"embeddable":true,"href":"https:\/\/www.esi.it\/fr\/wp-json\/wp\/v2\/users\/7"}],"replies":[{"embeddable":true,"href":"https:\/\/www.esi.it\/fr\/wp-json\/wp\/v2\/comments?post=7836"}],"version-history":[{"count":0,"href":"https:\/\/www.esi.it\/fr\/wp-json\/wp\/v2\/pages\/7836\/revisions"}],"wp:featuredmedia":[{"embeddable":true,"href":"https:\/\/www.esi.it\/fr\/wp-json\/wp\/v2\/media\/623"}],"wp:attachment":[{"href":"https:\/\/www.esi.it\/fr\/wp-json\/wp\/v2\/media?parent=7836"}],"curies":[{"name":"wp","href":"https:\/\/api.w.org\/{rel}","templated":true}]}}