{"id":6770,"date":"2016-11-03T11:38:07","date_gmt":"2016-11-03T10:38:07","guid":{"rendered":"https:\/\/www.esi.it\/fr\/?page_id=6770"},"modified":"2016-11-03T11:38:07","modified_gmt":"2016-11-03T10:38:07","slug":"recherche-et-developpement","status":"publish","type":"page","link":"https:\/\/www.esi.it\/fr\/recherche-et-developpement\/","title":{"rendered":"Recherche et d\u00e9veloppement"},"content":{"rendered":"<p>L\u2019engagement constant du personnel qualifi\u00e9, la recherche d\u2019experts comp\u00e9tents, un capital humain tourn\u00e9 jour apr\u00e8s jour vers l\u2019\u00e9tude et l\u2019innovation. La collaboration avec des universit\u00e9s et instituts de recherche.<\/p>\n<p>&nbsp;<\/p>\n<p>ESI a toujours cherch\u00e9 \u00e0 proposer des formulations m\u00ealant innovation et qualit\u00e9 \u00e9lev\u00e9e. Gr\u00e2ce \u00e0 l\u2019utilisation de m\u00e9thodes analytiques reconnues par la pharmacop\u00e9e officielle, \u00e0 l\u2019\u00e9tude des propri\u00e9t\u00e9s chimiques et herboristes des mati\u00e8res premi\u00e8res, \u00e0 leur utilisation et \u00e0 leur optimisation, ESI r\u00e9alise des formulations r\u00e9unissant des aspects innovants et une qualit\u00e9 \u00e9lev\u00e9e.<\/p>\n<p>&nbsp;<\/p>\n<p>ESI collabore avec des universit\u00e9s et des instituts de recherche en Italie et dans d\u2019autres pays afin de tester ses produits. Cette approche rigoureuse, emprunt\u00e9e \u00e0 l\u2019industrie pharmaceutique et appliqu\u00e9e au secteur des compl\u00e9ments alimentaires, permet de fournir une qualit\u00e9 encore sup\u00e9rieure aux consommateurs.<\/p>\n","protected":false},"excerpt":{"rendered":"<p>L\u2019engagement constant du personnel qualifi\u00e9, la recherche d\u2019experts comp\u00e9tents, un capital humain [&hellip;]<\/p>\n","protected":false},"author":7,"featured_media":2209,"parent":0,"menu_order":0,"comment_status":"closed","ping_status":"open","template":"istitutionals.php","meta":[],"acf":[],"yoast_head":"<!-- This site is optimized with the Yoast SEO plugin v21.1 - https:\/\/yoast.com\/wordpress\/plugins\/seo\/ -->\n<title>Recherche et d\u00e9veloppement - ESI srl<\/title>\n<meta name=\"robots\" content=\"index, follow, max-snippet:-1, max-image-preview:large, max-video-preview:-1\" \/>\n<link rel=\"canonical\" href=\"https:\/\/www.esi.it\/fr\/recherche-et-developpement\/\" \/>\n<meta property=\"og:locale\" content=\"fr_FR\" \/>\n<meta property=\"og:type\" content=\"article\" \/>\n<meta property=\"og:title\" content=\"Recherche et d\u00e9veloppement - ESI srl\" \/>\n<meta property=\"og:description\" content=\"L\u2019engagement constant du personnel qualifi\u00e9, la recherche d\u2019experts comp\u00e9tents, un capital humain [&hellip;]\" \/>\n<meta property=\"og:url\" content=\"https:\/\/www.esi.it\/fr\/recherche-et-developpement\/\" \/>\n<meta property=\"og:site_name\" content=\"ESI srl\" \/>\n<meta property=\"article:publisher\" content=\"https:\/\/www.facebook.com\/esi.italia\" \/>\n<meta property=\"og:image\" content=\"https:\/\/www.esi.it\/wp-content\/uploads\/2015\/06\/ricerca-sviluppo-box2.jpg\" \/>\n\t<meta property=\"og:image:width\" content=\"764\" \/>\n\t<meta property=\"og:image:height\" content=\"356\" \/>\n\t<meta property=\"og:image:type\" content=\"image\/jpeg\" \/>\n<meta name=\"twitter:label1\" content=\"Dur\u00e9e de lecture estim\u00e9e\" \/>\n\t<meta name=\"twitter:data1\" content=\"1 minute\" \/>\n<script type=\"application\/ld+json\" class=\"yoast-schema-graph\">{\"@context\":\"https:\/\/schema.org\",\"@graph\":[{\"@type\":\"WebPage\",\"@id\":\"https:\/\/www.esi.it\/fr\/recherche-et-developpement\/\",\"url\":\"https:\/\/www.esi.it\/fr\/recherche-et-developpement\/\",\"name\":\"Recherche et d\u00e9veloppement - ESI srl\",\"isPartOf\":{\"@id\":\"https:\/\/www.esi.it\/it\/#website\"},\"datePublished\":\"2016-11-03T10:38:07+00:00\",\"dateModified\":\"2016-11-03T10:38:07+00:00\",\"inLanguage\":\"fr-FR\",\"potentialAction\":[{\"@type\":\"ReadAction\",\"target\":[\"https:\/\/www.esi.it\/fr\/recherche-et-developpement\/\"]}]},{\"@type\":\"WebSite\",\"@id\":\"https:\/\/www.esi.it\/it\/#website\",\"url\":\"https:\/\/www.esi.it\/it\/\",\"name\":\"ESI srl\",\"description\":\"ESI dal 1975 leader in Italia e nel Mondo nel settore del benessere naturale\",\"publisher\":{\"@id\":\"https:\/\/www.esi.it\/it\/#organization\"},\"potentialAction\":[{\"@type\":\"SearchAction\",\"target\":{\"@type\":\"EntryPoint\",\"urlTemplate\":\"https:\/\/www.esi.it\/it\/?s={search_term_string}\"},\"query-input\":\"required name=search_term_string\"}],\"inLanguage\":\"fr-FR\"},{\"@type\":\"Organization\",\"@id\":\"https:\/\/www.esi.it\/it\/#organization\",\"name\":\"ESI Srl\",\"alternateName\":\"ESI\",\"url\":\"https:\/\/www.esi.it\/it\/\",\"logo\":{\"@type\":\"ImageObject\",\"inLanguage\":\"fr-FR\",\"@id\":\"https:\/\/www.esi.it\/it\/#\/schema\/logo\/image\/\",\"url\":\"https:\/\/www.esi.it\/wp-content\/uploads\/2025\/05\/esi-logo.jpg\",\"contentUrl\":\"https:\/\/www.esi.it\/wp-content\/uploads\/2025\/05\/esi-logo.jpg\",\"width\":300,\"height\":300,\"caption\":\"ESI Srl\"},\"image\":{\"@id\":\"https:\/\/www.esi.it\/it\/#\/schema\/logo\/image\/\"},\"sameAs\":[\"https:\/\/www.facebook.com\/esi.italia\",\"http:\/\/www.instagram.com\/esi.italia\",\"https:\/\/www.youtube.com\/user\/ESIBenessereNaturale\"]}]}<\/script>\n<!-- \/ Yoast SEO plugin. -->","yoast_head_json":{"title":"Recherche et d\u00e9veloppement - ESI srl","robots":{"index":"index","follow":"follow","max-snippet":"max-snippet:-1","max-image-preview":"max-image-preview:large","max-video-preview":"max-video-preview:-1"},"canonical":"https:\/\/www.esi.it\/fr\/recherche-et-developpement\/","og_locale":"fr_FR","og_type":"article","og_title":"Recherche et d\u00e9veloppement - ESI srl","og_description":"L\u2019engagement constant du personnel qualifi\u00e9, la recherche d\u2019experts comp\u00e9tents, un capital humain [&hellip;]","og_url":"https:\/\/www.esi.it\/fr\/recherche-et-developpement\/","og_site_name":"ESI srl","article_publisher":"https:\/\/www.facebook.com\/esi.italia","og_image":[{"width":764,"height":356,"url":"https:\/\/www.esi.it\/wp-content\/uploads\/2015\/06\/ricerca-sviluppo-box2.jpg","type":"image\/jpeg"}],"twitter_misc":{"Dur\u00e9e de lecture estim\u00e9e":"1 minute"},"schema":{"@context":"https:\/\/schema.org","@graph":[{"@type":"WebPage","@id":"https:\/\/www.esi.it\/fr\/recherche-et-developpement\/","url":"https:\/\/www.esi.it\/fr\/recherche-et-developpement\/","name":"Recherche et d\u00e9veloppement - ESI srl","isPartOf":{"@id":"https:\/\/www.esi.it\/it\/#website"},"datePublished":"2016-11-03T10:38:07+00:00","dateModified":"2016-11-03T10:38:07+00:00","inLanguage":"fr-FR","potentialAction":[{"@type":"ReadAction","target":["https:\/\/www.esi.it\/fr\/recherche-et-developpement\/"]}]},{"@type":"WebSite","@id":"https:\/\/www.esi.it\/it\/#website","url":"https:\/\/www.esi.it\/it\/","name":"ESI srl","description":"ESI dal 1975 leader in Italia e nel Mondo nel settore del benessere naturale","publisher":{"@id":"https:\/\/www.esi.it\/it\/#organization"},"potentialAction":[{"@type":"SearchAction","target":{"@type":"EntryPoint","urlTemplate":"https:\/\/www.esi.it\/it\/?s={search_term_string}"},"query-input":"required name=search_term_string"}],"inLanguage":"fr-FR"},{"@type":"Organization","@id":"https:\/\/www.esi.it\/it\/#organization","name":"ESI Srl","alternateName":"ESI","url":"https:\/\/www.esi.it\/it\/","logo":{"@type":"ImageObject","inLanguage":"fr-FR","@id":"https:\/\/www.esi.it\/it\/#\/schema\/logo\/image\/","url":"https:\/\/www.esi.it\/wp-content\/uploads\/2025\/05\/esi-logo.jpg","contentUrl":"https:\/\/www.esi.it\/wp-content\/uploads\/2025\/05\/esi-logo.jpg","width":300,"height":300,"caption":"ESI Srl"},"image":{"@id":"https:\/\/www.esi.it\/it\/#\/schema\/logo\/image\/"},"sameAs":["https:\/\/www.facebook.com\/esi.italia","http:\/\/www.instagram.com\/esi.italia","https:\/\/www.youtube.com\/user\/ESIBenessereNaturale"]}]}},"publishpress_future_action":{"enabled":false,"date":"2026-04-13 06:51:34","action":"draft","terms":[],"taxonomy":"translation_priority"},"_links":{"self":[{"href":"https:\/\/www.esi.it\/fr\/wp-json\/wp\/v2\/pages\/6770"}],"collection":[{"href":"https:\/\/www.esi.it\/fr\/wp-json\/wp\/v2\/pages"}],"about":[{"href":"https:\/\/www.esi.it\/fr\/wp-json\/wp\/v2\/types\/page"}],"author":[{"embeddable":true,"href":"https:\/\/www.esi.it\/fr\/wp-json\/wp\/v2\/users\/7"}],"replies":[{"embeddable":true,"href":"https:\/\/www.esi.it\/fr\/wp-json\/wp\/v2\/comments?post=6770"}],"version-history":[{"count":0,"href":"https:\/\/www.esi.it\/fr\/wp-json\/wp\/v2\/pages\/6770\/revisions"}],"wp:featuredmedia":[{"embeddable":true,"href":"https:\/\/www.esi.it\/fr\/wp-json\/wp\/v2\/media\/2209"}],"wp:attachment":[{"href":"https:\/\/www.esi.it\/fr\/wp-json\/wp\/v2\/media?parent=6770"}],"curies":[{"name":"wp","href":"https:\/\/api.w.org\/{rel}","templated":true}]}}