{"id":6764,"date":"2016-11-03T11:29:48","date_gmt":"2016-11-03T10:29:48","guid":{"rendered":"https:\/\/www.esi.it\/fr\/?page_id=6764"},"modified":"2024-04-12T11:10:02","modified_gmt":"2024-04-12T09:10:02","slug":"esi-dans-le-monde","status":"publish","type":"page","link":"https:\/\/www.esi.it\/fr\/azienda-esi\/esi-dans-le-monde\/","title":{"rendered":"ESI dans le monde"},"content":{"rendered":"<p><span style=\"line-height: 1.5;\"><img decoding=\"async\" loading=\"lazy\" class=\"alignnone size-full wp-image-1502\" src=\"https:\/\/www.esi.it\/wp-content\/uploads\/2024\/04\/ESI-nel-mondo-cartina-aprile-2024.png\" alt=\"mondo\" width=\"764\" height=\"356\" \/><\/p>\n<div class=\"col-5\"><strong>Europe<\/strong><\/p>\n<p>Albanie<\/p>\n<p>Autriche<\/p>\n<p>Allemagne<\/p>\n<p>Bosnie-Herz\u00e9govine<\/p>\n<p>Bulgarie<\/p>\n<p>Croatie<\/p>\n<p>Chypre<\/p>\n<p>Estonie<\/p>\n<p>R\u00e9publique tch\u00e8que<\/p>\n<p>Finlande<\/p>\n<p>France<\/p>\n<p>G\u00e9orgie<\/p>\n<p>Gr\u00e8ce<\/p>\n<p>Guadeloupe<\/p>\n<p>Hongrie<\/p>\n<p>Irlande<\/p>\n<p>Kosovo<\/p>\n<p>Lettonie<\/p>\n<p>Lituanie<\/p>\n<p>Mac\u00e9doine<\/p>\n<p>Malte<\/p>\n<p>Mont\u00e9n\u00e9gro<\/p>\n<p>Nouvelle Cal\u00e9donie<\/p>\n<p>Polinesia Francese<\/p>\n<p>Pologne<\/p>\n<p>Portugal<\/p>\n<p>Roumanie<\/p>\n<p>Russie<\/p>\n<p>Serbie<\/p>\n<p>Slovaquie<\/p>\n<p>Slov\u00e9nie<\/p>\n<p>Suisse<\/p>\n<p>Espagne<\/p>\n<p>Su\u00e8de<\/p>\n<p>Turquie<\/p>\n<p>Royaume-Uni<\/p>\n<p>Y\u00e9men<\/p>\n<p>&nbsp;<\/p>\n<\/div>\n<div class=\"col-5\"><strong>Asie<\/strong><\/p>\n<p>Arm\u00e9nie<\/p>\n<p>Azerba\u00efdjan<\/p>\n<p>Bangladesh<\/p>\n<p>Chine<\/p>\n<p>Iran<\/p>\n<p>Irak<\/p>\n<p>Isra\u00ebl<\/p>\n<p>Liban<\/p>\n<p>Jordanie<\/p>\n<p>Kazakhstan<\/p>\n<p>Kowe\u00eft<\/p>\n<p>Palestine<\/p>\n<p>Pakistan<\/p>\n<p>Qatar<\/p>\n<p>Arabie Saoudite<\/p>\n<p>Singapour<\/p>\n<p>Cor\u00e9e du Sud<\/p>\n<p>Tha\u00eflande<\/p>\n<p>\u00c9mirats Arabes Unis<\/p>\n<\/div>\n<div class=\"col-5\"><strong>Afrique<\/strong><\/p>\n<p>Alg\u00e9rie<\/p>\n<p>Burundi<\/p>\n<p>Ghana<\/p>\n<p>Maurice<\/p>\n<p>Maroc<\/p>\n<p>Nig\u00e9ria<\/p>\n<p>Afrique du Sud<\/p>\n<p>S\u00e9n\u00e9gal<\/p>\n<p>Togo<\/p>\n<p>Tunisie<\/p>\n<p>Ouganda<\/p>\n<\/div>\n<div class=\"col-5\">\n<p><strong>Am\u00e9riques<\/strong><\/p>\n<p>Guyane francese<\/p>\n<p>P\u00e9rou<\/p>\n<\/div>\n<div class=\"col-5\">\n<p><strong>Oc\u00e9anie<\/strong><\/p>\n<p>Australie<\/p>\n<\/div>\n","protected":false},"excerpt":{"rendered":"<p>Europe Albanie Autriche Allemagne Bosnie-Herz\u00e9govine Bulgarie Croatie Chypre Estonie R\u00e9publique tch\u00e8que Finlande [&hellip;]<\/p>\n","protected":false},"author":7,"featured_media":0,"parent":6756,"menu_order":0,"comment_status":"closed","ping_status":"closed","template":"istitutionals.php","meta":[],"acf":[],"yoast_head":"<!-- This site is optimized with the Yoast SEO plugin v21.1 - https:\/\/yoast.com\/wordpress\/plugins\/seo\/ -->\n<title>ESI dans le monde - ESI srl<\/title>\n<meta name=\"robots\" content=\"index, follow, max-snippet:-1, max-image-preview:large, max-video-preview:-1\" \/>\n<link rel=\"canonical\" href=\"https:\/\/www.esi.it\/fr\/azienda-esi\/esi-dans-le-monde\/\" \/>\n<meta property=\"og:locale\" content=\"fr_FR\" \/>\n<meta property=\"og:type\" content=\"article\" \/>\n<meta property=\"og:title\" content=\"ESI dans le monde - ESI srl\" \/>\n<meta property=\"og:description\" content=\"Europe Albanie Autriche Allemagne Bosnie-Herz\u00e9govine Bulgarie Croatie Chypre Estonie R\u00e9publique tch\u00e8que Finlande [&hellip;]\" \/>\n<meta property=\"og:url\" content=\"https:\/\/www.esi.it\/fr\/azienda-esi\/esi-dans-le-monde\/\" \/>\n<meta property=\"og:site_name\" content=\"ESI srl\" \/>\n<meta property=\"article:publisher\" content=\"https:\/\/www.facebook.com\/esi.italia\" \/>\n<meta property=\"article:modified_time\" content=\"2024-04-12T09:10:02+00:00\" \/>\n<meta property=\"og:image\" content=\"https:\/\/www.esi.it\/wp-content\/uploads\/2024\/04\/ESI-nel-mondo-cartina-aprile-2024.png\" \/>\n<meta name=\"twitter:label1\" content=\"Dur\u00e9e de lecture estim\u00e9e\" \/>\n\t<meta name=\"twitter:data1\" content=\"1 minute\" \/>\n<script type=\"application\/ld+json\" class=\"yoast-schema-graph\">{\"@context\":\"https:\/\/schema.org\",\"@graph\":[{\"@type\":\"WebPage\",\"@id\":\"https:\/\/www.esi.it\/fr\/azienda-esi\/esi-dans-le-monde\/\",\"url\":\"https:\/\/www.esi.it\/fr\/azienda-esi\/esi-dans-le-monde\/\",\"name\":\"ESI dans le monde - ESI srl\",\"isPartOf\":{\"@id\":\"https:\/\/www.esi.it\/it\/#website\"},\"datePublished\":\"2016-11-03T10:29:48+00:00\",\"dateModified\":\"2024-04-12T09:10:02+00:00\",\"breadcrumb\":{\"@id\":\"https:\/\/www.esi.it\/fr\/azienda-esi\/esi-dans-le-monde\/#breadcrumb\"},\"inLanguage\":\"fr-FR\",\"potentialAction\":[{\"@type\":\"ReadAction\",\"target\":[\"https:\/\/www.esi.it\/fr\/azienda-esi\/esi-dans-le-monde\/\"]}]},{\"@type\":\"BreadcrumbList\",\"@id\":\"https:\/\/www.esi.it\/fr\/azienda-esi\/esi-dans-le-monde\/#breadcrumb\",\"itemListElement\":[{\"@type\":\"ListItem\",\"position\":1,\"name\":\"\u00c0 propos de nous\",\"item\":\"https:\/\/www.esi.it\/fr\/azienda-esi\/\"},{\"@type\":\"ListItem\",\"position\":2,\"name\":\"ESI dans le monde\"}]},{\"@type\":\"WebSite\",\"@id\":\"https:\/\/www.esi.it\/it\/#website\",\"url\":\"https:\/\/www.esi.it\/it\/\",\"name\":\"ESI srl\",\"description\":\"ESI dal 1975 leader in Italia e nel Mondo nel settore del benessere naturale\",\"publisher\":{\"@id\":\"https:\/\/www.esi.it\/it\/#organization\"},\"potentialAction\":[{\"@type\":\"SearchAction\",\"target\":{\"@type\":\"EntryPoint\",\"urlTemplate\":\"https:\/\/www.esi.it\/it\/?s={search_term_string}\"},\"query-input\":\"required name=search_term_string\"}],\"inLanguage\":\"fr-FR\"},{\"@type\":\"Organization\",\"@id\":\"https:\/\/www.esi.it\/it\/#organization\",\"name\":\"ESI Srl\",\"alternateName\":\"ESI\",\"url\":\"https:\/\/www.esi.it\/it\/\",\"logo\":{\"@type\":\"ImageObject\",\"inLanguage\":\"fr-FR\",\"@id\":\"https:\/\/www.esi.it\/it\/#\/schema\/logo\/image\/\",\"url\":\"https:\/\/www.esi.it\/wp-content\/uploads\/2025\/05\/esi-logo.jpg\",\"contentUrl\":\"https:\/\/www.esi.it\/wp-content\/uploads\/2025\/05\/esi-logo.jpg\",\"width\":300,\"height\":300,\"caption\":\"ESI Srl\"},\"image\":{\"@id\":\"https:\/\/www.esi.it\/it\/#\/schema\/logo\/image\/\"},\"sameAs\":[\"https:\/\/www.facebook.com\/esi.italia\",\"http:\/\/www.instagram.com\/esi.italia\",\"https:\/\/www.youtube.com\/user\/ESIBenessereNaturale\"]}]}<\/script>\n<!-- \/ Yoast SEO plugin. -->","yoast_head_json":{"title":"ESI dans le monde - ESI srl","robots":{"index":"index","follow":"follow","max-snippet":"max-snippet:-1","max-image-preview":"max-image-preview:large","max-video-preview":"max-video-preview:-1"},"canonical":"https:\/\/www.esi.it\/fr\/azienda-esi\/esi-dans-le-monde\/","og_locale":"fr_FR","og_type":"article","og_title":"ESI dans le monde - ESI srl","og_description":"Europe Albanie Autriche Allemagne Bosnie-Herz\u00e9govine Bulgarie Croatie Chypre Estonie R\u00e9publique tch\u00e8que Finlande [&hellip;]","og_url":"https:\/\/www.esi.it\/fr\/azienda-esi\/esi-dans-le-monde\/","og_site_name":"ESI srl","article_publisher":"https:\/\/www.facebook.com\/esi.italia","article_modified_time":"2024-04-12T09:10:02+00:00","og_image":[{"url":"https:\/\/www.esi.it\/wp-content\/uploads\/2024\/04\/ESI-nel-mondo-cartina-aprile-2024.png"}],"twitter_misc":{"Dur\u00e9e de lecture estim\u00e9e":"1 minute"},"schema":{"@context":"https:\/\/schema.org","@graph":[{"@type":"WebPage","@id":"https:\/\/www.esi.it\/fr\/azienda-esi\/esi-dans-le-monde\/","url":"https:\/\/www.esi.it\/fr\/azienda-esi\/esi-dans-le-monde\/","name":"ESI dans le monde - ESI srl","isPartOf":{"@id":"https:\/\/www.esi.it\/it\/#website"},"datePublished":"2016-11-03T10:29:48+00:00","dateModified":"2024-04-12T09:10:02+00:00","breadcrumb":{"@id":"https:\/\/www.esi.it\/fr\/azienda-esi\/esi-dans-le-monde\/#breadcrumb"},"inLanguage":"fr-FR","potentialAction":[{"@type":"ReadAction","target":["https:\/\/www.esi.it\/fr\/azienda-esi\/esi-dans-le-monde\/"]}]},{"@type":"BreadcrumbList","@id":"https:\/\/www.esi.it\/fr\/azienda-esi\/esi-dans-le-monde\/#breadcrumb","itemListElement":[{"@type":"ListItem","position":1,"name":"\u00c0 propos de nous","item":"https:\/\/www.esi.it\/fr\/azienda-esi\/"},{"@type":"ListItem","position":2,"name":"ESI dans le monde"}]},{"@type":"WebSite","@id":"https:\/\/www.esi.it\/it\/#website","url":"https:\/\/www.esi.it\/it\/","name":"ESI srl","description":"ESI dal 1975 leader in Italia e nel Mondo nel settore del benessere naturale","publisher":{"@id":"https:\/\/www.esi.it\/it\/#organization"},"potentialAction":[{"@type":"SearchAction","target":{"@type":"EntryPoint","urlTemplate":"https:\/\/www.esi.it\/it\/?s={search_term_string}"},"query-input":"required name=search_term_string"}],"inLanguage":"fr-FR"},{"@type":"Organization","@id":"https:\/\/www.esi.it\/it\/#organization","name":"ESI Srl","alternateName":"ESI","url":"https:\/\/www.esi.it\/it\/","logo":{"@type":"ImageObject","inLanguage":"fr-FR","@id":"https:\/\/www.esi.it\/it\/#\/schema\/logo\/image\/","url":"https:\/\/www.esi.it\/wp-content\/uploads\/2025\/05\/esi-logo.jpg","contentUrl":"https:\/\/www.esi.it\/wp-content\/uploads\/2025\/05\/esi-logo.jpg","width":300,"height":300,"caption":"ESI Srl"},"image":{"@id":"https:\/\/www.esi.it\/it\/#\/schema\/logo\/image\/"},"sameAs":["https:\/\/www.facebook.com\/esi.italia","http:\/\/www.instagram.com\/esi.italia","https:\/\/www.youtube.com\/user\/ESIBenessereNaturale"]}]}},"publishpress_future_action":{"enabled":false,"date":"2026-04-14 19:34:59","action":"draft","terms":[],"taxonomy":"translation_priority"},"_links":{"self":[{"href":"https:\/\/www.esi.it\/fr\/wp-json\/wp\/v2\/pages\/6764"}],"collection":[{"href":"https:\/\/www.esi.it\/fr\/wp-json\/wp\/v2\/pages"}],"about":[{"href":"https:\/\/www.esi.it\/fr\/wp-json\/wp\/v2\/types\/page"}],"author":[{"embeddable":true,"href":"https:\/\/www.esi.it\/fr\/wp-json\/wp\/v2\/users\/7"}],"replies":[{"embeddable":true,"href":"https:\/\/www.esi.it\/fr\/wp-json\/wp\/v2\/comments?post=6764"}],"version-history":[{"count":0,"href":"https:\/\/www.esi.it\/fr\/wp-json\/wp\/v2\/pages\/6764\/revisions"}],"up":[{"embeddable":true,"href":"https:\/\/www.esi.it\/fr\/wp-json\/wp\/v2\/pages\/6756"}],"wp:attachment":[{"href":"https:\/\/www.esi.it\/fr\/wp-json\/wp\/v2\/media?parent=6764"}],"curies":[{"name":"wp","href":"https:\/\/api.w.org\/{rel}","templated":true}]}}