{"id":20099,"date":"2019-07-09T17:12:01","date_gmt":"2019-07-09T15:12:01","guid":{"rendered":"https:\/\/www.esi.it\/entreprise\/sostenibilita\/"},"modified":"2024-12-19T12:21:32","modified_gmt":"2024-12-19T11:21:32","slug":"durabilite","status":"publish","type":"page","link":"https:\/\/www.esi.it\/fr\/durabilite\/","title":{"rendered":"Durabilit\u00e9"},"content":{"rendered":"\n<div class=\"is-layout-constrained wp-block-group container\"><div class=\"wp-block-group__inner-container\">\n<div class=\"is-layout-flex wp-container-2 wp-block-columns\">\n<div class=\"is-layout-flow wp-block-column\">\n<p><img decoding=\"async\" loading=\"lazy\" class=\"alignnone wp-image-20228 size-full\" src=\"https:\/\/www.esi.it\/wp-content\/uploads\/2021\/10\/testata-sostenibilita-Multi-lingue-FR.jpg\" alt=\"sostenibilit\u00e0 FR\" width=\"764\" height=\"356\" srcset=\"https:\/\/www.esi.it\/wp-content\/uploads\/2021\/10\/testata-sostenibilita-Multi-lingue-FR.jpg 764w, https:\/\/www.esi.it\/wp-content\/uploads\/2021\/10\/testata-sostenibilita-Multi-lingue-FR-280x130.jpg 280w, https:\/\/www.esi.it\/wp-content\/uploads\/2021\/10\/testata-sostenibilita-Multi-lingue-FR-320x149.jpg 320w\" sizes=\"(max-width: 764px) 100vw, 764px\" \/><\/p>\n<p>La <strong>durabilit\u00e9<\/strong> est par d\u00e9finition <strong>\u00able droit de vivre, de produire et de consommer librement sans compromettre le droit des g\u00e9n\u00e9rations futures \u00e0 vivre, consommer et produire de la m\u00eame mani\u00e8re\u00bb<\/strong>.<\/p>\n<p>Notre Enterprise ESI<sup>\u00ae<\/sup> a embrass\u00e9 ce concept essentiel et a choisi d&rsquo;y jouer un r\u00f4le actif, visant \u00e0 prot\u00e9ger l&rsquo;environnement et \u00e0 r\u00e9duire l&rsquo;utilisation de mat\u00e9riaux polluants tels que le plastique. Modifier nos propres proc\u00e9dures et habitudes repr\u00e9sente un parcours long et parfois complexe, tant dans la vie quotidienne que dans la vie d&rsquo;entreprise.<\/p>\n<p><strong>Le parcours d&rsquo;ESI<sup>\u00ae<\/sup> vers la durabilit\u00e9<\/strong> implique de nombreuses \u00e9tapes ; certaines ont d\u00e9j\u00e0 \u00e9t\u00e9 faites, beaucoup d&rsquo;autres restent \u00e0 accomplir.<\/p>\n<p>Voici quelques exemples, des petites aux grandes actions:<\/p>\n<table class=\"sostenibilita\">\n<tbody>\n<tr>\n<td><img decoding=\"async\" loading=\"lazy\" class=\"alignnone wp-image-12527\" src=\"https:\/\/www.esi.it\/wp-content\/uploads\/2019\/07\/icon01.jpg\" alt=\"\" width=\"66\" height=\"66\" \/><\/td>\n<td>\n<p>\u00c9limination des gobelets et cuill\u00e8res en plastique;<\/p>\n<\/td>\n<\/tr>\n<tr>\n<td><img decoding=\"async\" loading=\"lazy\" class=\"alignnone wp-image-12528\" src=\"https:\/\/www.esi.it\/wp-content\/uploads\/2019\/07\/icon02.jpg\" alt=\"\" width=\"66\" height=\"66\" \/><\/td>\n<td>\n<p>\u00c9limination des capsules en plastique pour le caf\u00e9 ;<\/p>\n<\/td>\n<\/tr>\n<tr>\n<td><img decoding=\"async\" loading=\"lazy\" class=\"alignnone wp-image-12529\" src=\"https:\/\/www.esi.it\/wp-content\/uploads\/2019\/07\/icon03.jpg\" alt=\"\" width=\"66\" height=\"66\" \/><\/td>\n<td>\n<p>\u00c9limination des bouteilles d&rsquo;eau en plastique ;<\/p>\n<\/td>\n<\/tr>\n<tr>\n<td><img decoding=\"async\" loading=\"lazy\" class=\"alignnone wp-image-12530\" src=\"https:\/\/www.esi.it\/wp-content\/uploads\/2019\/07\/icon04.jpg\" alt=\"\" width=\"66\" height=\"66\" \/><\/td>\n<td>\n<p>Utilisation de papier et carton FSC<sup style=\"font-family: inherit;\">\u00ae<\/sup><span style=\"font-family: inherit; font-size: inherit;\">;<\/span><\/p>\n<\/td>\n<\/tr>\n<tr>\n<td><img decoding=\"async\" loading=\"lazy\" class=\"alignnone wp-image-12531\" src=\"https:\/\/www.esi.it\/wp-content\/uploads\/2019\/07\/icon05.jpg\" alt=\"\" width=\"66\" height=\"66\" \/><\/td>\n<td>\n<p>R\u00e9duction de l&rsquo;utilisation de papier plastifi\u00e9 dans le mat\u00e9riel promotionnel ;<\/p>\n<\/td>\n<\/tr>\n<tr>\n<td><img decoding=\"async\" loading=\"lazy\" class=\"alignnone wp-image-12532\" src=\"https:\/\/www.esi.it\/wp-content\/uploads\/2019\/07\/icon06.jpg\" alt=\"\" width=\"66\" height=\"66\" \/><\/td>\n<td>\n<p>Gestion enti\u00e8rement informatis\u00e9e des commandes de nos clients, avec une \u00e9conomie significative de papier ;<\/p>\n<\/td>\n<\/tr>\n<tr>\n<td><img decoding=\"async\" loading=\"lazy\" class=\"alignnone wp-image-12533\" src=\"https:\/\/www.esi.it\/wp-content\/uploads\/2019\/07\/icon07.jpg\" alt=\"\" width=\"66\" height=\"66\" \/><\/td>\n<td>\n<p>Utilisation, dans les processus de production, d&rsquo;\u00e9nergie certifi\u00e9e provenant de sources 100% renouvelables ;<\/p>\n<\/td>\n<\/tr>\n<tr>\n<td><img decoding=\"async\" loading=\"lazy\" class=\"alignnone wp-image-12534\" src=\"https:\/\/www.esi.it\/wp-content\/uploads\/2019\/07\/icon08.jpg\" alt=\"\" width=\"66\" height=\"66\" \/><\/td>\n<td>\n<p>Remplacement des sacs gonflables par du papier dans les colis ;<\/p>\n<\/td>\n<\/tr>\n<tr>\n<td><img decoding=\"async\" loading=\"lazy\" class=\"alignnone wp-image-12535\" src=\"https:\/\/www.esi.it\/wp-content\/uploads\/2019\/07\/icon09.jpg\" alt=\"\" width=\"66\" height=\"66\" \/><\/td>\n<td>\n<p>Remplacement du ruban adh\u00e9sif plastifi\u00e9 par du ruban papier pour la fermeture des cartons.<\/p>\n<\/td>\n<\/tr>\n<tr>\n<td><img decoding=\"async\" loading=\"lazy\" class=\"wp-image-20132  aligncenter\" src=\"https:\/\/www.esi.it\/wp-content\/uploads\/2021\/10\/icona-auto-ibrida-ESI-verde-280x244.png\" alt=\"\" width=\"40\" height=\"35\" srcset=\"https:\/\/www.esi.it\/wp-content\/uploads\/2021\/10\/icona-auto-ibrida-ESI-verde-280x244.png 280w, https:\/\/www.esi.it\/wp-content\/uploads\/2021\/10\/icona-auto-ibrida-ESI-verde-320x279.png 320w, https:\/\/www.esi.it\/wp-content\/uploads\/2021\/10\/icona-auto-ibrida-ESI-verde.png 472w\" sizes=\"(max-width: 40px) 100vw, 40px\" \/><\/td>\n<td>\n<p>Remplacement progressif des v\u00e9hicules \u00e0 moteur \u00e0 combustion interne par des v\u00e9hicules hybrides.<\/p>\n<\/td>\n<\/tr>\n<\/tbody>\n<\/table>\n<p style=\"color: #228660; font-size: 20px!important;\">Avec l&rsquo;aide de tous, ce sera un parcours gratifiant!<\/p>\n<\/div>\n<\/div>\n<\/div><\/div>\n","protected":false},"excerpt":{"rendered":"<p>La durabilit\u00e9 est par d\u00e9finition \u00able droit de vivre, de produire et [&hellip;]<\/p>\n","protected":false},"author":7,"featured_media":28657,"parent":0,"menu_order":0,"comment_status":"closed","ping_status":"closed","template":"sostenibilita.php","meta":[],"acf":[],"yoast_head":"<!-- This site is optimized with the Yoast SEO plugin v21.1 - https:\/\/yoast.com\/wordpress\/plugins\/seo\/ -->\n<title>La sostenibilit\u00e0 e salvaguardia dell&#039;ambiente - ESI srl<\/title>\n<meta name=\"description\" content=\"ESI ha assunto un ruolo attivo nella sostenibilit\u00e0 e salvaguardia dell&#039;ambiente, riducendo l&#039;uso di materiali inquinanti.\" \/>\n<meta name=\"robots\" content=\"index, follow, max-snippet:-1, max-image-preview:large, max-video-preview:-1\" \/>\n<link rel=\"canonical\" href=\"https:\/\/www.esi.it\/fr\/durabilite\/\" \/>\n<meta property=\"og:locale\" content=\"fr_FR\" \/>\n<meta property=\"og:type\" content=\"article\" \/>\n<meta property=\"og:title\" content=\"La sostenibilit\u00e0 e salvaguardia dell&#039;ambiente - ESI srl\" \/>\n<meta property=\"og:description\" content=\"ESI ha assunto un ruolo attivo nella sostenibilit\u00e0 e salvaguardia dell&#039;ambiente, riducendo l&#039;uso di materiali inquinanti.\" \/>\n<meta property=\"og:url\" content=\"https:\/\/www.esi.it\/fr\/durabilite\/\" \/>\n<meta property=\"og:site_name\" content=\"ESI srl\" \/>\n<meta property=\"article:publisher\" content=\"https:\/\/www.facebook.com\/esi.italia\" \/>\n<meta property=\"article:modified_time\" content=\"2024-12-19T11:21:32+00:00\" \/>\n<meta property=\"og:image\" content=\"https:\/\/www.esi.it\/wp-content\/uploads\/2024\/02\/testata-sostenibilita-DESKTOP-scaled-2.jpg\" \/>\n\t<meta property=\"og:image:width\" content=\"2560\" \/>\n\t<meta property=\"og:image:height\" content=\"867\" \/>\n\t<meta property=\"og:image:type\" content=\"image\/jpeg\" \/>\n<meta name=\"twitter:label1\" content=\"Dur\u00e9e de lecture estim\u00e9e\" \/>\n\t<meta name=\"twitter:data1\" content=\"4 minutes\" \/>\n<script type=\"application\/ld+json\" class=\"yoast-schema-graph\">{\"@context\":\"https:\/\/schema.org\",\"@graph\":[{\"@type\":\"WebPage\",\"@id\":\"https:\/\/www.esi.it\/fr\/durabilite\/\",\"url\":\"https:\/\/www.esi.it\/fr\/durabilite\/\",\"name\":\"La sostenibilit\u00e0 e salvaguardia dell'ambiente - ESI srl\",\"isPartOf\":{\"@id\":\"https:\/\/www.esi.it\/it\/#website\"},\"datePublished\":\"2019-07-09T15:12:01+00:00\",\"dateModified\":\"2024-12-19T11:21:32+00:00\",\"description\":\"ESI ha assunto un ruolo attivo nella sostenibilit\u00e0 e salvaguardia dell'ambiente, riducendo l'uso di materiali inquinanti.\",\"inLanguage\":\"fr-FR\",\"potentialAction\":[{\"@type\":\"ReadAction\",\"target\":[\"https:\/\/www.esi.it\/fr\/durabilite\/\"]}]},{\"@type\":\"WebSite\",\"@id\":\"https:\/\/www.esi.it\/it\/#website\",\"url\":\"https:\/\/www.esi.it\/it\/\",\"name\":\"ESI srl\",\"description\":\"ESI dal 1975 leader in Italia e nel Mondo nel settore del benessere naturale\",\"publisher\":{\"@id\":\"https:\/\/www.esi.it\/it\/#organization\"},\"potentialAction\":[{\"@type\":\"SearchAction\",\"target\":{\"@type\":\"EntryPoint\",\"urlTemplate\":\"https:\/\/www.esi.it\/it\/?s={search_term_string}\"},\"query-input\":\"required name=search_term_string\"}],\"inLanguage\":\"fr-FR\"},{\"@type\":\"Organization\",\"@id\":\"https:\/\/www.esi.it\/it\/#organization\",\"name\":\"ESI Srl\",\"alternateName\":\"ESI\",\"url\":\"https:\/\/www.esi.it\/it\/\",\"logo\":{\"@type\":\"ImageObject\",\"inLanguage\":\"fr-FR\",\"@id\":\"https:\/\/www.esi.it\/it\/#\/schema\/logo\/image\/\",\"url\":\"https:\/\/www.esi.it\/wp-content\/uploads\/2025\/05\/esi-logo.jpg\",\"contentUrl\":\"https:\/\/www.esi.it\/wp-content\/uploads\/2025\/05\/esi-logo.jpg\",\"width\":300,\"height\":300,\"caption\":\"ESI Srl\"},\"image\":{\"@id\":\"https:\/\/www.esi.it\/it\/#\/schema\/logo\/image\/\"},\"sameAs\":[\"https:\/\/www.facebook.com\/esi.italia\",\"http:\/\/www.instagram.com\/esi.italia\",\"https:\/\/www.youtube.com\/user\/ESIBenessereNaturale\"]}]}<\/script>\n<!-- \/ Yoast SEO plugin. -->","yoast_head_json":{"title":"La sostenibilit\u00e0 e salvaguardia dell'ambiente - ESI srl","description":"ESI ha assunto un ruolo attivo nella sostenibilit\u00e0 e salvaguardia dell'ambiente, riducendo l'uso di materiali inquinanti.","robots":{"index":"index","follow":"follow","max-snippet":"max-snippet:-1","max-image-preview":"max-image-preview:large","max-video-preview":"max-video-preview:-1"},"canonical":"https:\/\/www.esi.it\/fr\/durabilite\/","og_locale":"fr_FR","og_type":"article","og_title":"La sostenibilit\u00e0 e salvaguardia dell'ambiente - ESI srl","og_description":"ESI ha assunto un ruolo attivo nella sostenibilit\u00e0 e salvaguardia dell'ambiente, riducendo l'uso di materiali inquinanti.","og_url":"https:\/\/www.esi.it\/fr\/durabilite\/","og_site_name":"ESI srl","article_publisher":"https:\/\/www.facebook.com\/esi.italia","article_modified_time":"2024-12-19T11:21:32+00:00","og_image":[{"width":2560,"height":867,"url":"https:\/\/www.esi.it\/wp-content\/uploads\/2024\/02\/testata-sostenibilita-DESKTOP-scaled-2.jpg","type":"image\/jpeg"}],"twitter_misc":{"Dur\u00e9e de lecture estim\u00e9e":"4 minutes"},"schema":{"@context":"https:\/\/schema.org","@graph":[{"@type":"WebPage","@id":"https:\/\/www.esi.it\/fr\/durabilite\/","url":"https:\/\/www.esi.it\/fr\/durabilite\/","name":"La sostenibilit\u00e0 e salvaguardia dell'ambiente - ESI srl","isPartOf":{"@id":"https:\/\/www.esi.it\/it\/#website"},"datePublished":"2019-07-09T15:12:01+00:00","dateModified":"2024-12-19T11:21:32+00:00","description":"ESI ha assunto un ruolo attivo nella sostenibilit\u00e0 e salvaguardia dell'ambiente, riducendo l'uso di materiali inquinanti.","inLanguage":"fr-FR","potentialAction":[{"@type":"ReadAction","target":["https:\/\/www.esi.it\/fr\/durabilite\/"]}]},{"@type":"WebSite","@id":"https:\/\/www.esi.it\/it\/#website","url":"https:\/\/www.esi.it\/it\/","name":"ESI srl","description":"ESI dal 1975 leader in Italia e nel Mondo nel settore del benessere naturale","publisher":{"@id":"https:\/\/www.esi.it\/it\/#organization"},"potentialAction":[{"@type":"SearchAction","target":{"@type":"EntryPoint","urlTemplate":"https:\/\/www.esi.it\/it\/?s={search_term_string}"},"query-input":"required name=search_term_string"}],"inLanguage":"fr-FR"},{"@type":"Organization","@id":"https:\/\/www.esi.it\/it\/#organization","name":"ESI Srl","alternateName":"ESI","url":"https:\/\/www.esi.it\/it\/","logo":{"@type":"ImageObject","inLanguage":"fr-FR","@id":"https:\/\/www.esi.it\/it\/#\/schema\/logo\/image\/","url":"https:\/\/www.esi.it\/wp-content\/uploads\/2025\/05\/esi-logo.jpg","contentUrl":"https:\/\/www.esi.it\/wp-content\/uploads\/2025\/05\/esi-logo.jpg","width":300,"height":300,"caption":"ESI Srl"},"image":{"@id":"https:\/\/www.esi.it\/it\/#\/schema\/logo\/image\/"},"sameAs":["https:\/\/www.facebook.com\/esi.italia","http:\/\/www.instagram.com\/esi.italia","https:\/\/www.youtube.com\/user\/ESIBenessereNaturale"]}]}},"publishpress_future_action":{"enabled":false,"date":"2026-04-14 13:49:05","action":"draft","terms":[],"taxonomy":"translation_priority"},"_links":{"self":[{"href":"https:\/\/www.esi.it\/fr\/wp-json\/wp\/v2\/pages\/20099"}],"collection":[{"href":"https:\/\/www.esi.it\/fr\/wp-json\/wp\/v2\/pages"}],"about":[{"href":"https:\/\/www.esi.it\/fr\/wp-json\/wp\/v2\/types\/page"}],"author":[{"embeddable":true,"href":"https:\/\/www.esi.it\/fr\/wp-json\/wp\/v2\/users\/7"}],"replies":[{"embeddable":true,"href":"https:\/\/www.esi.it\/fr\/wp-json\/wp\/v2\/comments?post=20099"}],"version-history":[{"count":0,"href":"https:\/\/www.esi.it\/fr\/wp-json\/wp\/v2\/pages\/20099\/revisions"}],"wp:featuredmedia":[{"embeddable":true,"href":"https:\/\/www.esi.it\/fr\/wp-json\/wp\/v2\/media\/28657"}],"wp:attachment":[{"href":"https:\/\/www.esi.it\/fr\/wp-json\/wp\/v2\/media?parent=20099"}],"curies":[{"name":"wp","href":"https:\/\/api.w.org\/{rel}","templated":true}]}}