{"id":10776,"date":"2018-08-03T12:05:22","date_gmt":"2018-08-03T10:05:22","guid":{"rendered":"https:\/\/www.esi.it\/?page_id=10776"},"modified":"2019-06-04T11:57:05","modified_gmt":"2019-06-04T09:57:05","slug":"donnees-relatives-la-societe","status":"publish","type":"page","link":"https:\/\/www.esi.it\/fr\/donnees-relatives-la-societe\/","title":{"rendered":"Donn\u00e9es relatives \u00e0 la soci\u00e9t\u00e9"},"content":{"rendered":"<p><strong>Raison sociale<\/strong>: ESI srl<\/p>\n<p><strong>Si\u00e8ge social<\/strong>: Corso Ferrari 74\/6 \u2013 17011 Albisola Superiore (SV) Italie<\/p>\n<p><strong>Adresse \u00e9lectronique<\/strong>: info@esi.it<\/p>\n<p><strong>Code fiscal<\/strong>: 01099380105<\/p>\n<p><strong>Num\u00e9ro TVA<\/strong>: IT11264680155<\/p>\n<p><strong>Num\u00e9ro REA<\/strong>: SV-102611<\/p>\n<p>&nbsp;<\/p>\n","protected":false},"excerpt":{"rendered":"<p>Raison sociale: ESI srl Si\u00e8ge social: Corso Ferrari 74\/6 \u2013 17011 Albisola [&hellip;]<\/p>\n","protected":false},"author":7,"featured_media":0,"parent":0,"menu_order":0,"comment_status":"closed","ping_status":"closed","template":"","meta":[],"acf":[],"yoast_head":"<!-- This site is optimized with the Yoast SEO plugin v21.1 - https:\/\/yoast.com\/wordpress\/plugins\/seo\/ -->\n<title>Donn\u00e9es relatives \u00e0 la soci\u00e9t\u00e9 - ESI srl<\/title>\n<meta name=\"robots\" content=\"index, follow, max-snippet:-1, max-image-preview:large, max-video-preview:-1\" \/>\n<link rel=\"canonical\" href=\"https:\/\/www.esi.it\/fr\/donnees-relatives-la-societe\/\" \/>\n<meta property=\"og:locale\" content=\"fr_FR\" \/>\n<meta property=\"og:type\" content=\"article\" \/>\n<meta property=\"og:title\" content=\"Donn\u00e9es relatives \u00e0 la soci\u00e9t\u00e9 - ESI srl\" \/>\n<meta property=\"og:description\" content=\"Raison sociale: ESI srl Si\u00e8ge social: Corso Ferrari 74\/6 \u2013 17011 Albisola [&hellip;]\" \/>\n<meta property=\"og:url\" content=\"https:\/\/www.esi.it\/fr\/donnees-relatives-la-societe\/\" \/>\n<meta property=\"og:site_name\" content=\"ESI srl\" \/>\n<meta property=\"article:publisher\" content=\"https:\/\/www.facebook.com\/esi.italia\" \/>\n<meta property=\"article:modified_time\" content=\"2019-06-04T09:57:05+00:00\" \/>\n<script type=\"application\/ld+json\" class=\"yoast-schema-graph\">{\"@context\":\"https:\/\/schema.org\",\"@graph\":[{\"@type\":\"WebPage\",\"@id\":\"https:\/\/www.esi.it\/fr\/donnees-relatives-la-societe\/\",\"url\":\"https:\/\/www.esi.it\/fr\/donnees-relatives-la-societe\/\",\"name\":\"Donn\u00e9es relatives \u00e0 la soci\u00e9t\u00e9 - ESI srl\",\"isPartOf\":{\"@id\":\"https:\/\/www.esi.it\/it\/#website\"},\"datePublished\":\"2018-08-03T10:05:22+00:00\",\"dateModified\":\"2019-06-04T09:57:05+00:00\",\"inLanguage\":\"fr-FR\",\"potentialAction\":[{\"@type\":\"ReadAction\",\"target\":[\"https:\/\/www.esi.it\/fr\/donnees-relatives-la-societe\/\"]}]},{\"@type\":\"WebSite\",\"@id\":\"https:\/\/www.esi.it\/it\/#website\",\"url\":\"https:\/\/www.esi.it\/it\/\",\"name\":\"ESI srl\",\"description\":\"ESI dal 1975 leader in Italia e nel Mondo nel settore del benessere naturale\",\"publisher\":{\"@id\":\"https:\/\/www.esi.it\/it\/#organization\"},\"potentialAction\":[{\"@type\":\"SearchAction\",\"target\":{\"@type\":\"EntryPoint\",\"urlTemplate\":\"https:\/\/www.esi.it\/it\/?s={search_term_string}\"},\"query-input\":\"required name=search_term_string\"}],\"inLanguage\":\"fr-FR\"},{\"@type\":\"Organization\",\"@id\":\"https:\/\/www.esi.it\/it\/#organization\",\"name\":\"ESI Srl\",\"alternateName\":\"ESI\",\"url\":\"https:\/\/www.esi.it\/it\/\",\"logo\":{\"@type\":\"ImageObject\",\"inLanguage\":\"fr-FR\",\"@id\":\"https:\/\/www.esi.it\/it\/#\/schema\/logo\/image\/\",\"url\":\"https:\/\/www.esi.it\/wp-content\/uploads\/2025\/05\/esi-logo.jpg\",\"contentUrl\":\"https:\/\/www.esi.it\/wp-content\/uploads\/2025\/05\/esi-logo.jpg\",\"width\":300,\"height\":300,\"caption\":\"ESI Srl\"},\"image\":{\"@id\":\"https:\/\/www.esi.it\/it\/#\/schema\/logo\/image\/\"},\"sameAs\":[\"https:\/\/www.facebook.com\/esi.italia\",\"http:\/\/www.instagram.com\/esi.italia\",\"https:\/\/www.youtube.com\/user\/ESIBenessereNaturale\"]}]}<\/script>\n<!-- \/ Yoast SEO plugin. -->","yoast_head_json":{"title":"Donn\u00e9es relatives \u00e0 la soci\u00e9t\u00e9 - ESI srl","robots":{"index":"index","follow":"follow","max-snippet":"max-snippet:-1","max-image-preview":"max-image-preview:large","max-video-preview":"max-video-preview:-1"},"canonical":"https:\/\/www.esi.it\/fr\/donnees-relatives-la-societe\/","og_locale":"fr_FR","og_type":"article","og_title":"Donn\u00e9es relatives \u00e0 la soci\u00e9t\u00e9 - ESI srl","og_description":"Raison sociale: ESI srl Si\u00e8ge social: Corso Ferrari 74\/6 \u2013 17011 Albisola [&hellip;]","og_url":"https:\/\/www.esi.it\/fr\/donnees-relatives-la-societe\/","og_site_name":"ESI srl","article_publisher":"https:\/\/www.facebook.com\/esi.italia","article_modified_time":"2019-06-04T09:57:05+00:00","schema":{"@context":"https:\/\/schema.org","@graph":[{"@type":"WebPage","@id":"https:\/\/www.esi.it\/fr\/donnees-relatives-la-societe\/","url":"https:\/\/www.esi.it\/fr\/donnees-relatives-la-societe\/","name":"Donn\u00e9es relatives \u00e0 la soci\u00e9t\u00e9 - ESI srl","isPartOf":{"@id":"https:\/\/www.esi.it\/it\/#website"},"datePublished":"2018-08-03T10:05:22+00:00","dateModified":"2019-06-04T09:57:05+00:00","inLanguage":"fr-FR","potentialAction":[{"@type":"ReadAction","target":["https:\/\/www.esi.it\/fr\/donnees-relatives-la-societe\/"]}]},{"@type":"WebSite","@id":"https:\/\/www.esi.it\/it\/#website","url":"https:\/\/www.esi.it\/it\/","name":"ESI srl","description":"ESI dal 1975 leader in Italia e nel Mondo nel settore del benessere naturale","publisher":{"@id":"https:\/\/www.esi.it\/it\/#organization"},"potentialAction":[{"@type":"SearchAction","target":{"@type":"EntryPoint","urlTemplate":"https:\/\/www.esi.it\/it\/?s={search_term_string}"},"query-input":"required name=search_term_string"}],"inLanguage":"fr-FR"},{"@type":"Organization","@id":"https:\/\/www.esi.it\/it\/#organization","name":"ESI Srl","alternateName":"ESI","url":"https:\/\/www.esi.it\/it\/","logo":{"@type":"ImageObject","inLanguage":"fr-FR","@id":"https:\/\/www.esi.it\/it\/#\/schema\/logo\/image\/","url":"https:\/\/www.esi.it\/wp-content\/uploads\/2025\/05\/esi-logo.jpg","contentUrl":"https:\/\/www.esi.it\/wp-content\/uploads\/2025\/05\/esi-logo.jpg","width":300,"height":300,"caption":"ESI Srl"},"image":{"@id":"https:\/\/www.esi.it\/it\/#\/schema\/logo\/image\/"},"sameAs":["https:\/\/www.facebook.com\/esi.italia","http:\/\/www.instagram.com\/esi.italia","https:\/\/www.youtube.com\/user\/ESIBenessereNaturale"]}]}},"publishpress_future_action":{"enabled":false,"date":"2026-04-14 18:22:47","action":"draft","terms":[],"taxonomy":"translation_priority"},"_links":{"self":[{"href":"https:\/\/www.esi.it\/fr\/wp-json\/wp\/v2\/pages\/10776"}],"collection":[{"href":"https:\/\/www.esi.it\/fr\/wp-json\/wp\/v2\/pages"}],"about":[{"href":"https:\/\/www.esi.it\/fr\/wp-json\/wp\/v2\/types\/page"}],"author":[{"embeddable":true,"href":"https:\/\/www.esi.it\/fr\/wp-json\/wp\/v2\/users\/7"}],"replies":[{"embeddable":true,"href":"https:\/\/www.esi.it\/fr\/wp-json\/wp\/v2\/comments?post=10776"}],"version-history":[{"count":0,"href":"https:\/\/www.esi.it\/fr\/wp-json\/wp\/v2\/pages\/10776\/revisions"}],"wp:attachment":[{"href":"https:\/\/www.esi.it\/fr\/wp-json\/wp\/v2\/media?parent=10776"}],"curies":[{"name":"wp","href":"https:\/\/api.w.org\/{rel}","templated":true}]}}