{"id":8325,"date":"2015-02-10T08:32:12","date_gmt":"2015-02-10T08:32:12","guid":{"rendered":"https:\/\/www.esi.it\/es\/home\/"},"modified":"2026-03-31T12:21:57","modified_gmt":"2026-03-31T10:21:57","slug":"prodotti-fitoterapici-dietetici-e-integratori-alimentari","status":"publish","type":"page","link":"https:\/\/www.esi.it\/es\/","title":{"rendered":"Home"},"content":{"rendered":"<p>Contenuto home page<\/p>\n","protected":false},"excerpt":{"rendered":"<p>Contenuto home page<\/p>\n","protected":false},"author":2,"featured_media":0,"parent":0,"menu_order":0,"comment_status":"closed","ping_status":"closed","template":"homepage.php","meta":[],"acf":[],"yoast_head":"<!-- This site is optimized with the Yoast SEO plugin v21.1 - https:\/\/yoast.com\/wordpress\/plugins\/seo\/ -->\n<title>Medicamentos a base de plantas, diet\u00e9ticos y complementos alimenticios<\/title>\n<meta name=\"description\" content=\"ESI opera desde 1975 en el sector de productos fitoterap\u00e9uticos, diet\u00e9ticos y complementos alimenticios de alta calidad. \u00a1Saber m\u00e1s!\" \/>\n<meta name=\"robots\" content=\"index, follow, max-snippet:-1, max-image-preview:large, max-video-preview:-1\" \/>\n<link rel=\"canonical\" href=\"https:\/\/www.esi.it\/es\/\" \/>\n<meta property=\"og:locale\" content=\"es_ES\" \/>\n<meta property=\"og:type\" content=\"article\" \/>\n<meta property=\"og:title\" content=\"Medicamentos a base de plantas, diet\u00e9ticos y complementos alimenticios\" \/>\n<meta property=\"og:description\" content=\"ESI opera desde 1975 en el sector de productos fitoterap\u00e9uticos, diet\u00e9ticos y complementos alimenticios de alta calidad. \u00a1Saber m\u00e1s!\" \/>\n<meta property=\"og:url\" content=\"https:\/\/www.esi.it\/es\/\" \/>\n<meta property=\"og:site_name\" content=\"ESI srl\" \/>\n<meta property=\"article:publisher\" content=\"https:\/\/www.facebook.com\/esi.italia\" \/>\n<meta property=\"article:modified_time\" content=\"2026-03-31T10:21:57+00:00\" \/>\n<meta name=\"twitter:label1\" content=\"Tiempo de lectura\" \/>\n\t<meta name=\"twitter:data1\" content=\"1 minuto\" \/>\n<script type=\"application\/ld+json\" class=\"yoast-schema-graph\">{\"@context\":\"https:\/\/schema.org\",\"@graph\":[{\"@type\":\"WebPage\",\"@id\":\"https:\/\/www.esi.it\/es\/\",\"url\":\"https:\/\/www.esi.it\/es\/\",\"name\":\"Medicamentos a base de plantas, diet\u00e9ticos y complementos alimenticios\",\"isPartOf\":{\"@id\":\"https:\/\/www.esi.it\/it\/#website\"},\"datePublished\":\"2015-02-10T08:32:12+00:00\",\"dateModified\":\"2026-03-31T10:21:57+00:00\",\"description\":\"ESI opera desde 1975 en el sector de productos fitoterap\u00e9uticos, diet\u00e9ticos y complementos alimenticios de alta calidad. \u00a1Saber m\u00e1s!\",\"inLanguage\":\"es\",\"potentialAction\":[{\"@type\":\"ReadAction\",\"target\":[\"https:\/\/www.esi.it\/es\/\"]}]},{\"@type\":\"WebSite\",\"@id\":\"https:\/\/www.esi.it\/it\/#website\",\"url\":\"https:\/\/www.esi.it\/it\/\",\"name\":\"ESI srl\",\"description\":\"ESI dal 1975 leader in Italia e nel Mondo nel settore del benessere naturale\",\"publisher\":{\"@id\":\"https:\/\/www.esi.it\/it\/#organization\"},\"potentialAction\":[{\"@type\":\"SearchAction\",\"target\":{\"@type\":\"EntryPoint\",\"urlTemplate\":\"https:\/\/www.esi.it\/it\/?s={search_term_string}\"},\"query-input\":\"required name=search_term_string\"}],\"inLanguage\":\"es\"},{\"@type\":\"Organization\",\"@id\":\"https:\/\/www.esi.it\/it\/#organization\",\"name\":\"ESI Srl\",\"alternateName\":\"ESI\",\"url\":\"https:\/\/www.esi.it\/it\/\",\"logo\":{\"@type\":\"ImageObject\",\"inLanguage\":\"es\",\"@id\":\"https:\/\/www.esi.it\/it\/#\/schema\/logo\/image\/\",\"url\":\"https:\/\/www.esi.it\/wp-content\/uploads\/2025\/05\/esi-logo.jpg\",\"contentUrl\":\"https:\/\/www.esi.it\/wp-content\/uploads\/2025\/05\/esi-logo.jpg\",\"width\":300,\"height\":300,\"caption\":\"ESI Srl\"},\"image\":{\"@id\":\"https:\/\/www.esi.it\/it\/#\/schema\/logo\/image\/\"},\"sameAs\":[\"https:\/\/www.facebook.com\/esi.italia\",\"http:\/\/www.instagram.com\/esi.italia\",\"https:\/\/www.youtube.com\/user\/ESIBenessereNaturale\"]}]}<\/script>\n<!-- \/ Yoast SEO plugin. -->","yoast_head_json":{"title":"Medicamentos a base de plantas, diet\u00e9ticos y complementos alimenticios","description":"ESI opera desde 1975 en el sector de productos fitoterap\u00e9uticos, diet\u00e9ticos y complementos alimenticios de alta calidad. \u00a1Saber m\u00e1s!","robots":{"index":"index","follow":"follow","max-snippet":"max-snippet:-1","max-image-preview":"max-image-preview:large","max-video-preview":"max-video-preview:-1"},"canonical":"https:\/\/www.esi.it\/es\/","og_locale":"es_ES","og_type":"article","og_title":"Medicamentos a base de plantas, diet\u00e9ticos y complementos alimenticios","og_description":"ESI opera desde 1975 en el sector de productos fitoterap\u00e9uticos, diet\u00e9ticos y complementos alimenticios de alta calidad. \u00a1Saber m\u00e1s!","og_url":"https:\/\/www.esi.it\/es\/","og_site_name":"ESI srl","article_publisher":"https:\/\/www.facebook.com\/esi.italia","article_modified_time":"2026-03-31T10:21:57+00:00","twitter_misc":{"Tiempo de lectura":"1 minuto"},"schema":{"@context":"https:\/\/schema.org","@graph":[{"@type":"WebPage","@id":"https:\/\/www.esi.it\/es\/","url":"https:\/\/www.esi.it\/es\/","name":"Medicamentos a base de plantas, diet\u00e9ticos y complementos alimenticios","isPartOf":{"@id":"https:\/\/www.esi.it\/it\/#website"},"datePublished":"2015-02-10T08:32:12+00:00","dateModified":"2026-03-31T10:21:57+00:00","description":"ESI opera desde 1975 en el sector de productos fitoterap\u00e9uticos, diet\u00e9ticos y complementos alimenticios de alta calidad. \u00a1Saber m\u00e1s!","inLanguage":"es","potentialAction":[{"@type":"ReadAction","target":["https:\/\/www.esi.it\/es\/"]}]},{"@type":"WebSite","@id":"https:\/\/www.esi.it\/it\/#website","url":"https:\/\/www.esi.it\/it\/","name":"ESI srl","description":"ESI dal 1975 leader in Italia e nel Mondo nel settore del benessere naturale","publisher":{"@id":"https:\/\/www.esi.it\/it\/#organization"},"potentialAction":[{"@type":"SearchAction","target":{"@type":"EntryPoint","urlTemplate":"https:\/\/www.esi.it\/it\/?s={search_term_string}"},"query-input":"required name=search_term_string"}],"inLanguage":"es"},{"@type":"Organization","@id":"https:\/\/www.esi.it\/it\/#organization","name":"ESI Srl","alternateName":"ESI","url":"https:\/\/www.esi.it\/it\/","logo":{"@type":"ImageObject","inLanguage":"es","@id":"https:\/\/www.esi.it\/it\/#\/schema\/logo\/image\/","url":"https:\/\/www.esi.it\/wp-content\/uploads\/2025\/05\/esi-logo.jpg","contentUrl":"https:\/\/www.esi.it\/wp-content\/uploads\/2025\/05\/esi-logo.jpg","width":300,"height":300,"caption":"ESI Srl"},"image":{"@id":"https:\/\/www.esi.it\/it\/#\/schema\/logo\/image\/"},"sameAs":["https:\/\/www.facebook.com\/esi.italia","http:\/\/www.instagram.com\/esi.italia","https:\/\/www.youtube.com\/user\/ESIBenessereNaturale"]}]}},"publishpress_future_action":{"enabled":false,"date":"2026-05-10 10:13:49","action":"draft","terms":[],"taxonomy":"translation_priority"},"_links":{"self":[{"href":"https:\/\/www.esi.it\/es\/wp-json\/wp\/v2\/pages\/8325"}],"collection":[{"href":"https:\/\/www.esi.it\/es\/wp-json\/wp\/v2\/pages"}],"about":[{"href":"https:\/\/www.esi.it\/es\/wp-json\/wp\/v2\/types\/page"}],"author":[{"embeddable":true,"href":"https:\/\/www.esi.it\/es\/wp-json\/wp\/v2\/users\/2"}],"replies":[{"embeddable":true,"href":"https:\/\/www.esi.it\/es\/wp-json\/wp\/v2\/comments?post=8325"}],"version-history":[{"count":0,"href":"https:\/\/www.esi.it\/es\/wp-json\/wp\/v2\/pages\/8325\/revisions"}],"wp:attachment":[{"href":"https:\/\/www.esi.it\/es\/wp-json\/wp\/v2\/media?parent=8325"}],"curies":[{"name":"wp","href":"https:\/\/api.w.org\/{rel}","templated":true}]}}