{"id":7794,"date":"2016-12-05T13:42:40","date_gmt":"2016-12-05T12:42:40","guid":{"rendered":"https:\/\/www.esi.it\/es\/?page_id=7794"},"modified":"2016-12-06T13:07:41","modified_gmt":"2016-12-06T12:07:41","slug":"ingredientes-productos-herbarios","status":"publish","type":"page","link":"https:\/\/www.esi.it\/es\/ingredientes-productos-herbarios\/","title":{"rendered":"Ingredientes"},"content":{"rendered":"<p class=\"column\"><strong>ESI<\/strong> utiliza desde siempre \u00fanicamente ingredientes altamente seleccionados para garantizar productos fitoterap\u00e9uticos de alta calidad. Cada materia prima empleada est\u00e1 certificada y pasa por un riguroso control de calidad en laboratorios especializados. <strong>ESI<\/strong> respeta desde siempre los m\u00e1s altos est\u00e1ndares de calidad de las materias primas gracias a las m\u00e1s modernas plantas de producci\u00f3n y control. Dar a conocer nuestros ingredientes y garantizar la m\u00e1xima transparencia de los productos es uno de nuestros objetivos de empresa, a fin de promover una compra consciente y segura para la propia salud. Busca en la siguiente lista el ingrediente que te interese y descubre todas sus propiedades ben\u00e9ficas y principios activos; se indican tambi\u00e9n los <strong>productos ESI<\/strong> en que se emplea.<\/p>\n","protected":false},"excerpt":{"rendered":"<p>ESI utiliza desde siempre \u00fanicamente ingredientes altamente seleccionados para garantizar productos fitoterap\u00e9uticos [&hellip;]<\/p>\n","protected":false},"author":7,"featured_media":623,"parent":0,"menu_order":0,"comment_status":"closed","ping_status":"closed","template":"ingredienti-naturali.php","meta":[],"acf":[],"yoast_head":"<!-- This site is optimized with the Yoast SEO plugin v21.1 - https:\/\/yoast.com\/wordpress\/plugins\/seo\/ -->\n<title>Ingredientes - ESI srl<\/title>\n<meta name=\"robots\" content=\"index, follow, max-snippet:-1, max-image-preview:large, max-video-preview:-1\" \/>\n<link rel=\"canonical\" href=\"https:\/\/www.esi.it\/es\/ingredientes-productos-herbarios\/\" \/>\n<meta property=\"og:locale\" content=\"es_ES\" \/>\n<meta property=\"og:type\" content=\"article\" \/>\n<meta property=\"og:title\" content=\"Ingredientes - ESI srl\" \/>\n<meta property=\"og:description\" content=\"ESI utiliza desde siempre \u00fanicamente ingredientes altamente seleccionados para garantizar productos fitoterap\u00e9uticos [&hellip;]\" \/>\n<meta property=\"og:url\" content=\"https:\/\/www.esi.it\/es\/ingredientes-productos-herbarios\/\" \/>\n<meta property=\"og:site_name\" content=\"ESI srl\" \/>\n<meta property=\"article:publisher\" content=\"https:\/\/www.facebook.com\/esi.italia\" \/>\n<meta property=\"article:modified_time\" content=\"2016-12-06T12:07:41+00:00\" \/>\n<meta property=\"og:image\" content=\"https:\/\/www.esi.it\/wp-content\/uploads\/2015\/06\/testata-ingredienti.jpg\" \/>\n\t<meta property=\"og:image:width\" content=\"1920\" \/>\n\t<meta property=\"og:image:height\" content=\"226\" \/>\n\t<meta property=\"og:image:type\" content=\"image\/jpeg\" \/>\n<meta name=\"twitter:label1\" content=\"Tiempo de lectura\" \/>\n\t<meta name=\"twitter:data1\" content=\"1 minuto\" \/>\n<script type=\"application\/ld+json\" class=\"yoast-schema-graph\">{\"@context\":\"https:\/\/schema.org\",\"@graph\":[{\"@type\":\"WebPage\",\"@id\":\"https:\/\/www.esi.it\/es\/ingredientes-productos-herbarios\/\",\"url\":\"https:\/\/www.esi.it\/es\/ingredientes-productos-herbarios\/\",\"name\":\"Ingredientes - ESI srl\",\"isPartOf\":{\"@id\":\"https:\/\/www.esi.it\/it\/#website\"},\"datePublished\":\"2016-12-05T12:42:40+00:00\",\"dateModified\":\"2016-12-06T12:07:41+00:00\",\"inLanguage\":\"es\",\"potentialAction\":[{\"@type\":\"ReadAction\",\"target\":[\"https:\/\/www.esi.it\/es\/ingredientes-productos-herbarios\/\"]}]},{\"@type\":\"WebSite\",\"@id\":\"https:\/\/www.esi.it\/it\/#website\",\"url\":\"https:\/\/www.esi.it\/it\/\",\"name\":\"ESI srl\",\"description\":\"ESI dal 1975 leader in Italia e nel Mondo nel settore del benessere naturale\",\"publisher\":{\"@id\":\"https:\/\/www.esi.it\/it\/#organization\"},\"potentialAction\":[{\"@type\":\"SearchAction\",\"target\":{\"@type\":\"EntryPoint\",\"urlTemplate\":\"https:\/\/www.esi.it\/it\/?s={search_term_string}\"},\"query-input\":\"required name=search_term_string\"}],\"inLanguage\":\"es\"},{\"@type\":\"Organization\",\"@id\":\"https:\/\/www.esi.it\/it\/#organization\",\"name\":\"ESI Srl\",\"alternateName\":\"ESI\",\"url\":\"https:\/\/www.esi.it\/it\/\",\"logo\":{\"@type\":\"ImageObject\",\"inLanguage\":\"es\",\"@id\":\"https:\/\/www.esi.it\/it\/#\/schema\/logo\/image\/\",\"url\":\"https:\/\/www.esi.it\/wp-content\/uploads\/2025\/05\/esi-logo.jpg\",\"contentUrl\":\"https:\/\/www.esi.it\/wp-content\/uploads\/2025\/05\/esi-logo.jpg\",\"width\":300,\"height\":300,\"caption\":\"ESI Srl\"},\"image\":{\"@id\":\"https:\/\/www.esi.it\/it\/#\/schema\/logo\/image\/\"},\"sameAs\":[\"https:\/\/www.facebook.com\/esi.italia\",\"http:\/\/www.instagram.com\/esi.italia\",\"https:\/\/www.youtube.com\/user\/ESIBenessereNaturale\"]}]}<\/script>\n<!-- \/ Yoast SEO plugin. -->","yoast_head_json":{"title":"Ingredientes - ESI srl","robots":{"index":"index","follow":"follow","max-snippet":"max-snippet:-1","max-image-preview":"max-image-preview:large","max-video-preview":"max-video-preview:-1"},"canonical":"https:\/\/www.esi.it\/es\/ingredientes-productos-herbarios\/","og_locale":"es_ES","og_type":"article","og_title":"Ingredientes - ESI srl","og_description":"ESI utiliza desde siempre \u00fanicamente ingredientes altamente seleccionados para garantizar productos fitoterap\u00e9uticos [&hellip;]","og_url":"https:\/\/www.esi.it\/es\/ingredientes-productos-herbarios\/","og_site_name":"ESI srl","article_publisher":"https:\/\/www.facebook.com\/esi.italia","article_modified_time":"2016-12-06T12:07:41+00:00","og_image":[{"width":1920,"height":226,"url":"https:\/\/www.esi.it\/wp-content\/uploads\/2015\/06\/testata-ingredienti.jpg","type":"image\/jpeg"}],"twitter_misc":{"Tiempo de lectura":"1 minuto"},"schema":{"@context":"https:\/\/schema.org","@graph":[{"@type":"WebPage","@id":"https:\/\/www.esi.it\/es\/ingredientes-productos-herbarios\/","url":"https:\/\/www.esi.it\/es\/ingredientes-productos-herbarios\/","name":"Ingredientes - ESI srl","isPartOf":{"@id":"https:\/\/www.esi.it\/it\/#website"},"datePublished":"2016-12-05T12:42:40+00:00","dateModified":"2016-12-06T12:07:41+00:00","inLanguage":"es","potentialAction":[{"@type":"ReadAction","target":["https:\/\/www.esi.it\/es\/ingredientes-productos-herbarios\/"]}]},{"@type":"WebSite","@id":"https:\/\/www.esi.it\/it\/#website","url":"https:\/\/www.esi.it\/it\/","name":"ESI srl","description":"ESI dal 1975 leader in Italia e nel Mondo nel settore del benessere naturale","publisher":{"@id":"https:\/\/www.esi.it\/it\/#organization"},"potentialAction":[{"@type":"SearchAction","target":{"@type":"EntryPoint","urlTemplate":"https:\/\/www.esi.it\/it\/?s={search_term_string}"},"query-input":"required name=search_term_string"}],"inLanguage":"es"},{"@type":"Organization","@id":"https:\/\/www.esi.it\/it\/#organization","name":"ESI Srl","alternateName":"ESI","url":"https:\/\/www.esi.it\/it\/","logo":{"@type":"ImageObject","inLanguage":"es","@id":"https:\/\/www.esi.it\/it\/#\/schema\/logo\/image\/","url":"https:\/\/www.esi.it\/wp-content\/uploads\/2025\/05\/esi-logo.jpg","contentUrl":"https:\/\/www.esi.it\/wp-content\/uploads\/2025\/05\/esi-logo.jpg","width":300,"height":300,"caption":"ESI Srl"},"image":{"@id":"https:\/\/www.esi.it\/it\/#\/schema\/logo\/image\/"},"sameAs":["https:\/\/www.facebook.com\/esi.italia","http:\/\/www.instagram.com\/esi.italia","https:\/\/www.youtube.com\/user\/ESIBenessereNaturale"]}]}},"publishpress_future_action":{"enabled":false,"date":"2026-04-14 20:58:44","action":"draft","terms":[],"taxonomy":"translation_priority"},"_links":{"self":[{"href":"https:\/\/www.esi.it\/es\/wp-json\/wp\/v2\/pages\/7794"}],"collection":[{"href":"https:\/\/www.esi.it\/es\/wp-json\/wp\/v2\/pages"}],"about":[{"href":"https:\/\/www.esi.it\/es\/wp-json\/wp\/v2\/types\/page"}],"author":[{"embeddable":true,"href":"https:\/\/www.esi.it\/es\/wp-json\/wp\/v2\/users\/7"}],"replies":[{"embeddable":true,"href":"https:\/\/www.esi.it\/es\/wp-json\/wp\/v2\/comments?post=7794"}],"version-history":[{"count":0,"href":"https:\/\/www.esi.it\/es\/wp-json\/wp\/v2\/pages\/7794\/revisions"}],"wp:featuredmedia":[{"embeddable":true,"href":"https:\/\/www.esi.it\/es\/wp-json\/wp\/v2\/media\/623"}],"wp:attachment":[{"href":"https:\/\/www.esi.it\/es\/wp-json\/wp\/v2\/media?parent=7794"}],"curies":[{"name":"wp","href":"https:\/\/api.w.org\/{rel}","templated":true}]}}