{"id":7781,"date":"2016-12-05T12:57:52","date_gmt":"2016-12-05T11:57:52","guid":{"rendered":"https:\/\/www.esi.it\/es\/?page_id=7781"},"modified":"2021-10-28T10:07:36","modified_gmt":"2021-10-28T08:07:36","slug":"control-de-calidad","status":"publish","type":"page","link":"https:\/\/www.esi.it\/es\/investigacion-y-desarrollo\/control-de-calidad\/","title":{"rendered":"Control de calidad"},"content":{"rendered":"<p>La calidad de los productos es la primera regla de la empresa, que se lleva a cabo:<\/p>\n<p>\u00b7 En la selecci\u00f3n y el uso de materias primas seleccionadas.<br \/>\n\u00b7 En los rigurosos controles de calidad realizados en laboratorios espec\u00edficamente equipados.<br \/>\n\u00b7 En los m\u00e1s altos est\u00e1ndares de calidad, gracias a los modernos sistemas y equipos de producci\u00f3n y control.<\/p>\n<p>&nbsp;<\/p>\n<p><img decoding=\"async\" loading=\"lazy\" class=\"alignnone size-full wp-image-1491\" src=\"\/wp-content\/uploads\/2015\/06\/test-clinici.jpg\" alt=\"test-clinici\" width=\"764\" height=\"356\" \/><\/p>\n<p>&nbsp;<\/p>\n<h2>21 puntos claves del control de calidad<\/h2>\n<p><strong>\u00bfTienes la certeza de que los complementos que compras se han fabricado siguiendo todos los puntos clave del control de calidad?<\/strong><\/p>\n<ol class=\"controllo-qualita\">\n<li>Comprar s\u00f3lo las mejores materias primas de proveedores cualificados y validados por ESI.<\/li>\n<li>Almacenar las materias primas en locales adecuados, protegidos del calor y de la humedad<\/li>\n<li>Probar y evaluar todos los lotes de todas las materias primas en el momento de recibirlos, efectuando an\u00e1lisis qu\u00edmico-f\u00edsicos y microbiol\u00f3gicos, utilizando protocolos consolidados y complejos m\u00e9todos de control, respetando las especificaciones t\u00e9cnicas acordadas con los proveedores.<\/li>\n<li>Procesar los lotes para asegurar siempre el uso de las materias primas m\u00e1s recientes.<\/li>\n<li>All\u00ed donde sea necesario, disponer de una sobre-dosificaci\u00f3n de los ingredientes para asegurar siempre que la cantidad, al final de su vida \u00fatil, concuerde con lo declarado en la etiqueta.<\/li>\n<li>Utilizar elementos de relleno, aglomerantes y excipientes de origen natural y\/o vegetal.<\/li>\n<li>Granular, si fuera necesario, algunos nutrientes para asegurar una mezcla uniforme de los ingredientes.<\/li>\n<li>Producir en locales deshumidificados para prevenir da\u00f1os a los nutrientes sensibles a la humedad.<\/li>\n<li>Utilizar las \u00faltimas t\u00e9cnicas de compresi\u00f3n evitando utilizar elementos da\u00f1inos.<\/li>\n<li>Cuando sea necesario, revestir uniformemente las tabletas inmediatamente despu\u00e9s de la producci\u00f3n, para evitar que la humedad y la oxidaci\u00f3n da\u00f1en el producto acabado.<\/li>\n<li>Llevar a cabo pruebas de disgregaci\u00f3n para asegurarse de que las tabletas y las c\u00e1psulas se disuelvan en los tiempos previstos por la farmacopea, seg\u00fan el tipo de producto.<\/li>\n<li>Controlar anal\u00edticamente todos los lotes de semielaborado, antes de autorizar el envasado.<\/li>\n<li>Envasar el producto suelto inmediatamente despu\u00e9s del an\u00e1lisis<\/li>\n<li>Envasar en frascos y bl\u00edsteres las tabletas, c\u00e1psulas y l\u00edquidos conforme a las normativas vigentes en materia de higiene y seguridad de los alimentos.<\/li>\n<li>Embalar los productos asegur\u00e1ndose de reducir lo m\u00e1ximo posible los efectos de la luz, del calor y de la humedad.<\/li>\n<li>Utilizar contenedores adecuados para alimentos.<\/li>\n<li>Controlar peri\u00f3dicamente los ingredientes caracter\u00edsticos de los productos, para asegurar su eficacia hasta el final de la vida \u00fatil.<\/li>\n<li>Probar y controlar todos los lotes de todos los productos acabados, realizando an\u00e1lisis qu\u00edmico-f\u00edsicos y microbiol\u00f3gicos antes de autorizar la comercializaci\u00f3n.<\/li>\n<li>Llevar un inventario con un sistema computerizado avanzado, que permita controlar cuidadosamente las reservas y ofrecer productos frescos y de producci\u00f3n reciente.<\/li>\n<li>Garantizar en todo caso y siempre, la aplicaci\u00f3n y la puesta al d\u00eda de procedimientos de seguridad adecuados, conforme a los principios en que se basa todo el sistema de an\u00e1lisis de los riesgos y de control de los puntos cr\u00edticos.<\/li>\n<li>Garantizar la completa trazabilidad, a partir del momento en que se recibe cada lote de materia prima y hasta la entrega de los productos en el punto de venta, seg\u00fan lo previsto en el reglamento CE n.178\/2002.<\/li>\n<\/ol>\n","protected":false},"excerpt":{"rendered":"<p>La calidad de los productos es la primera regla de la empresa, [&hellip;]<\/p>\n","protected":false},"author":7,"featured_media":2178,"parent":7766,"menu_order":0,"comment_status":"closed","ping_status":"closed","template":"istitutionals.php","meta":[],"acf":[],"yoast_head":"<!-- This site is optimized with the Yoast SEO plugin v21.1 - https:\/\/yoast.com\/wordpress\/plugins\/seo\/ -->\n<title>Control de calidad - ESI srl<\/title>\n<meta name=\"robots\" content=\"index, follow, max-snippet:-1, max-image-preview:large, max-video-preview:-1\" \/>\n<link rel=\"canonical\" href=\"https:\/\/www.esi.it\/es\/investigacion-y-desarrollo\/control-de-calidad\/\" \/>\n<meta property=\"og:locale\" content=\"es_ES\" \/>\n<meta property=\"og:type\" content=\"article\" \/>\n<meta property=\"og:title\" content=\"Control de calidad - ESI srl\" \/>\n<meta property=\"og:description\" content=\"La calidad de los productos es la primera regla de la empresa, [&hellip;]\" \/>\n<meta property=\"og:url\" content=\"https:\/\/www.esi.it\/es\/investigacion-y-desarrollo\/control-de-calidad\/\" \/>\n<meta property=\"og:site_name\" content=\"ESI srl\" \/>\n<meta property=\"article:publisher\" content=\"https:\/\/www.facebook.com\/esi.italia\" \/>\n<meta property=\"article:modified_time\" content=\"2021-10-28T08:07:36+00:00\" \/>\n<meta property=\"og:image\" content=\"https:\/\/www.esi.it\/wp-content\/uploads\/2015\/06\/test-clinici.jpg\" \/>\n\t<meta property=\"og:image:width\" content=\"764\" \/>\n\t<meta property=\"og:image:height\" content=\"300\" \/>\n\t<meta property=\"og:image:type\" content=\"image\/jpeg\" \/>\n<meta name=\"twitter:label1\" content=\"Tiempo de lectura\" \/>\n\t<meta name=\"twitter:data1\" content=\"3 minutos\" \/>\n<script type=\"application\/ld+json\" class=\"yoast-schema-graph\">{\"@context\":\"https:\/\/schema.org\",\"@graph\":[{\"@type\":\"WebPage\",\"@id\":\"https:\/\/www.esi.it\/es\/investigacion-y-desarrollo\/control-de-calidad\/\",\"url\":\"https:\/\/www.esi.it\/es\/investigacion-y-desarrollo\/control-de-calidad\/\",\"name\":\"Control de calidad - ESI srl\",\"isPartOf\":{\"@id\":\"https:\/\/www.esi.it\/it\/#website\"},\"datePublished\":\"2016-12-05T11:57:52+00:00\",\"dateModified\":\"2021-10-28T08:07:36+00:00\",\"breadcrumb\":{\"@id\":\"https:\/\/www.esi.it\/es\/investigacion-y-desarrollo\/control-de-calidad\/#breadcrumb\"},\"inLanguage\":\"es\",\"potentialAction\":[{\"@type\":\"ReadAction\",\"target\":[\"https:\/\/www.esi.it\/es\/investigacion-y-desarrollo\/control-de-calidad\/\"]}]},{\"@type\":\"BreadcrumbList\",\"@id\":\"https:\/\/www.esi.it\/es\/investigacion-y-desarrollo\/control-de-calidad\/#breadcrumb\",\"itemListElement\":[{\"@type\":\"ListItem\",\"position\":1,\"name\":\"Investigaci\u00f3n y desarrollo\",\"item\":\"https:\/\/www.esi.it\/es\/investigacion-y-desarrollo\/\"},{\"@type\":\"ListItem\",\"position\":2,\"name\":\"Control de calidad\"}]},{\"@type\":\"WebSite\",\"@id\":\"https:\/\/www.esi.it\/it\/#website\",\"url\":\"https:\/\/www.esi.it\/it\/\",\"name\":\"ESI srl\",\"description\":\"ESI dal 1975 leader in Italia e nel Mondo nel settore del benessere naturale\",\"publisher\":{\"@id\":\"https:\/\/www.esi.it\/it\/#organization\"},\"potentialAction\":[{\"@type\":\"SearchAction\",\"target\":{\"@type\":\"EntryPoint\",\"urlTemplate\":\"https:\/\/www.esi.it\/it\/?s={search_term_string}\"},\"query-input\":\"required name=search_term_string\"}],\"inLanguage\":\"es\"},{\"@type\":\"Organization\",\"@id\":\"https:\/\/www.esi.it\/it\/#organization\",\"name\":\"ESI Srl\",\"alternateName\":\"ESI\",\"url\":\"https:\/\/www.esi.it\/it\/\",\"logo\":{\"@type\":\"ImageObject\",\"inLanguage\":\"es\",\"@id\":\"https:\/\/www.esi.it\/it\/#\/schema\/logo\/image\/\",\"url\":\"https:\/\/www.esi.it\/wp-content\/uploads\/2025\/05\/esi-logo.jpg\",\"contentUrl\":\"https:\/\/www.esi.it\/wp-content\/uploads\/2025\/05\/esi-logo.jpg\",\"width\":300,\"height\":300,\"caption\":\"ESI Srl\"},\"image\":{\"@id\":\"https:\/\/www.esi.it\/it\/#\/schema\/logo\/image\/\"},\"sameAs\":[\"https:\/\/www.facebook.com\/esi.italia\",\"http:\/\/www.instagram.com\/esi.italia\",\"https:\/\/www.youtube.com\/user\/ESIBenessereNaturale\"]}]}<\/script>\n<!-- \/ Yoast SEO plugin. -->","yoast_head_json":{"title":"Control de calidad - ESI srl","robots":{"index":"index","follow":"follow","max-snippet":"max-snippet:-1","max-image-preview":"max-image-preview:large","max-video-preview":"max-video-preview:-1"},"canonical":"https:\/\/www.esi.it\/es\/investigacion-y-desarrollo\/control-de-calidad\/","og_locale":"es_ES","og_type":"article","og_title":"Control de calidad - ESI srl","og_description":"La calidad de los productos es la primera regla de la empresa, [&hellip;]","og_url":"https:\/\/www.esi.it\/es\/investigacion-y-desarrollo\/control-de-calidad\/","og_site_name":"ESI srl","article_publisher":"https:\/\/www.facebook.com\/esi.italia","article_modified_time":"2021-10-28T08:07:36+00:00","og_image":[{"width":764,"height":300,"url":"https:\/\/www.esi.it\/wp-content\/uploads\/2015\/06\/test-clinici.jpg","type":"image\/jpeg"}],"twitter_misc":{"Tiempo de lectura":"3 minutos"},"schema":{"@context":"https:\/\/schema.org","@graph":[{"@type":"WebPage","@id":"https:\/\/www.esi.it\/es\/investigacion-y-desarrollo\/control-de-calidad\/","url":"https:\/\/www.esi.it\/es\/investigacion-y-desarrollo\/control-de-calidad\/","name":"Control de calidad - ESI srl","isPartOf":{"@id":"https:\/\/www.esi.it\/it\/#website"},"datePublished":"2016-12-05T11:57:52+00:00","dateModified":"2021-10-28T08:07:36+00:00","breadcrumb":{"@id":"https:\/\/www.esi.it\/es\/investigacion-y-desarrollo\/control-de-calidad\/#breadcrumb"},"inLanguage":"es","potentialAction":[{"@type":"ReadAction","target":["https:\/\/www.esi.it\/es\/investigacion-y-desarrollo\/control-de-calidad\/"]}]},{"@type":"BreadcrumbList","@id":"https:\/\/www.esi.it\/es\/investigacion-y-desarrollo\/control-de-calidad\/#breadcrumb","itemListElement":[{"@type":"ListItem","position":1,"name":"Investigaci\u00f3n y desarrollo","item":"https:\/\/www.esi.it\/es\/investigacion-y-desarrollo\/"},{"@type":"ListItem","position":2,"name":"Control de calidad"}]},{"@type":"WebSite","@id":"https:\/\/www.esi.it\/it\/#website","url":"https:\/\/www.esi.it\/it\/","name":"ESI srl","description":"ESI dal 1975 leader in Italia e nel Mondo nel settore del benessere naturale","publisher":{"@id":"https:\/\/www.esi.it\/it\/#organization"},"potentialAction":[{"@type":"SearchAction","target":{"@type":"EntryPoint","urlTemplate":"https:\/\/www.esi.it\/it\/?s={search_term_string}"},"query-input":"required name=search_term_string"}],"inLanguage":"es"},{"@type":"Organization","@id":"https:\/\/www.esi.it\/it\/#organization","name":"ESI Srl","alternateName":"ESI","url":"https:\/\/www.esi.it\/it\/","logo":{"@type":"ImageObject","inLanguage":"es","@id":"https:\/\/www.esi.it\/it\/#\/schema\/logo\/image\/","url":"https:\/\/www.esi.it\/wp-content\/uploads\/2025\/05\/esi-logo.jpg","contentUrl":"https:\/\/www.esi.it\/wp-content\/uploads\/2025\/05\/esi-logo.jpg","width":300,"height":300,"caption":"ESI Srl"},"image":{"@id":"https:\/\/www.esi.it\/it\/#\/schema\/logo\/image\/"},"sameAs":["https:\/\/www.facebook.com\/esi.italia","http:\/\/www.instagram.com\/esi.italia","https:\/\/www.youtube.com\/user\/ESIBenessereNaturale"]}]}},"publishpress_future_action":{"enabled":false,"date":"2026-05-07 17:08:06","action":"draft","terms":[],"taxonomy":"translation_priority"},"_links":{"self":[{"href":"https:\/\/www.esi.it\/es\/wp-json\/wp\/v2\/pages\/7781"}],"collection":[{"href":"https:\/\/www.esi.it\/es\/wp-json\/wp\/v2\/pages"}],"about":[{"href":"https:\/\/www.esi.it\/es\/wp-json\/wp\/v2\/types\/page"}],"author":[{"embeddable":true,"href":"https:\/\/www.esi.it\/es\/wp-json\/wp\/v2\/users\/7"}],"replies":[{"embeddable":true,"href":"https:\/\/www.esi.it\/es\/wp-json\/wp\/v2\/comments?post=7781"}],"version-history":[{"count":0,"href":"https:\/\/www.esi.it\/es\/wp-json\/wp\/v2\/pages\/7781\/revisions"}],"up":[{"embeddable":true,"href":"https:\/\/www.esi.it\/es\/wp-json\/wp\/v2\/pages\/7766"}],"wp:featuredmedia":[{"embeddable":true,"href":"https:\/\/www.esi.it\/es\/wp-json\/wp\/v2\/media\/2178"}],"wp:attachment":[{"href":"https:\/\/www.esi.it\/es\/wp-json\/wp\/v2\/media?parent=7781"}],"curies":[{"name":"wp","href":"https:\/\/api.w.org\/{rel}","templated":true}]}}