{"id":7770,"date":"2016-12-05T12:47:37","date_gmt":"2016-12-05T11:47:37","guid":{"rendered":"https:\/\/www.esi.it\/es\/?page_id=7770"},"modified":"2023-11-07T09:49:47","modified_gmt":"2023-11-07T08:49:47","slug":"certificaciones","status":"publish","type":"page","link":"https:\/\/www.esi.it\/es\/investigacion-y-desarrollo\/certificaciones\/","title":{"rendered":"Certificaciones"},"content":{"rendered":"<p>La calidad ESI est\u00e1 certificada por los mejores organismos de certificaci\u00f3n y por el Ministerio de Sanidad. Las certificaciones obtenidas son:<\/p>\n<p style=\"margin-bottom: 3em;\"><span style=\"font-size: 22px; font-weight: bold;\">2023 <\/span>\u00a0\u00a0\u00a0\u00a0ESI obtiene la certificaci\u00f3n FSSC 22000<br \/>\n<span style=\"font-size: 22px; font-weight: bold;\">2017 <\/span>\u00a0\u00a0\u00a0\u00a0actualizaci\u00f3n del sistema de calidad conforme a las normas europeas ISO 9001:2015.<br \/>\n<span style=\"font-size: 22px; font-weight: bold;\">2009\u00a0<\/span>\u00a0\u00a0\u00a0\u00a0ESI obtiene del CCPB la autorizaci\u00f3n para la comercializaci\u00f3n de productos biol\u00f3gicos.<br \/>\n<span style=\"font-size: 22px; font-weight: bold;\">2004\u00a0<\/span>\u00a0\u00a0\u00a0\u00a0ESI obtiene la certificaci\u00f3n de producto para los zumos de la l\u00ednea Aloe Vera ESI.<br \/>\n<span style=\"font-size: 22px; font-weight: bold;\">2002\u00a0<\/span>\u00a0\u00a0\u00a0\u00a0actualizaci\u00f3n del sistema de calidad conforme a las normas europeas ISO 9001:2000.<br \/>\n<span style=\"font-size: 22px; font-weight: bold;\">1999\u00a0<\/span>\u00a0\u00a0\u00a0\u00a0la certificaci\u00f3n ISO 9001 que asegura la calidad total de la producci\u00f3n ESI.<br \/>\n<span style=\"font-size: 22px; font-weight: bold;\">1995\u00a0<\/span>\u00a0\u00a0\u00a0\u00a0la autorizaci\u00f3n del Ministerio de Sanidad para producir productos diet\u00e9ticos y complementos alimenticios.<\/p>\n<div class=\"certificazioni clearfix\">\n<div class=\"img\"><img decoding=\"async\" loading=\"lazy\" class=\"alignnone size-full wp-image-1407\" src=\"\/wp-content\/uploads\/2023\/10\/fssc-logo.png\" alt=\"FSSC\" width=\"100\" height=\"20\" \/><\/div>\n<p>FSSC 22000 es un sistema de certificaci\u00f3n de seguridad alimentaria basado en la norma ISO 22000:2018 reconocida internacionalmente e integrada con la norma t\u00e9cnica correspondiente ISO\/TS 22002-1:2009 y los requisitos adicionales FSSC 22000 ver. 5.1.<\/p>\n<p>&nbsp;<\/p>\n<\/div>\n<div class=\"certificazioni clearfix\">\n<div class=\"img\"><img decoding=\"async\" loading=\"lazy\" class=\"alignnone size-full wp-image-1402\" src=\"\/wp-content\/uploads\/2015\/06\/certiquality-icona.png\" alt=\"Certiquality\" width=\"100\" height=\"91\" \/><\/div>\n<p>CERTIQUALITY es un organismo sin fines de lucro al servicio de las empresas, acreditado para la certificaci\u00f3n de los sistemas de gesti\u00f3n de empresa para la calidad, el medio ambiente, la seguridad, as\u00ed como para la certificaci\u00f3n del producto. Certiquality certifica y garantiza la l\u00ednea Aloe Vera ESI zumos:<br \/>\n\u00a0<br \/>\n\u00b7 Producto libre de residuos de pesticidas o de fertilizantes qu\u00edmicos<br \/>\n\u00b7 Contenido en mucopolisac\u00e1ridos no inferior a 7000 mg\/litro\u00a0<\/p>\n<\/div>\n<div class=\"certificazioni clearfix\">\n<div class=\"img\"><img decoding=\"async\" loading=\"lazy\" class=\"alignnone size-full wp-image-1404\" src=\"\/wp-content\/uploads\/2015\/07\/clinicamente-testato.jpg\" alt=\"clinicamente-testato\" width=\"100\" height=\"98\" \/><\/div>\n<p>ESI recurre adem\u00e1s a la colaboraci\u00f3n de Universidades, Institutos de Investigaci\u00f3n y Organismos Hospitalarios, tanto en Italia como en otros pa\u00edses, para probar la eficacia y la seguridad de sus productos. Un enfoque riguroso, derivado de la industria farmac\u00e9utica, aplicado al sector de los productos naturales para proporcionar una garant\u00eda adicional a los consumidores.<\/p>\n<\/div>\n<div class=\"certificazioni clearfix\">\n<div class=\"img\"><img decoding=\"async\" loading=\"lazy\" class=\"alignnone size-full wp-image-1405\" src=\"\/wp-content\/uploads\/2015\/06\/naturcaps.png\" alt=\"naturcaps\" width=\"100\" height=\"27\" \/><\/div>\n<p>Nueva c\u00e1psula elaborada a partir de una fibra vegetal obtenida por fermentaci\u00f3n de la tapioca, por lo tanto totalmente natural y sin colorantes artificiales, de f\u00e1cil digesti\u00f3n, apta para veganos y vegetarianos.<\/p>\n<p><img decoding=\"async\" loading=\"lazy\" class=\"alignnone size-full wp-image-1406\" src=\"\/wp-content\/uploads\/2015\/06\/naturcaps-retard.png\" alt=\"Naturcaps retard\" width=\"100\" height=\"45\" \/><\/p>\n<\/div>\n<div class=\"certificazioni clearfix\">\n<p>La especial formulaci\u00f3n RETARD estudiada por ESI garantiza al organismo la posibilidad de un uso gradual y completo de los nutrientes. La c\u00e1psula RETARD de ESI contiene 4 peque\u00f1os comprimidos de liberaci\u00f3n retardada y diferenciada entre s\u00ed. Los 4 mini-comprimidos, que pueden incluso ser gastro-resistentes, tienen momentos distintos de disgregaci\u00f3n, lo cual permite una liberaci\u00f3n gradual y constante de los principios que contienen y garantiza al organismo un tiempo suficiente para asimilar y transportar a todo el cuerpo los principios activos y ofrecer as\u00ed una acci\u00f3n prolongada (denominada acci\u00f3n RETARD).<\/p>\n<\/div>\n<div class=\"certificazioni clearfix\">\n<div class=\"img\"><img decoding=\"async\" loading=\"lazy\" class=\"alignnone size-full wp-image-1407\" src=\"\/wp-content\/uploads\/2015\/06\/gluten-free.png\" alt=\"Gluten free\" width=\"100\" height=\"108\" \/><\/div>\n<p>De acuerdo con la creciente difusi\u00f3n de la enfermedad cel\u00edaca y las intolerancias al gluten, todos los productos ESI\u00ae est\u00e1n declarados \u00absin gluten\u00bb, es decir, de acuerdo con la regulaci\u00f3n CE \/ 41\/2009 y posterior CE \/ 828\/2014 tienen un contenido de gluten menos de 20 ppm (0.002%) y por lo tanto son adecuados para cel\u00edacos. La ausencia de gluten est\u00e1 claramente indicada en el envase de los productos ESI\u00ae con un s\u00edmbolo f\u00e1cilmente reconocible.<\/p>\n<\/div>\n<div class=\"certificazioni clearfix\">\n<div class=\"img\"><img decoding=\"async\" loading=\"lazy\" class=\"alignnone size-full wp-image-1407\" src=\"\/wp-content\/uploads\/2015\/06\/vegan.png\" alt=\"Vegan\" width=\"100\" height=\"108\" \/><\/div>\n<p>Para completar la informaci\u00f3n sobre los productos ESI\u00ae, el consumidor encontrar\u00e1 en el paquete un peque\u00f1o s\u00edmbolo que indica si el producto es adecuado para vegetarianos y \/ o veganos en funci\u00f3n del origen de las materias primas que contiene.<\/p>\n<\/div>\n","protected":false},"excerpt":{"rendered":"<p>La calidad ESI est\u00e1 certificada por los mejores organismos de certificaci\u00f3n y [&hellip;]<\/p>\n","protected":false},"author":7,"featured_media":0,"parent":7766,"menu_order":0,"comment_status":"closed","ping_status":"closed","template":"istitutionals.php","meta":[],"acf":[],"yoast_head":"<!-- This site is optimized with the Yoast SEO plugin v21.1 - https:\/\/yoast.com\/wordpress\/plugins\/seo\/ -->\n<title>Certificaciones - ESI srl<\/title>\n<meta name=\"robots\" content=\"index, follow, max-snippet:-1, max-image-preview:large, max-video-preview:-1\" \/>\n<link rel=\"canonical\" href=\"https:\/\/www.esi.it\/es\/investigacion-y-desarrollo\/certificaciones\/\" \/>\n<meta property=\"og:locale\" content=\"es_ES\" \/>\n<meta property=\"og:type\" content=\"article\" \/>\n<meta property=\"og:title\" content=\"Certificaciones - ESI srl\" \/>\n<meta property=\"og:description\" content=\"La calidad ESI est\u00e1 certificada por los mejores organismos de certificaci\u00f3n y [&hellip;]\" \/>\n<meta property=\"og:url\" content=\"https:\/\/www.esi.it\/es\/investigacion-y-desarrollo\/certificaciones\/\" \/>\n<meta property=\"og:site_name\" content=\"ESI srl\" \/>\n<meta property=\"article:publisher\" content=\"https:\/\/www.facebook.com\/esi.italia\" \/>\n<meta property=\"article:modified_time\" content=\"2023-11-07T08:49:47+00:00\" \/>\n<meta name=\"twitter:label1\" content=\"Tiempo de lectura\" \/>\n\t<meta name=\"twitter:data1\" content=\"5 minutos\" \/>\n<script type=\"application\/ld+json\" class=\"yoast-schema-graph\">{\"@context\":\"https:\/\/schema.org\",\"@graph\":[{\"@type\":\"WebPage\",\"@id\":\"https:\/\/www.esi.it\/es\/investigacion-y-desarrollo\/certificaciones\/\",\"url\":\"https:\/\/www.esi.it\/es\/investigacion-y-desarrollo\/certificaciones\/\",\"name\":\"Certificaciones - ESI srl\",\"isPartOf\":{\"@id\":\"https:\/\/www.esi.it\/it\/#website\"},\"datePublished\":\"2016-12-05T11:47:37+00:00\",\"dateModified\":\"2023-11-07T08:49:47+00:00\",\"breadcrumb\":{\"@id\":\"https:\/\/www.esi.it\/es\/investigacion-y-desarrollo\/certificaciones\/#breadcrumb\"},\"inLanguage\":\"es\",\"potentialAction\":[{\"@type\":\"ReadAction\",\"target\":[\"https:\/\/www.esi.it\/es\/investigacion-y-desarrollo\/certificaciones\/\"]}]},{\"@type\":\"BreadcrumbList\",\"@id\":\"https:\/\/www.esi.it\/es\/investigacion-y-desarrollo\/certificaciones\/#breadcrumb\",\"itemListElement\":[{\"@type\":\"ListItem\",\"position\":1,\"name\":\"Investigaci\u00f3n y desarrollo\",\"item\":\"https:\/\/www.esi.it\/es\/investigacion-y-desarrollo\/\"},{\"@type\":\"ListItem\",\"position\":2,\"name\":\"Certificaciones\"}]},{\"@type\":\"WebSite\",\"@id\":\"https:\/\/www.esi.it\/it\/#website\",\"url\":\"https:\/\/www.esi.it\/it\/\",\"name\":\"ESI srl\",\"description\":\"ESI dal 1975 leader in Italia e nel Mondo nel settore del benessere naturale\",\"publisher\":{\"@id\":\"https:\/\/www.esi.it\/it\/#organization\"},\"potentialAction\":[{\"@type\":\"SearchAction\",\"target\":{\"@type\":\"EntryPoint\",\"urlTemplate\":\"https:\/\/www.esi.it\/it\/?s={search_term_string}\"},\"query-input\":\"required name=search_term_string\"}],\"inLanguage\":\"es\"},{\"@type\":\"Organization\",\"@id\":\"https:\/\/www.esi.it\/it\/#organization\",\"name\":\"ESI Srl\",\"alternateName\":\"ESI\",\"url\":\"https:\/\/www.esi.it\/it\/\",\"logo\":{\"@type\":\"ImageObject\",\"inLanguage\":\"es\",\"@id\":\"https:\/\/www.esi.it\/it\/#\/schema\/logo\/image\/\",\"url\":\"https:\/\/www.esi.it\/wp-content\/uploads\/2025\/05\/esi-logo.jpg\",\"contentUrl\":\"https:\/\/www.esi.it\/wp-content\/uploads\/2025\/05\/esi-logo.jpg\",\"width\":300,\"height\":300,\"caption\":\"ESI Srl\"},\"image\":{\"@id\":\"https:\/\/www.esi.it\/it\/#\/schema\/logo\/image\/\"},\"sameAs\":[\"https:\/\/www.facebook.com\/esi.italia\",\"http:\/\/www.instagram.com\/esi.italia\",\"https:\/\/www.youtube.com\/user\/ESIBenessereNaturale\"]}]}<\/script>\n<!-- \/ Yoast SEO plugin. -->","yoast_head_json":{"title":"Certificaciones - ESI srl","robots":{"index":"index","follow":"follow","max-snippet":"max-snippet:-1","max-image-preview":"max-image-preview:large","max-video-preview":"max-video-preview:-1"},"canonical":"https:\/\/www.esi.it\/es\/investigacion-y-desarrollo\/certificaciones\/","og_locale":"es_ES","og_type":"article","og_title":"Certificaciones - ESI srl","og_description":"La calidad ESI est\u00e1 certificada por los mejores organismos de certificaci\u00f3n y [&hellip;]","og_url":"https:\/\/www.esi.it\/es\/investigacion-y-desarrollo\/certificaciones\/","og_site_name":"ESI srl","article_publisher":"https:\/\/www.facebook.com\/esi.italia","article_modified_time":"2023-11-07T08:49:47+00:00","twitter_misc":{"Tiempo de lectura":"5 minutos"},"schema":{"@context":"https:\/\/schema.org","@graph":[{"@type":"WebPage","@id":"https:\/\/www.esi.it\/es\/investigacion-y-desarrollo\/certificaciones\/","url":"https:\/\/www.esi.it\/es\/investigacion-y-desarrollo\/certificaciones\/","name":"Certificaciones - ESI srl","isPartOf":{"@id":"https:\/\/www.esi.it\/it\/#website"},"datePublished":"2016-12-05T11:47:37+00:00","dateModified":"2023-11-07T08:49:47+00:00","breadcrumb":{"@id":"https:\/\/www.esi.it\/es\/investigacion-y-desarrollo\/certificaciones\/#breadcrumb"},"inLanguage":"es","potentialAction":[{"@type":"ReadAction","target":["https:\/\/www.esi.it\/es\/investigacion-y-desarrollo\/certificaciones\/"]}]},{"@type":"BreadcrumbList","@id":"https:\/\/www.esi.it\/es\/investigacion-y-desarrollo\/certificaciones\/#breadcrumb","itemListElement":[{"@type":"ListItem","position":1,"name":"Investigaci\u00f3n y desarrollo","item":"https:\/\/www.esi.it\/es\/investigacion-y-desarrollo\/"},{"@type":"ListItem","position":2,"name":"Certificaciones"}]},{"@type":"WebSite","@id":"https:\/\/www.esi.it\/it\/#website","url":"https:\/\/www.esi.it\/it\/","name":"ESI srl","description":"ESI dal 1975 leader in Italia e nel Mondo nel settore del benessere naturale","publisher":{"@id":"https:\/\/www.esi.it\/it\/#organization"},"potentialAction":[{"@type":"SearchAction","target":{"@type":"EntryPoint","urlTemplate":"https:\/\/www.esi.it\/it\/?s={search_term_string}"},"query-input":"required name=search_term_string"}],"inLanguage":"es"},{"@type":"Organization","@id":"https:\/\/www.esi.it\/it\/#organization","name":"ESI Srl","alternateName":"ESI","url":"https:\/\/www.esi.it\/it\/","logo":{"@type":"ImageObject","inLanguage":"es","@id":"https:\/\/www.esi.it\/it\/#\/schema\/logo\/image\/","url":"https:\/\/www.esi.it\/wp-content\/uploads\/2025\/05\/esi-logo.jpg","contentUrl":"https:\/\/www.esi.it\/wp-content\/uploads\/2025\/05\/esi-logo.jpg","width":300,"height":300,"caption":"ESI Srl"},"image":{"@id":"https:\/\/www.esi.it\/it\/#\/schema\/logo\/image\/"},"sameAs":["https:\/\/www.facebook.com\/esi.italia","http:\/\/www.instagram.com\/esi.italia","https:\/\/www.youtube.com\/user\/ESIBenessereNaturale"]}]}},"publishpress_future_action":{"enabled":false,"date":"2026-05-05 11:42:33","action":"draft","terms":[],"taxonomy":"translation_priority"},"_links":{"self":[{"href":"https:\/\/www.esi.it\/es\/wp-json\/wp\/v2\/pages\/7770"}],"collection":[{"href":"https:\/\/www.esi.it\/es\/wp-json\/wp\/v2\/pages"}],"about":[{"href":"https:\/\/www.esi.it\/es\/wp-json\/wp\/v2\/types\/page"}],"author":[{"embeddable":true,"href":"https:\/\/www.esi.it\/es\/wp-json\/wp\/v2\/users\/7"}],"replies":[{"embeddable":true,"href":"https:\/\/www.esi.it\/es\/wp-json\/wp\/v2\/comments?post=7770"}],"version-history":[{"count":0,"href":"https:\/\/www.esi.it\/es\/wp-json\/wp\/v2\/pages\/7770\/revisions"}],"up":[{"embeddable":true,"href":"https:\/\/www.esi.it\/es\/wp-json\/wp\/v2\/pages\/7766"}],"wp:attachment":[{"href":"https:\/\/www.esi.it\/es\/wp-json\/wp\/v2\/media?parent=7770"}],"curies":[{"name":"wp","href":"https:\/\/api.w.org\/{rel}","templated":true}]}}