{"id":7756,"date":"2016-12-05T12:32:29","date_gmt":"2016-12-05T11:32:29","guid":{"rendered":"https:\/\/www.esi.it\/es\/?page_id=7756"},"modified":"2016-12-05T12:32:29","modified_gmt":"2016-12-05T11:32:29","slug":"direccion-comercial","status":"publish","type":"page","link":"https:\/\/www.esi.it\/es\/azienda-esi\/direccion-comercial\/","title":{"rendered":"Direcci\u00f3n comercial"},"content":{"rendered":"<p>Una eficiente estructura: exteriormente, se extiende por toda Italia, con 75 agentes y jefes de \u00e1rea; interiormente, organizada en las actividades de base para ofrecer precisi\u00f3n y seriedad a los partner comerciales.<\/p>\n<p>&nbsp;<\/p>\n<p><strong>La red de ventas.<\/strong> 75 agentes y jefes de \u00e1rea subdivididos en 2 organizaciones distintas: una dedicada a las herborister\u00edas y una dedicada a las farmacias y parafarmacias. En cada canal de venta, personal especializado y sensible a las diversas exigencias.<\/p>\n<p>&nbsp;<\/p>\n<p><strong>La estructura interna. <\/strong> Personal competente dedicado a todas las actividades de base, desde la recepci\u00f3n y gesti\u00f3n de los pedidos, a la facturaci\u00f3n y env\u00edos. Todo ello gestionado con medios inform\u00e1ticos de vanguardia.<\/p>\n<p>&nbsp;<\/p>\n<p><strong>La oficina gr\u00e1fica. <\/strong> Nuestros empleados especializados en la elaboraci\u00f3n gr\u00e1fica bi- y tri-dimensional se encargan internamente de desarrollar todo el material gr\u00e1fico (cajas, folletos, publicidad, fichas t\u00e9cnicas).<\/p>\n<p>&nbsp;<\/p>\n<p><strong>El Servicio de Asistencia. <\/strong> Personal especializado capaz de responder a todas las preguntas del cliente intermedio y del consumidor final.<\/p>\n<p>&nbsp;<\/p>\n<p><img decoding=\"async\" loading=\"lazy\" class=\"alignnone size-full wp-image-1462\" src=\"https:\/\/www.esi.it\/wp-content\/uploads\/2015\/07\/direzione.jpg\" alt=\"direzione\" width=\"819\" height=\"192\" srcset=\"https:\/\/www.esi.it\/wp-content\/uploads\/2015\/07\/direzione.jpg 819w, https:\/\/www.esi.it\/wp-content\/uploads\/2015\/07\/direzione-280x66.jpg 280w, https:\/\/www.esi.it\/wp-content\/uploads\/2015\/07\/direzione-320x75.jpg 320w\" sizes=\"(max-width: 819px) 100vw, 819px\" \/><\/p>\n","protected":false},"excerpt":{"rendered":"<p>Una eficiente estructura: exteriormente, se extiende por toda Italia, con 75 agentes [&hellip;]<\/p>\n","protected":false},"author":7,"featured_media":0,"parent":7752,"menu_order":0,"comment_status":"closed","ping_status":"open","template":"istitutionals.php","meta":[],"acf":[],"yoast_head":"<!-- This site is optimized with the Yoast SEO plugin v21.1 - https:\/\/yoast.com\/wordpress\/plugins\/seo\/ -->\n<title>Direcci\u00f3n comercial - ESI srl<\/title>\n<meta name=\"robots\" content=\"index, follow, max-snippet:-1, max-image-preview:large, max-video-preview:-1\" \/>\n<link rel=\"canonical\" href=\"https:\/\/www.esi.it\/es\/azienda-esi\/direccion-comercial\/\" \/>\n<meta property=\"og:locale\" content=\"es_ES\" \/>\n<meta property=\"og:type\" content=\"article\" \/>\n<meta property=\"og:title\" content=\"Direcci\u00f3n comercial - ESI srl\" \/>\n<meta property=\"og:description\" content=\"Una eficiente estructura: exteriormente, se extiende por toda Italia, con 75 agentes [&hellip;]\" \/>\n<meta property=\"og:url\" content=\"https:\/\/www.esi.it\/es\/azienda-esi\/direccion-comercial\/\" \/>\n<meta property=\"og:site_name\" content=\"ESI srl\" \/>\n<meta property=\"article:publisher\" content=\"https:\/\/www.facebook.com\/esi.italia\" \/>\n<meta property=\"og:image\" content=\"https:\/\/www.esi.it\/wp-content\/uploads\/2015\/07\/direzione.jpg\" \/>\n<meta name=\"twitter:label1\" content=\"Tiempo de lectura\" \/>\n\t<meta name=\"twitter:data1\" content=\"1 minuto\" \/>\n<script type=\"application\/ld+json\" class=\"yoast-schema-graph\">{\"@context\":\"https:\/\/schema.org\",\"@graph\":[{\"@type\":\"WebPage\",\"@id\":\"https:\/\/www.esi.it\/es\/azienda-esi\/direccion-comercial\/\",\"url\":\"https:\/\/www.esi.it\/es\/azienda-esi\/direccion-comercial\/\",\"name\":\"Direcci\u00f3n comercial - ESI srl\",\"isPartOf\":{\"@id\":\"https:\/\/www.esi.it\/it\/#website\"},\"datePublished\":\"2016-12-05T11:32:29+00:00\",\"dateModified\":\"2016-12-05T11:32:29+00:00\",\"breadcrumb\":{\"@id\":\"https:\/\/www.esi.it\/es\/azienda-esi\/direccion-comercial\/#breadcrumb\"},\"inLanguage\":\"es\",\"potentialAction\":[{\"@type\":\"ReadAction\",\"target\":[\"https:\/\/www.esi.it\/es\/azienda-esi\/direccion-comercial\/\"]}]},{\"@type\":\"BreadcrumbList\",\"@id\":\"https:\/\/www.esi.it\/es\/azienda-esi\/direccion-comercial\/#breadcrumb\",\"itemListElement\":[{\"@type\":\"ListItem\",\"position\":1,\"name\":\"Empresa\",\"item\":\"https:\/\/www.esi.it\/es\/azienda-esi\/\"},{\"@type\":\"ListItem\",\"position\":2,\"name\":\"Direcci\u00f3n comercial\"}]},{\"@type\":\"WebSite\",\"@id\":\"https:\/\/www.esi.it\/it\/#website\",\"url\":\"https:\/\/www.esi.it\/it\/\",\"name\":\"ESI srl\",\"description\":\"ESI dal 1975 leader in Italia e nel Mondo nel settore del benessere naturale\",\"publisher\":{\"@id\":\"https:\/\/www.esi.it\/it\/#organization\"},\"potentialAction\":[{\"@type\":\"SearchAction\",\"target\":{\"@type\":\"EntryPoint\",\"urlTemplate\":\"https:\/\/www.esi.it\/it\/?s={search_term_string}\"},\"query-input\":\"required name=search_term_string\"}],\"inLanguage\":\"es\"},{\"@type\":\"Organization\",\"@id\":\"https:\/\/www.esi.it\/it\/#organization\",\"name\":\"ESI Srl\",\"alternateName\":\"ESI\",\"url\":\"https:\/\/www.esi.it\/it\/\",\"logo\":{\"@type\":\"ImageObject\",\"inLanguage\":\"es\",\"@id\":\"https:\/\/www.esi.it\/it\/#\/schema\/logo\/image\/\",\"url\":\"https:\/\/www.esi.it\/wp-content\/uploads\/2025\/05\/esi-logo.jpg\",\"contentUrl\":\"https:\/\/www.esi.it\/wp-content\/uploads\/2025\/05\/esi-logo.jpg\",\"width\":300,\"height\":300,\"caption\":\"ESI Srl\"},\"image\":{\"@id\":\"https:\/\/www.esi.it\/it\/#\/schema\/logo\/image\/\"},\"sameAs\":[\"https:\/\/www.facebook.com\/esi.italia\",\"http:\/\/www.instagram.com\/esi.italia\",\"https:\/\/www.youtube.com\/user\/ESIBenessereNaturale\"]}]}<\/script>\n<!-- \/ Yoast SEO plugin. -->","yoast_head_json":{"title":"Direcci\u00f3n comercial - ESI srl","robots":{"index":"index","follow":"follow","max-snippet":"max-snippet:-1","max-image-preview":"max-image-preview:large","max-video-preview":"max-video-preview:-1"},"canonical":"https:\/\/www.esi.it\/es\/azienda-esi\/direccion-comercial\/","og_locale":"es_ES","og_type":"article","og_title":"Direcci\u00f3n comercial - ESI srl","og_description":"Una eficiente estructura: exteriormente, se extiende por toda Italia, con 75 agentes [&hellip;]","og_url":"https:\/\/www.esi.it\/es\/azienda-esi\/direccion-comercial\/","og_site_name":"ESI srl","article_publisher":"https:\/\/www.facebook.com\/esi.italia","og_image":[{"url":"https:\/\/www.esi.it\/wp-content\/uploads\/2015\/07\/direzione.jpg"}],"twitter_misc":{"Tiempo de lectura":"1 minuto"},"schema":{"@context":"https:\/\/schema.org","@graph":[{"@type":"WebPage","@id":"https:\/\/www.esi.it\/es\/azienda-esi\/direccion-comercial\/","url":"https:\/\/www.esi.it\/es\/azienda-esi\/direccion-comercial\/","name":"Direcci\u00f3n comercial - ESI srl","isPartOf":{"@id":"https:\/\/www.esi.it\/it\/#website"},"datePublished":"2016-12-05T11:32:29+00:00","dateModified":"2016-12-05T11:32:29+00:00","breadcrumb":{"@id":"https:\/\/www.esi.it\/es\/azienda-esi\/direccion-comercial\/#breadcrumb"},"inLanguage":"es","potentialAction":[{"@type":"ReadAction","target":["https:\/\/www.esi.it\/es\/azienda-esi\/direccion-comercial\/"]}]},{"@type":"BreadcrumbList","@id":"https:\/\/www.esi.it\/es\/azienda-esi\/direccion-comercial\/#breadcrumb","itemListElement":[{"@type":"ListItem","position":1,"name":"Empresa","item":"https:\/\/www.esi.it\/es\/azienda-esi\/"},{"@type":"ListItem","position":2,"name":"Direcci\u00f3n comercial"}]},{"@type":"WebSite","@id":"https:\/\/www.esi.it\/it\/#website","url":"https:\/\/www.esi.it\/it\/","name":"ESI srl","description":"ESI dal 1975 leader in Italia e nel Mondo nel settore del benessere naturale","publisher":{"@id":"https:\/\/www.esi.it\/it\/#organization"},"potentialAction":[{"@type":"SearchAction","target":{"@type":"EntryPoint","urlTemplate":"https:\/\/www.esi.it\/it\/?s={search_term_string}"},"query-input":"required name=search_term_string"}],"inLanguage":"es"},{"@type":"Organization","@id":"https:\/\/www.esi.it\/it\/#organization","name":"ESI Srl","alternateName":"ESI","url":"https:\/\/www.esi.it\/it\/","logo":{"@type":"ImageObject","inLanguage":"es","@id":"https:\/\/www.esi.it\/it\/#\/schema\/logo\/image\/","url":"https:\/\/www.esi.it\/wp-content\/uploads\/2025\/05\/esi-logo.jpg","contentUrl":"https:\/\/www.esi.it\/wp-content\/uploads\/2025\/05\/esi-logo.jpg","width":300,"height":300,"caption":"ESI Srl"},"image":{"@id":"https:\/\/www.esi.it\/it\/#\/schema\/logo\/image\/"},"sameAs":["https:\/\/www.facebook.com\/esi.italia","http:\/\/www.instagram.com\/esi.italia","https:\/\/www.youtube.com\/user\/ESIBenessereNaturale"]}]}},"publishpress_future_action":{"enabled":false,"date":"2026-05-10 11:19:44","action":"draft","terms":[],"taxonomy":"translation_priority"},"_links":{"self":[{"href":"https:\/\/www.esi.it\/es\/wp-json\/wp\/v2\/pages\/7756"}],"collection":[{"href":"https:\/\/www.esi.it\/es\/wp-json\/wp\/v2\/pages"}],"about":[{"href":"https:\/\/www.esi.it\/es\/wp-json\/wp\/v2\/types\/page"}],"author":[{"embeddable":true,"href":"https:\/\/www.esi.it\/es\/wp-json\/wp\/v2\/users\/7"}],"replies":[{"embeddable":true,"href":"https:\/\/www.esi.it\/es\/wp-json\/wp\/v2\/comments?post=7756"}],"version-history":[{"count":0,"href":"https:\/\/www.esi.it\/es\/wp-json\/wp\/v2\/pages\/7756\/revisions"}],"up":[{"embeddable":true,"href":"https:\/\/www.esi.it\/es\/wp-json\/wp\/v2\/pages\/7752"}],"wp:attachment":[{"href":"https:\/\/www.esi.it\/es\/wp-json\/wp\/v2\/media?parent=7756"}],"curies":[{"name":"wp","href":"https:\/\/api.w.org\/{rel}","templated":true}]}}