{"id":20118,"date":"2019-07-09T17:12:01","date_gmt":"2019-07-09T15:12:01","guid":{"rendered":"https:\/\/www.esi.it\/empresa\/sostenibilita\/"},"modified":"2024-12-19T12:19:19","modified_gmt":"2024-12-19T11:19:19","slug":"sostenibilidad","status":"publish","type":"page","link":"https:\/\/www.esi.it\/es\/sostenibilidad\/","title":{"rendered":"Sostenibilidad"},"content":{"rendered":"\n<div class=\"is-layout-constrained wp-block-group container\"><div class=\"wp-block-group__inner-container\">\n<div class=\"is-layout-flex wp-container-2 wp-block-columns\">\n<div class=\"is-layout-flow wp-block-column\">\n<p><img decoding=\"async\" loading=\"lazy\" class=\"alignnone wp-image-20222 size-full\" src=\"https:\/\/www.esi.it\/wp-content\/uploads\/2021\/10\/testata-sostenibilita-Multi-lingue-SP.jpg\" alt=\"sostenibilit\u00e0 ES\" width=\"764\" height=\"356\" srcset=\"https:\/\/www.esi.it\/wp-content\/uploads\/2021\/10\/testata-sostenibilita-Multi-lingue-SP.jpg 764w, https:\/\/www.esi.it\/wp-content\/uploads\/2021\/10\/testata-sostenibilita-Multi-lingue-SP-280x130.jpg 280w, https:\/\/www.esi.it\/wp-content\/uploads\/2021\/10\/testata-sostenibilita-Multi-lingue-SP-320x149.jpg 320w\" sizes=\"(max-width: 764px) 100vw, 764px\" \/><\/p>\n<p><strong>La sostenibilidad<\/strong> es por definici\u00f3n <strong>\u201cel derecho a vivir, producir y consumir libremente sin comprometer el derecho de las generaciones futuras a vivir, consumir y producir de la misma manera\u201d<\/strong>.<\/p>\n<p>ESI<strong><sup>\u00ae<\/sup><\/strong>\u00a0ha hecho suyo este concepto tan importante y ha decidido asumir un papel activo, encaminado a proteger el medio ambiente y reducir el uso de materiales contaminantes como, por ejemplo, el pl\u00e1stico. Cambiar sus propios procedimientos y h\u00e1bitos representa un camino muy largo y en ocasiones complejo para todos, tanto en la vida privada como en la vida de una empresa.<\/p>\n<p><strong>El camino de ESI<sup>\u00ae<\/sup> hacia la sostenibilidad<\/strong> implica muchos pasos; algunos ya se han hecho, muchos otros a\u00fan quedan por hacer.<\/p>\n<p>Algunos ejemplos, de cosas peque\u00f1as a grandes:<\/p>\n<table class=\"sostenibilita\">\n<tbody>\n<tr>\n<td><img decoding=\"async\" loading=\"lazy\" class=\"alignnone wp-image-12527\" src=\"https:\/\/www.esi.it\/wp-content\/uploads\/2019\/07\/icon01.jpg\" alt=\"\" width=\"66\" height=\"66\" \/><\/td>\n<td>\n<p>eliminaci\u00f3n de vasos y cucharaditas de pl\u00e1stico;<\/p>\n<\/td>\n<\/tr>\n<tr>\n<td><img decoding=\"async\" loading=\"lazy\" class=\"alignnone wp-image-12528\" src=\"https:\/\/www.esi.it\/wp-content\/uploads\/2019\/07\/icon02.jpg\" alt=\"\" width=\"66\" height=\"66\" \/><\/td>\n<td>\n<p>eliminaci\u00f3n de monodosis de pl\u00e1stico para caf\u00e9;<\/p>\n<\/td>\n<\/tr>\n<tr>\n<td><img decoding=\"async\" loading=\"lazy\" class=\"alignnone wp-image-12529\" src=\"https:\/\/www.esi.it\/wp-content\/uploads\/2019\/07\/icon03.jpg\" alt=\"\" width=\"66\" height=\"66\" \/><\/td>\n<td>\n<p>eliminaci\u00f3n de botellas de agua de pl\u00e1stico;<\/p>\n<\/td>\n<\/tr>\n<tr>\n<td><img decoding=\"async\" loading=\"lazy\" class=\"alignnone wp-image-12530\" src=\"https:\/\/www.esi.it\/wp-content\/uploads\/2019\/07\/icon04.jpg\" alt=\"\" width=\"66\" height=\"66\" \/><\/td>\n<td>\n<p>uso de papel y cart\u00f3n FSC<sup>\u00ae<\/sup>;<\/p>\n<\/td>\n<\/tr>\n<tr>\n<td><img decoding=\"async\" loading=\"lazy\" class=\"alignnone wp-image-12531\" src=\"https:\/\/www.esi.it\/wp-content\/uploads\/2019\/07\/icon05.jpg\" alt=\"\" width=\"66\" height=\"66\" \/><\/td>\n<td>\n<p>reducci\u00f3n del uso de papel plastificado en el material promocional;<\/p>\n<\/td>\n<\/tr>\n<tr>\n<td><img decoding=\"async\" loading=\"lazy\" class=\"alignnone wp-image-12532\" src=\"https:\/\/www.esi.it\/wp-content\/uploads\/2019\/07\/icon06.jpg\" alt=\"\" width=\"66\" height=\"66\" \/><\/td>\n<td>\n<p>gesti\u00f3n totalmente informatizada de los pedidos de nuestros clientes, con un considerable ahorro de papel;<\/p>\n<\/td>\n<\/tr>\n<tr>\n<td><img decoding=\"async\" loading=\"lazy\" class=\"alignnone wp-image-12533\" src=\"https:\/\/www.esi.it\/wp-content\/uploads\/2019\/07\/icon07.jpg\" alt=\"\" width=\"66\" height=\"66\" \/><\/td>\n<td>\n<p>uso, en los procesos de producci\u00f3n, de energ\u00eda certificada como proveniente 100% de fuentes renovables;<\/p>\n<\/td>\n<\/tr>\n<tr>\n<td><img decoding=\"async\" loading=\"lazy\" class=\"alignnone wp-image-12534\" src=\"https:\/\/www.esi.it\/wp-content\/uploads\/2019\/07\/icon08.jpg\" alt=\"\" width=\"66\" height=\"66\" \/><\/td>\n<td>\n<p>reemplazo de las bolsas inflables con material de papel en los paquetes;<\/p>\n<\/td>\n<\/tr>\n<tr>\n<td><img decoding=\"async\" loading=\"lazy\" class=\"alignnone wp-image-12535\" src=\"https:\/\/www.esi.it\/wp-content\/uploads\/2019\/07\/icon09.jpg\" alt=\"\" width=\"66\" height=\"66\" \/><\/td>\n<td>\n<p>sustituci\u00f3n de la cinta adhesiva plastificada \u00abclose packs\u00bb por cinta de papel.<\/p>\n<\/td>\n<\/tr>\n<tr>\n<td><img decoding=\"async\" loading=\"lazy\" class=\"wp-image-20132  aligncenter\" src=\"https:\/\/www.esi.it\/wp-content\/uploads\/2021\/10\/icona-auto-ibrida-ESI-verde-280x244.png\" alt=\"\" width=\"40\" height=\"35\" srcset=\"https:\/\/www.esi.it\/wp-content\/uploads\/2021\/10\/icona-auto-ibrida-ESI-verde-280x244.png 280w, https:\/\/www.esi.it\/wp-content\/uploads\/2021\/10\/icona-auto-ibrida-ESI-verde-320x279.png 320w, https:\/\/www.esi.it\/wp-content\/uploads\/2021\/10\/icona-auto-ibrida-ESI-verde.png 472w\" sizes=\"(max-width: 40px) 100vw, 40px\" \/><\/td>\n<td>\n<p>sustituci\u00f3n gradual de veh\u00edculos con motor de combusti\u00f3n interna por veh\u00edculos h\u00edbridos.<\/p>\n<\/td>\n<\/tr>\n<\/tbody>\n<\/table>\n<p style=\"color: #228660; font-size: 20px!important;\">Con la ayuda de todos, \u00a1ser\u00e1 un camino lleno de satisfacci\u00f3n!<\/p>\n<\/div>\n<\/div>\n<\/div><\/div>\n","protected":false},"excerpt":{"rendered":"<p>La sostenibilidad es por definici\u00f3n \u201cel derecho a vivir, producir y consumir [&hellip;]<\/p>\n","protected":false},"author":7,"featured_media":28659,"parent":0,"menu_order":0,"comment_status":"closed","ping_status":"closed","template":"sostenibilita.php","meta":[],"acf":[],"yoast_head":"<!-- This site is optimized with the Yoast SEO plugin v21.1 - https:\/\/yoast.com\/wordpress\/plugins\/seo\/ -->\n<title>La sostenibilit\u00e0 e salvaguardia dell&#039;ambiente - ESI srl<\/title>\n<meta name=\"description\" content=\"ESI ha assunto un ruolo attivo nella sostenibilit\u00e0 e salvaguardia dell&#039;ambiente, riducendo l&#039;uso di materiali inquinanti.\" \/>\n<meta name=\"robots\" content=\"index, follow, max-snippet:-1, max-image-preview:large, max-video-preview:-1\" \/>\n<link rel=\"canonical\" href=\"https:\/\/www.esi.it\/es\/sostenibilidad\/\" \/>\n<meta property=\"og:locale\" content=\"es_ES\" \/>\n<meta property=\"og:type\" content=\"article\" \/>\n<meta property=\"og:title\" content=\"La sostenibilit\u00e0 e salvaguardia dell&#039;ambiente - ESI srl\" \/>\n<meta property=\"og:description\" content=\"ESI ha assunto un ruolo attivo nella sostenibilit\u00e0 e salvaguardia dell&#039;ambiente, riducendo l&#039;uso di materiali inquinanti.\" \/>\n<meta property=\"og:url\" content=\"https:\/\/www.esi.it\/es\/sostenibilidad\/\" \/>\n<meta property=\"og:site_name\" content=\"ESI srl\" \/>\n<meta property=\"article:publisher\" content=\"https:\/\/www.facebook.com\/esi.italia\" \/>\n<meta property=\"article:modified_time\" content=\"2024-12-19T11:19:19+00:00\" \/>\n<meta property=\"og:image\" content=\"https:\/\/www.esi.it\/wp-content\/uploads\/2024\/02\/testata-sostenibilita-DESKTOP-scaled-2.jpg\" \/>\n\t<meta property=\"og:image:width\" content=\"2560\" \/>\n\t<meta property=\"og:image:height\" content=\"867\" \/>\n\t<meta property=\"og:image:type\" content=\"image\/jpeg\" \/>\n<meta name=\"twitter:label1\" content=\"Tiempo de lectura\" \/>\n\t<meta name=\"twitter:data1\" content=\"4 minutos\" \/>\n<script type=\"application\/ld+json\" class=\"yoast-schema-graph\">{\"@context\":\"https:\/\/schema.org\",\"@graph\":[{\"@type\":\"WebPage\",\"@id\":\"https:\/\/www.esi.it\/es\/sostenibilidad\/\",\"url\":\"https:\/\/www.esi.it\/es\/sostenibilidad\/\",\"name\":\"La sostenibilit\u00e0 e salvaguardia dell'ambiente - ESI srl\",\"isPartOf\":{\"@id\":\"https:\/\/www.esi.it\/it\/#website\"},\"datePublished\":\"2019-07-09T15:12:01+00:00\",\"dateModified\":\"2024-12-19T11:19:19+00:00\",\"description\":\"ESI ha assunto un ruolo attivo nella sostenibilit\u00e0 e salvaguardia dell'ambiente, riducendo l'uso di materiali inquinanti.\",\"inLanguage\":\"es\",\"potentialAction\":[{\"@type\":\"ReadAction\",\"target\":[\"https:\/\/www.esi.it\/es\/sostenibilidad\/\"]}]},{\"@type\":\"WebSite\",\"@id\":\"https:\/\/www.esi.it\/it\/#website\",\"url\":\"https:\/\/www.esi.it\/it\/\",\"name\":\"ESI srl\",\"description\":\"ESI dal 1975 leader in Italia e nel Mondo nel settore del benessere naturale\",\"publisher\":{\"@id\":\"https:\/\/www.esi.it\/it\/#organization\"},\"potentialAction\":[{\"@type\":\"SearchAction\",\"target\":{\"@type\":\"EntryPoint\",\"urlTemplate\":\"https:\/\/www.esi.it\/it\/?s={search_term_string}\"},\"query-input\":\"required name=search_term_string\"}],\"inLanguage\":\"es\"},{\"@type\":\"Organization\",\"@id\":\"https:\/\/www.esi.it\/it\/#organization\",\"name\":\"ESI Srl\",\"alternateName\":\"ESI\",\"url\":\"https:\/\/www.esi.it\/it\/\",\"logo\":{\"@type\":\"ImageObject\",\"inLanguage\":\"es\",\"@id\":\"https:\/\/www.esi.it\/it\/#\/schema\/logo\/image\/\",\"url\":\"https:\/\/www.esi.it\/wp-content\/uploads\/2025\/05\/esi-logo.jpg\",\"contentUrl\":\"https:\/\/www.esi.it\/wp-content\/uploads\/2025\/05\/esi-logo.jpg\",\"width\":300,\"height\":300,\"caption\":\"ESI Srl\"},\"image\":{\"@id\":\"https:\/\/www.esi.it\/it\/#\/schema\/logo\/image\/\"},\"sameAs\":[\"https:\/\/www.facebook.com\/esi.italia\",\"http:\/\/www.instagram.com\/esi.italia\",\"https:\/\/www.youtube.com\/user\/ESIBenessereNaturale\"]}]}<\/script>\n<!-- \/ Yoast SEO plugin. -->","yoast_head_json":{"title":"La sostenibilit\u00e0 e salvaguardia dell'ambiente - ESI srl","description":"ESI ha assunto un ruolo attivo nella sostenibilit\u00e0 e salvaguardia dell'ambiente, riducendo l'uso di materiali inquinanti.","robots":{"index":"index","follow":"follow","max-snippet":"max-snippet:-1","max-image-preview":"max-image-preview:large","max-video-preview":"max-video-preview:-1"},"canonical":"https:\/\/www.esi.it\/es\/sostenibilidad\/","og_locale":"es_ES","og_type":"article","og_title":"La sostenibilit\u00e0 e salvaguardia dell'ambiente - ESI srl","og_description":"ESI ha assunto un ruolo attivo nella sostenibilit\u00e0 e salvaguardia dell'ambiente, riducendo l'uso di materiali inquinanti.","og_url":"https:\/\/www.esi.it\/es\/sostenibilidad\/","og_site_name":"ESI srl","article_publisher":"https:\/\/www.facebook.com\/esi.italia","article_modified_time":"2024-12-19T11:19:19+00:00","og_image":[{"width":2560,"height":867,"url":"https:\/\/www.esi.it\/wp-content\/uploads\/2024\/02\/testata-sostenibilita-DESKTOP-scaled-2.jpg","type":"image\/jpeg"}],"twitter_misc":{"Tiempo de lectura":"4 minutos"},"schema":{"@context":"https:\/\/schema.org","@graph":[{"@type":"WebPage","@id":"https:\/\/www.esi.it\/es\/sostenibilidad\/","url":"https:\/\/www.esi.it\/es\/sostenibilidad\/","name":"La sostenibilit\u00e0 e salvaguardia dell'ambiente - ESI srl","isPartOf":{"@id":"https:\/\/www.esi.it\/it\/#website"},"datePublished":"2019-07-09T15:12:01+00:00","dateModified":"2024-12-19T11:19:19+00:00","description":"ESI ha assunto un ruolo attivo nella sostenibilit\u00e0 e salvaguardia dell'ambiente, riducendo l'uso di materiali inquinanti.","inLanguage":"es","potentialAction":[{"@type":"ReadAction","target":["https:\/\/www.esi.it\/es\/sostenibilidad\/"]}]},{"@type":"WebSite","@id":"https:\/\/www.esi.it\/it\/#website","url":"https:\/\/www.esi.it\/it\/","name":"ESI srl","description":"ESI dal 1975 leader in Italia e nel Mondo nel settore del benessere naturale","publisher":{"@id":"https:\/\/www.esi.it\/it\/#organization"},"potentialAction":[{"@type":"SearchAction","target":{"@type":"EntryPoint","urlTemplate":"https:\/\/www.esi.it\/it\/?s={search_term_string}"},"query-input":"required name=search_term_string"}],"inLanguage":"es"},{"@type":"Organization","@id":"https:\/\/www.esi.it\/it\/#organization","name":"ESI Srl","alternateName":"ESI","url":"https:\/\/www.esi.it\/it\/","logo":{"@type":"ImageObject","inLanguage":"es","@id":"https:\/\/www.esi.it\/it\/#\/schema\/logo\/image\/","url":"https:\/\/www.esi.it\/wp-content\/uploads\/2025\/05\/esi-logo.jpg","contentUrl":"https:\/\/www.esi.it\/wp-content\/uploads\/2025\/05\/esi-logo.jpg","width":300,"height":300,"caption":"ESI Srl"},"image":{"@id":"https:\/\/www.esi.it\/it\/#\/schema\/logo\/image\/"},"sameAs":["https:\/\/www.facebook.com\/esi.italia","http:\/\/www.instagram.com\/esi.italia","https:\/\/www.youtube.com\/user\/ESIBenessereNaturale"]}]}},"publishpress_future_action":{"enabled":false,"date":"2026-04-13 06:36:06","action":"draft","terms":[],"taxonomy":"translation_priority"},"_links":{"self":[{"href":"https:\/\/www.esi.it\/es\/wp-json\/wp\/v2\/pages\/20118"}],"collection":[{"href":"https:\/\/www.esi.it\/es\/wp-json\/wp\/v2\/pages"}],"about":[{"href":"https:\/\/www.esi.it\/es\/wp-json\/wp\/v2\/types\/page"}],"author":[{"embeddable":true,"href":"https:\/\/www.esi.it\/es\/wp-json\/wp\/v2\/users\/7"}],"replies":[{"embeddable":true,"href":"https:\/\/www.esi.it\/es\/wp-json\/wp\/v2\/comments?post=20118"}],"version-history":[{"count":0,"href":"https:\/\/www.esi.it\/es\/wp-json\/wp\/v2\/pages\/20118\/revisions"}],"wp:featuredmedia":[{"embeddable":true,"href":"https:\/\/www.esi.it\/es\/wp-json\/wp\/v2\/media\/28659"}],"wp:attachment":[{"href":"https:\/\/www.esi.it\/es\/wp-json\/wp\/v2\/media?parent=20118"}],"curies":[{"name":"wp","href":"https:\/\/api.w.org\/{rel}","templated":true}]}}